{"id":2552,"date":"2025-08-04T10:36:53","date_gmt":"2025-08-04T10:36:53","guid":{"rendered":"https:\/\/decomantgroup.com\/?page_id=2552"},"modified":"2025-08-04T16:05:49","modified_gmt":"2025-08-04T16:05:49","slug":"historia-2","status":"publish","type":"page","link":"https:\/\/decomantgroup.com\/ca\/historia-2\/","title":{"rendered":"Hist\u00f2ria"},"content":{"rendered":"<div data-elementor-type=\"wp-page\" data-elementor-id=\"2552\" class=\"elementor elementor-2552\" data-elementor-post-type=\"page\">\n\t\t\t\t<div class=\"elementor-element elementor-element-5163e7e e-flex e-con-boxed e-con e-parent\" data-id=\"5163e7e\" data-element_type=\"container\" data-settings=\"{&quot;background_background&quot;:&quot;classic&quot;}\">\n\t\t\t\t\t<div class=\"e-con-inner\">\n\t\t<div class=\"elementor-element elementor-element-8c6c5c0 e-flex e-con-boxed e-con e-child\" data-id=\"8c6c5c0\" data-element_type=\"container\">\n\t\t\t\t\t<div class=\"e-con-inner\">\n\t\t\t\t<div class=\"elementor-element elementor-element-b7a5eed elementor-widget elementor-widget-heading\" data-id=\"b7a5eed\" data-element_type=\"widget\" data-widget_type=\"heading.default\">\n\t\t\t\t<div class=\"elementor-widget-container\">\n\t\t\t\t\t<h1 class=\"elementor-heading-title elementor-size-default\">Hist\u00f2ria<\/h1>\t\t\t\t<\/div>\n\t\t\t\t<\/div>\n\t\t\t\t<div class=\"elementor-element elementor-element-b0afb71 elementor-widget elementor-widget-heading\" data-id=\"b0afb71\" data-element_type=\"widget\" data-widget_type=\"heading.default\">\n\t\t\t\t<div class=\"elementor-widget-container\">\n\t\t\t\t\t<h4 class=\"elementor-heading-title elementor-size-default\">&quot;Un llarg recorregut al teu costat&quot;<\/h4>\t\t\t\t<\/div>\n\t\t\t\t<\/div>\n\t\t\t\t\t<\/div>\n\t\t\t\t<\/div>\n\t\t\t\t\t<\/div>\n\t\t\t\t<\/div>\n\t\t<div class=\"elementor-element elementor-element-028d099 e-flex e-con-boxed e-con e-parent\" data-id=\"028d099\" data-element_type=\"container\">\n\t\t\t\t\t<div class=\"e-con-inner\">\n\t\t\t\t<div class=\"elementor-element elementor-element-6836e5f ee-timeline-align--center ee-timeline-align-tablet--left ee-timeline-align-mobile--left ee-timeline-cards-align--top ee-timeline-cards-align-tablet--top ee-timeline-cards-align-mobile--top ee-timeline-animate elementor-widget elementor-widget-timeline\" data-id=\"6836e5f\" data-element_type=\"widget\" data-settings=\"{&quot;line_location&quot;:{&quot;unit&quot;:&quot;px&quot;,&quot;size&quot;:50,&quot;sizes&quot;:[]}}\" data-widget_type=\"timeline.default\">\n\t\t\t\t<div class=\"elementor-widget-container\">\n\t\t\t\t\t<section class=\"ee-timeline ee-timeline--vertical\"><div class=\"ee-timeline__line\">\n\t\t\t<div class=\"ee-timeline__line__inner\"><\/div>\n\t\t<\/div><div class=\"elementor-repeater-item-b974851 ee-timeline__item timeline-item\">\n\t\t\t\t<div class=\"timeline-item__point\"><span class=\"ee-icon ee-icon-support--svg ee-timeline__item__icon\"><i aria-hidden=\"true\" class=\"icon icon-tick\"><\/i><\/span><\/div>\n\t\t\t\t<div class=\"timeline-item__card-wrapper\">\n\t\t\t\t\t<div class=\"timeline-item__card\">\n\n\t\t\t\t\t\t<div class=\"timeline-item__content-wrapper\"><div class=\"timeline-item__content\"><!-- meta -->\n\t\t<div class=\"timeline-item__meta meta\">\n\t\t\t\t\t<\/div><div class=\"timeline-item__content__wysiwyg\">\n\t\t\t\t<h2>Grup Decomant<\/h2><p><span style=\"font-weight: 400;\">El Grup Decomant incorpora les empreses Decomant SL (Andorra), Pic Restauraci\u00f3 SLU i Segla Qualitat SL Amb seu a la parr\u00f2quia de la Massana, DECOMANT \u00e9s l&#039;empresa l\u00edder del sector de la higienitzaci\u00f3 i desinfecci\u00f3 de tot tipus de conductes, xemeneies, sistemes de extracci\u00f3 en instal\u00b7lacions industrials o particulars i reformes interiors de cuines i habitatges.<\/span><\/p>\t\t\t<\/div>\n\t\t<\/div><\/div><div class=\"timeline-item__card__arrow\"><\/div><\/div>\n\t\t\t\t<\/div>\n\t\t\t\t<div class=\"timeline-item__meta-wrapper\"><!-- meta -->\n\t\t<div class=\"timeline-item__meta meta timeline-item__meta meta\">\n\t\t\t\t\t<\/div><\/div>\n\t\t\t<\/div><div class=\"elementor-repeater-item-86b11bd ee-timeline__item timeline-item\">\n\t\t\t\t<div class=\"timeline-item__point\"><span class=\"ee-icon ee-icon-support--svg ee-timeline__item__icon\"><i aria-hidden=\"true\" class=\"icon icon-tick\"><\/i><\/span><\/div>\n\t\t\t\t<div class=\"timeline-item__card-wrapper\">\n\t\t\t\t\t<div class=\"timeline-item__card\">\n\n\t\t\t\t\t\t<div class=\"timeline-item__content-wrapper\"><div class=\"timeline-item__content\"><!-- meta -->\n\t\t<div class=\"timeline-item__meta meta\">\n\t\t\t\t\t<\/div><div class=\"timeline-item__content__wysiwyg\">\n\t\t\t\t<h2>Decomant va n\u00e9ixer a Andorra fa m\u00e9s de 30 anys<\/h2>\n<p><span style=\"font-weight: 400;\">Fundadora del grup, es dedica al manteniment i neteja de conductes com a sistemes d&#039;extracci\u00f3 de cuines, xemeneies, sistemes d&#039;aire condicionat i ventilaci\u00f3, sistemes d&#039;extracci\u00f3 de bugaderies, rehabilitaci\u00f3 interior de conductes de fibra, v\u00eddeo inspeccions, etc.<\/span><\/p>\t\t\t<\/div>\n\t\t<\/div><\/div><div class=\"timeline-item__card__arrow\"><\/div><\/div>\n\t\t\t\t<\/div>\n\t\t\t\t<div class=\"timeline-item__meta-wrapper\"><!-- meta -->\n\t\t<div class=\"timeline-item__meta meta timeline-item__meta meta\">\n\t\t\t\t\t<\/div><\/div>\n\t\t\t<\/div><div class=\"elementor-repeater-item-f476343 ee-timeline__item timeline-item\">\n\t\t\t\t<div class=\"timeline-item__point\"><span class=\"ee-icon ee-icon-support--svg ee-timeline__item__icon\"><i aria-hidden=\"true\" class=\"icon icon-tick\"><\/i><\/span><\/div>\n\t\t\t\t<div class=\"timeline-item__card-wrapper\">\n\t\t\t\t\t<div class=\"timeline-item__card\">\n\n\t\t\t\t\t\t<div class=\"timeline-item__content-wrapper\"><div class=\"timeline-item__content\"><!-- meta -->\n\t\t<div class=\"timeline-item__meta meta\">\n\t\t\t\t\t<\/div><div class=\"timeline-item__content__wysiwyg\">\n\t\t\t\t<h2>El 2009 va incorporar Pic Restauraci\u00f3 SLU<\/h2><p><span style=\"font-weight: 400;\">Creada el 2009, complementa els serveis dins de cuines i espais de restauraci\u00f3, hotels, comer\u00e7os i oficines. Les seves activitats inclouen la venda, la reparaci\u00f3 i el manteniment de maquin\u00e0ria d&#039;hostaleria, venda de productes de neteja industrial i projectes integrals de reformes. Disposa de lautoritzaci\u00f3 de la llic\u00e8ncia de manipulaci\u00f3 de subst\u00e0ncies que esgoten la capa doz\u00f3.<\/span><\/p><p>\u00a0<\/p>\t\t\t<\/div>\n\t\t<\/div><\/div><div class=\"timeline-item__card__arrow\"><\/div><\/div>\n\t\t\t\t<\/div>\n\t\t\t\t<div class=\"timeline-item__meta-wrapper\"><!-- meta -->\n\t\t<div class=\"timeline-item__meta meta timeline-item__meta meta\">\n\t\t\t\t\t<\/div><\/div>\n\t\t\t<\/div><div class=\"elementor-repeater-item-c072c36 ee-timeline__item timeline-item\">\n\t\t\t\t<div class=\"timeline-item__point\"><span class=\"ee-icon ee-icon-support--svg ee-timeline__item__icon\"><i aria-hidden=\"true\" class=\"icon icon-tick\"><\/i><\/span><\/div>\n\t\t\t\t<div class=\"timeline-item__card-wrapper\">\n\t\t\t\t\t<div class=\"timeline-item__card\">\n\n\t\t\t\t\t\t<div class=\"timeline-item__content-wrapper\"><div class=\"timeline-item__content\"><!-- meta -->\n\t\t<div class=\"timeline-item__meta meta\">\n\t\t\t\t\t<\/div><div class=\"timeline-item__content__wysiwyg\">\n\t\t\t\t<h2>Posteriorment va crear l&#039;empresa Segla Qualitat SL<\/h2><p><span style=\"font-weight: 400;\">Nascuda de les sinergies entre Segla SL a Barcelona i Decomant SL Andorra, es dedica a la certificaci\u00f3 de qualitat ambiental interior, diagn\u00f2stic i estudis de s\u00edndrome de l&#039;edifici malalt, validaci\u00f3 de quir\u00f2fans i \u00e0rees cr\u00edtiques, i estudis de lipoatr\u00f2fia semicircular relacionada amb els edificis.<\/span><\/p>\t\t\t<\/div>\n\t\t<\/div><\/div><div class=\"timeline-item__card__arrow\"><\/div><\/div>\n\t\t\t\t<\/div>\n\t\t\t\t<div class=\"timeline-item__meta-wrapper\"><!-- meta -->\n\t\t<div class=\"timeline-item__meta meta timeline-item__meta meta\">\n\t\t\t\t\t<\/div><\/div>\n\t\t\t<\/div><div class=\"elementor-repeater-item-254dc8a ee-timeline__item timeline-item\">\n\t\t\t\t<div class=\"timeline-item__point\"><span class=\"ee-icon ee-icon-support--svg ee-timeline__item__icon\"><i aria-hidden=\"true\" class=\"icon icon-tick\"><\/i><\/span><\/div>\n\t\t\t\t<div class=\"timeline-item__card-wrapper\">\n\t\t\t\t\t<div class=\"timeline-item__card\">\n\n\t\t\t\t\t\t<div class=\"timeline-item__content-wrapper\"><div class=\"timeline-item__content\"><!-- meta -->\n\t\t<div class=\"timeline-item__meta meta\">\n\t\t\t\t\t<\/div><div class=\"timeline-item__content__wysiwyg\">\n\t\t\t\t<h2>El 2024 vam incorporar nous serveis per a la teva empresa<\/h2><p><span style=\"font-weight: 400;\">Hem implementat una s\u00e8rie de millores i innovacions a la nostra empresa per oferir-te un servei encara m\u00e9s complet i avan\u00e7at. Sumat a la nostra oferta de serveis per a empreses de diferents sectors, oferim nous serveis de <a href=\"https:\/\/decomantgroup.com\/ca\/monitoritzacio-i-control\/\">Monitoritzaci\u00f3 i control<\/a>, <a href=\"https:\/\/decomantgroup.com\/ca\/assessorament-laboral\/\">Assessorament laboral<\/a> i <a href=\"https:\/\/decomantgroup.com\/ca\/construccio-i-reformes\/\">Contrucci\u00f3 i reformes<\/a>.<\/span><\/p>\t\t\t<\/div>\n\t\t<\/div><\/div><div class=\"timeline-item__card__arrow\"><\/div><\/div>\n\t\t\t\t<\/div>\n\t\t\t\t<div class=\"timeline-item__meta-wrapper\"><!-- meta -->\n\t\t<div class=\"timeline-item__meta meta timeline-item__meta meta\">\n\t\t\t\t\t<\/div><\/div>\n\t\t\t<\/div><div class=\"elementor-repeater-item-cbbf636 ee-timeline__item timeline-item\">\n\t\t\t\t<div class=\"timeline-item__point\"><span class=\"ee-icon ee-icon-support--svg ee-timeline__item__icon\"><i aria-hidden=\"true\" class=\"icon icon-tick\"><\/i><\/span><\/div>\n\t\t\t\t<div class=\"timeline-item__card-wrapper\">\n\t\t\t\t\t<div class=\"timeline-item__card\">\n\n\t\t\t\t\t\t<div class=\"timeline-item__content-wrapper\"><div class=\"timeline-item__content\"><!-- meta -->\n\t\t<div class=\"timeline-item__meta meta\">\n\t\t\t\t\t<\/div><div class=\"timeline-item__content__wysiwyg\">\n\t\t\t\t<h2>Avui som l\u00edders al sector<\/h2>\n<p><span style=\"font-weight: 400;\">Amb m\u00e9s de 30 anys al sector i m\u00e9s de 1.000 projectes realitzats amb \u00e8xit, som l\u00edders al sector. Disposem dels certificats ISO 9001 de Gesti\u00f3 de qualitat i 14001 de Medi Ambient. Som membres d&#039;AAQAI (Associaci\u00f3 Andorrana per a la qualitat ambiental interior) i ADELCA (Associaci\u00f3 D&#039;Empreses d&#039;Electricitat, Lampisteria i Climatitzaci\u00f3 d&#039;Andorra). A m\u00e9s, tamb\u00e9 som membres de la junta d&#039;ASDE (Associaci\u00f3 Espanyola de Deshollinadores).<\/span><\/p>\t\t\t<\/div>\n\t\t<\/div><\/div><div class=\"timeline-item__card__arrow\"><\/div><\/div>\n\t\t\t\t<\/div>\n\t\t\t\t<div class=\"timeline-item__meta-wrapper\"><!-- meta -->\n\t\t<div class=\"timeline-item__meta meta timeline-item__meta meta\">\n\t\t\t\t\t<\/div><\/div>\n\t\t\t<\/div><\/section>\t\t\t\t<\/div>\n\t\t\t\t<\/div>\n\t\t\t\t\t<\/div>\n\t\t\t\t<\/div>\n\t\t<div class=\"elementor-element elementor-element-0c1c46d e-con-full e-flex e-con e-parent\" data-id=\"0c1c46d\" data-element_type=\"container\">\n\t\t<div class=\"elementor-element elementor-element-9e3e1f7 e-flex e-con-boxed e-con e-child\" data-id=\"9e3e1f7\" data-element_type=\"container\" data-settings=\"{&quot;background_background&quot;:&quot;classic&quot;}\">\n\t\t\t\t\t<div class=\"e-con-inner\">\n\t\t<div class=\"elementor-element elementor-element-dfb69a9 e-con-full e-flex elementor-invisible e-con e-child\" data-id=\"dfb69a9\" data-element_type=\"container\" data-settings=\"{&quot;background_background&quot;:&quot;classic&quot;,&quot;animation&quot;:&quot;fadeIn&quot;}\">\n\t\t\t\t<div class=\"elementor-element elementor-element-8e218b9 elementor-widget__width-initial elementor-absolute elementor-invisible elementor-widget elementor-widget-spacer\" data-id=\"8e218b9\" data-element_type=\"widget\" data-settings=\"{&quot;_position&quot;:&quot;absolute&quot;,&quot;_animation&quot;:&quot;fadeInLeft&quot;,&quot;_animation_delay&quot;:300}\" data-widget_type=\"spacer.default\">\n\t\t\t\t<div class=\"elementor-widget-container\">\n\t\t\t\t\t\t\t<div class=\"elementor-spacer\">\n\t\t\t<div class=\"elementor-spacer-inner\"><\/div>\n\t\t<\/div>\n\t\t\t\t\t\t<\/div>\n\t\t\t\t<\/div>\n\t\t\t\t<div class=\"elementor-element elementor-element-d563d70 elementor-widget elementor-widget-heading\" data-id=\"d563d70\" data-element_type=\"widget\" data-widget_type=\"heading.default\">\n\t\t\t\t<div class=\"elementor-widget-container\">\n\t\t\t\t\t<h2 class=\"elementor-heading-title elementor-size-default\">Les vostres preocupacions s\u00f3n les nostres prioritats servei atenci\u00f3 24h els 365 dies de l&#039;any<\/h2>\t\t\t\t<\/div>\n\t\t\t\t<\/div>\n\t\t\t\t<div class=\"elementor-element elementor-element-c59a4b3 elementor-widget__width-initial elementor-absolute elementor-invisible elementor-widget elementor-widget-spacer\" data-id=\"c59a4b3\" data-element_type=\"widget\" data-settings=\"{&quot;_position&quot;:&quot;absolute&quot;,&quot;_animation&quot;:&quot;fadeInUp&quot;,&quot;_animation_delay&quot;:300}\" data-widget_type=\"spacer.default\">\n\t\t\t\t<div class=\"elementor-widget-container\">\n\t\t\t\t\t\t\t<div class=\"elementor-spacer\">\n\t\t\t<div class=\"elementor-spacer-inner\"><\/div>\n\t\t<\/div>\n\t\t\t\t\t\t<\/div>\n\t\t\t\t<\/div>\n\t\t\t\t<div class=\"elementor-element elementor-element-cc0e17b elementor-align-left elementor-widget elementor-widget-button\" data-id=\"cc0e17b\" data-element_type=\"widget\" data-widget_type=\"button.default\">\n\t\t\t\t<div class=\"elementor-widget-container\">\n\t\t\t\t\t\t\t\t\t<div class=\"elementor-button-wrapper\">\n\t\t\t\t\t<a class=\"elementor-button elementor-button-link elementor-size-sm\" href=\"https:\/\/decomantgroup.com\/ca\/contacte\/\">\n\t\t\t\t\t\t<span class=\"elementor-button-content-wrapper\">\n\t\t\t\t\t\t<span class=\"elementor-button-icon\">\n\t\t\t\t<svg aria-hidden=\"true\" class=\"e-font-icon-svg e-fas-long-arrow-alt-right\" viewbox=\"0 0 448 512\" xmlns=\"http:\/\/www.w3.org\/2000\/svg\"><path d=\"M313.941 216H12c-6.627 0-12 5.373-12 12v56c0 6.627 5.373 12 12 12h301.941v46.059c0 21.382 25.851 32.09 40.971 16.971l86.059-86.059c9.373-9.373 9.373-24.569 0-33.941l-86.059-86.059c-15.119-15.119-40.971-4.411-40.971 16.971V216z\"><\/path><\/svg>\t\t\t<\/span>\n\t\t\t\t\t\t\t\t\t<span class=\"elementor-button-text\">Contacta<\/span>\n\t\t\t\t\t<\/span>\n\t\t\t\t\t<\/a>\n\t\t\t\t<\/div>\n\t\t\t\t\t\t\t\t<\/div>\n\t\t\t\t<\/div>\n\t\t\t\t<\/div>\n\t\t\t\t<div class=\"elementor-element elementor-element-1d133c2 elementor-widget elementor-widget-spacer\" data-id=\"1d133c2\" data-element_type=\"widget\" data-widget_type=\"spacer.default\">\n\t\t\t\t<div class=\"elementor-widget-container\">\n\t\t\t\t\t\t\t<div class=\"elementor-spacer\">\n\t\t\t<div class=\"elementor-spacer-inner\"><\/div>\n\t\t<\/div>\n\t\t\t\t\t\t<\/div>\n\t\t\t\t<\/div>\n\t\t\t\t\t<\/div>\n\t\t\t\t<\/div>\n\t\t\t\t<\/div>\n\t\t\t\t<\/div>","protected":false},"excerpt":{"rendered":"<p>Historia \u00abUn largo recorrido a tu lado\u00bb Grupo Decomant El Grupo Decomant incorpora las empresas Decomant S.L. (Andorra), Pic Restauraci\u00f3 [&hellip;]<\/p>","protected":false},"author":3,"featured_media":0,"parent":0,"menu_order":0,"comment_status":"closed","ping_status":"closed","template":"","meta":{"_monsterinsights_skip_tracking":false,"_monsterinsights_sitenote_active":false,"_monsterinsights_sitenote_note":"","_monsterinsights_sitenote_category":0,"site-sidebar-layout":"no-sidebar","site-content-layout":"","ast-site-content-layout":"full-width-container","site-content-style":"default","site-sidebar-style":"default","ast-global-header-display":"","ast-banner-title-visibility":"","ast-main-header-display":"","ast-hfb-above-header-display":"","ast-hfb-below-header-display":"","ast-hfb-mobile-header-display":"","site-post-title":"disabled","ast-breadcrumbs-content":"","ast-featured-img":"disabled","footer-sml-layout":"","theme-transparent-header-meta":"","adv-header-id-meta":"","stick-header-meta":"","header-above-stick-meta":"","header-main-stick-meta":"","header-below-stick-meta":"","astra-migrate-meta-layouts":"default","ast-page-background-enabled":"default","ast-page-background-meta":{"desktop":{"background-color":"var(--ast-global-color-4)","background-image":"","background-repeat":"repeat","background-position":"center center","background-size":"auto","background-attachment":"scroll","background-type":"","background-media":"","overlay-type":"","overlay-color":"","overlay-opacity":"","overlay-gradient":""},"tablet":{"background-color":"","background-image":"","background-repeat":"repeat","background-position":"center center","background-size":"auto","background-attachment":"scroll","background-type":"","background-media":"","overlay-type":"","overlay-color":"","overlay-opacity":"","overlay-gradient":""},"mobile":{"background-color":"","background-image":"","background-repeat":"repeat","background-position":"center center","background-size":"auto","background-attachment":"scroll","background-type":"","background-media":"","overlay-type":"","overlay-color":"","overlay-opacity":"","overlay-gradient":""}},"ast-content-background-meta":{"desktop":{"background-color":"var(--ast-global-color-5)","background-image":"","background-repeat":"repeat","background-position":"center center","background-size":"auto","background-attachment":"scroll","background-type":"","background-media":"","overlay-type":"","overlay-color":"","overlay-opacity":"","overlay-gradient":""},"tablet":{"background-color":"var(--ast-global-color-5)","background-image":"","background-repeat":"repeat","background-position":"center center","background-size":"auto","background-attachment":"scroll","background-type":"","background-media":"","overlay-type":"","overlay-color":"","overlay-opacity":"","overlay-gradient":""},"mobile":{"background-color":"var(--ast-global-color-5)","background-image":"","background-repeat":"repeat","background-position":"center center","background-size":"auto","background-attachment":"scroll","background-type":"","background-media":"","overlay-type":"","overlay-color":"","overlay-opacity":"","overlay-gradient":""}},"footnotes":""},"yoast_head":"<!-- This site is optimized with the Yoast SEO plugin v24.2 - https:\/\/yoast.com\/wordpress\/plugins\/seo\/ -->\n<title>Un largo recorrido a tu lado - Decomant Andorra<\/title>\n<meta name=\"description\" content=\"Decomant se fund\u00f3 en Andorra hace m\u00e1s de 30 a\u00f1os y es l\u00edder en el sector de la higienizaci\u00f3n y desinfecci\u00f3n de sistemas de extracci\u00f3n.\" \/>\n<meta name=\"robots\" content=\"index, follow, max-snippet:-1, max-image-preview:large, max-video-preview:-1\" \/>\n<link rel=\"canonical\" href=\"https:\/\/decomantgroup.com\/ca\/historia-2\/\" \/>\n<meta property=\"og:locale\" content=\"ca_ES\" \/>\n<meta property=\"og:type\" content=\"article\" \/>\n<meta property=\"og:title\" content=\"Un largo recorrido a tu lado - Decomant Andorra\" \/>\n<meta property=\"og:description\" content=\"Decomant se fund\u00f3 en Andorra hace m\u00e1s de 30 a\u00f1os y es l\u00edder en el sector de la higienizaci\u00f3n y desinfecci\u00f3n de sistemas de extracci\u00f3n.\" \/>\n<meta property=\"og:url\" content=\"https:\/\/decomantgroup.com\/ca\/historia-2\/\" \/>\n<meta property=\"og:site_name\" content=\"Decomant Andorra\" \/>\n<meta property=\"article:publisher\" content=\"https:\/\/www.facebook.com\/decomantgroup\/\" \/>\n<meta property=\"article:modified_time\" content=\"2025-08-04T16:05:49+00:00\" \/>\n<meta name=\"twitter:card\" content=\"summary_large_image\" \/>\n<meta name=\"twitter:site\" content=\"@DecomantGroup\" \/>\n<meta name=\"twitter:label1\" content=\"Temps estimat de lectura\" \/>\n\t<meta name=\"twitter:data1\" content=\"2 minuts\" \/>\n<script type=\"application\/ld+json\" class=\"yoast-schema-graph\">{\"@context\":\"https:\/\/schema.org\",\"@graph\":[{\"@type\":\"WebPage\",\"@id\":\"https:\/\/decomantgroup.com\/historia-2\/\",\"url\":\"https:\/\/decomantgroup.com\/historia-2\/\",\"name\":\"Un largo recorrido a tu lado - Decomant Andorra\",\"isPartOf\":{\"@id\":\"https:\/\/decomantgroup.com\/#website\"},\"datePublished\":\"2025-08-04T10:36:53+00:00\",\"dateModified\":\"2025-08-04T16:05:49+00:00\",\"description\":\"Decomant se fund\u00f3 en Andorra hace m\u00e1s de 30 a\u00f1os y es l\u00edder en el sector de la higienizaci\u00f3n y desinfecci\u00f3n de sistemas de extracci\u00f3n.\",\"breadcrumb\":{\"@id\":\"https:\/\/decomantgroup.com\/historia-2\/#breadcrumb\"},\"inLanguage\":\"ca\",\"potentialAction\":[{\"@type\":\"ReadAction\",\"target\":[\"https:\/\/decomantgroup.com\/historia-2\/\"]}]},{\"@type\":\"BreadcrumbList\",\"@id\":\"https:\/\/decomantgroup.com\/historia-2\/#breadcrumb\",\"itemListElement\":[{\"@type\":\"ListItem\",\"position\":1,\"name\":\"Portada\",\"item\":\"https:\/\/decomantgroup.com\/\"},{\"@type\":\"ListItem\",\"position\":2,\"name\":\"Historia\"}]},{\"@type\":\"WebSite\",\"@id\":\"https:\/\/decomantgroup.com\/#website\",\"url\":\"https:\/\/decomantgroup.com\/\",\"name\":\"https:\/\/decomantgroup.com\/\",\"description\":\"Servicios de mantenimiento para particulares y empresas\",\"publisher\":{\"@id\":\"https:\/\/decomantgroup.com\/#organization\"},\"potentialAction\":[{\"@type\":\"SearchAction\",\"target\":{\"@type\":\"EntryPoint\",\"urlTemplate\":\"https:\/\/decomantgroup.com\/?s={search_term_string}\"},\"query-input\":{\"@type\":\"PropertyValueSpecification\",\"valueRequired\":true,\"valueName\":\"search_term_string\"}}],\"inLanguage\":\"ca\"},{\"@type\":\"Organization\",\"@id\":\"https:\/\/decomantgroup.com\/#organization\",\"name\":\"Decomant Group\",\"url\":\"https:\/\/decomantgroup.com\/\",\"logo\":{\"@type\":\"ImageObject\",\"inLanguage\":\"ca\",\"@id\":\"https:\/\/decomantgroup.com\/#\/schema\/logo\/image\/\",\"url\":\"https:\/\/decomantgroup.com\/wp-content\/uploads\/2024\/08\/Logos-Decomant_Mesa-de-trabajo-1-copia.jpg\",\"contentUrl\":\"https:\/\/decomantgroup.com\/wp-content\/uploads\/2024\/08\/Logos-Decomant_Mesa-de-trabajo-1-copia.jpg\",\"width\":768,\"height\":693,\"caption\":\"Decomant Group\"},\"image\":{\"@id\":\"https:\/\/decomantgroup.com\/#\/schema\/logo\/image\/\"},\"sameAs\":[\"https:\/\/www.facebook.com\/decomantgroup\/\",\"https:\/\/x.com\/DecomantGroup\",\"https:\/\/www.instagram.com\/decomantgroup\/\"]}]}<\/script>\n<!-- \/ Yoast SEO plugin. -->","yoast_head_json":{"title":"Un largo recorrido a tu lado - Decomant Andorra","description":"Decomant se fund\u00f3 en Andorra hace m\u00e1s de 30 a\u00f1os y es l\u00edder en el sector de la higienizaci\u00f3n y desinfecci\u00f3n de sistemas de extracci\u00f3n.","robots":{"index":"index","follow":"follow","max-snippet":"max-snippet:-1","max-image-preview":"max-image-preview:large","max-video-preview":"max-video-preview:-1"},"canonical":"https:\/\/decomantgroup.com\/ca\/historia-2\/","og_locale":"ca_ES","og_type":"article","og_title":"Un largo recorrido a tu lado - Decomant Andorra","og_description":"Decomant se fund\u00f3 en Andorra hace m\u00e1s de 30 a\u00f1os y es l\u00edder en el sector de la higienizaci\u00f3n y desinfecci\u00f3n de sistemas de extracci\u00f3n.","og_url":"https:\/\/decomantgroup.com\/ca\/historia-2\/","og_site_name":"Decomant Andorra","article_publisher":"https:\/\/www.facebook.com\/decomantgroup\/","article_modified_time":"2025-08-04T16:05:49+00:00","twitter_card":"summary_large_image","twitter_site":"@DecomantGroup","twitter_misc":{"Temps estimat de lectura":"2 minuts"},"schema":{"@context":"https:\/\/schema.org","@graph":[{"@type":"WebPage","@id":"https:\/\/decomantgroup.com\/historia-2\/","url":"https:\/\/decomantgroup.com\/historia-2\/","name":"Un largo recorrido a tu lado - Decomant Andorra","isPartOf":{"@id":"https:\/\/decomantgroup.com\/#website"},"datePublished":"2025-08-04T10:36:53+00:00","dateModified":"2025-08-04T16:05:49+00:00","description":"Decomant se fund\u00f3 en Andorra hace m\u00e1s de 30 a\u00f1os y es l\u00edder en el sector de la higienizaci\u00f3n y desinfecci\u00f3n de sistemas de extracci\u00f3n.","breadcrumb":{"@id":"https:\/\/decomantgroup.com\/historia-2\/#breadcrumb"},"inLanguage":"ca","potentialAction":[{"@type":"ReadAction","target":["https:\/\/decomantgroup.com\/historia-2\/"]}]},{"@type":"BreadcrumbList","@id":"https:\/\/decomantgroup.com\/historia-2\/#breadcrumb","itemListElement":[{"@type":"ListItem","position":1,"name":"Portada","item":"https:\/\/decomantgroup.com\/"},{"@type":"ListItem","position":2,"name":"Historia"}]},{"@type":"WebSite","@id":"https:\/\/decomantgroup.com\/#website","url":"https:\/\/decomantgroup.com\/","name":"https:\/\/decomantgroup.com\/","description":"Servicios de mantenimiento para particulares y empresas","publisher":{"@id":"https:\/\/decomantgroup.com\/#organization"},"potentialAction":[{"@type":"SearchAction","target":{"@type":"EntryPoint","urlTemplate":"https:\/\/decomantgroup.com\/?s={search_term_string}"},"query-input":{"@type":"PropertyValueSpecification","valueRequired":true,"valueName":"search_term_string"}}],"inLanguage":"ca"},{"@type":"Organization","@id":"https:\/\/decomantgroup.com\/#organization","name":"Decomant Group","url":"https:\/\/decomantgroup.com\/","logo":{"@type":"ImageObject","inLanguage":"ca","@id":"https:\/\/decomantgroup.com\/#\/schema\/logo\/image\/","url":"https:\/\/decomantgroup.com\/wp-content\/uploads\/2024\/08\/Logos-Decomant_Mesa-de-trabajo-1-copia.jpg","contentUrl":"https:\/\/decomantgroup.com\/wp-content\/uploads\/2024\/08\/Logos-Decomant_Mesa-de-trabajo-1-copia.jpg","width":768,"height":693,"caption":"Decomant Group"},"image":{"@id":"https:\/\/decomantgroup.com\/#\/schema\/logo\/image\/"},"sameAs":["https:\/\/www.facebook.com\/decomantgroup\/","https:\/\/x.com\/DecomantGroup","https:\/\/www.instagram.com\/decomantgroup\/"]}]}},"_links":{"self":[{"href":"https:\/\/decomantgroup.com\/ca\/wp-json\/wp\/v2\/pages\/2552"}],"collection":[{"href":"https:\/\/decomantgroup.com\/ca\/wp-json\/wp\/v2\/pages"}],"about":[{"href":"https:\/\/decomantgroup.com\/ca\/wp-json\/wp\/v2\/types\/page"}],"author":[{"embeddable":true,"href":"https:\/\/decomantgroup.com\/ca\/wp-json\/wp\/v2\/users\/3"}],"replies":[{"embeddable":true,"href":"https:\/\/decomantgroup.com\/ca\/wp-json\/wp\/v2\/comments?post=2552"}],"version-history":[{"count":3,"href":"https:\/\/decomantgroup.com\/ca\/wp-json\/wp\/v2\/pages\/2552\/revisions"}],"predecessor-version":[{"id":2644,"href":"https:\/\/decomantgroup.com\/ca\/wp-json\/wp\/v2\/pages\/2552\/revisions\/2644"}],"wp:attachment":[{"href":"https:\/\/decomantgroup.com\/ca\/wp-json\/wp\/v2\/media?parent=2552"}],"curies":[{"name":"wp","href":"https:\/\/api.w.org\/{rel}","templated":true}]}}