{"id":537,"date":"2024-07-24T11:29:06","date_gmt":"2024-07-24T11:29:06","guid":{"rendered":"https:\/\/decomantgroup.com\/?page_id=537"},"modified":"2025-04-08T07:21:35","modified_gmt":"2025-04-08T07:21:35","slug":"politica-de-privadesa","status":"publish","type":"page","link":"https:\/\/decomantgroup.com\/ca\/politica-de-privadesa\/","title":{"rendered":"Pol\u00edtica de privadesa"},"content":{"rendered":"<div data-elementor-type=\"wp-page\" data-elementor-id=\"537\" class=\"elementor elementor-537\" data-elementor-post-type=\"page\">\n\t\t\t\t<div class=\"elementor-element elementor-element-45a43b3 e-flex e-con-boxed e-con e-parent\" data-id=\"45a43b3\" data-element_type=\"container\" data-settings=\"{&quot;background_background&quot;:&quot;classic&quot;}\">\n\t\t\t\t\t<div class=\"e-con-inner\">\n\t\t<div class=\"elementor-element elementor-element-3bd9715 e-flex e-con-boxed e-con e-child\" data-id=\"3bd9715\" data-element_type=\"container\">\n\t\t\t\t\t<div class=\"e-con-inner\">\n\t\t\t\t<div class=\"elementor-element elementor-element-caa53f6 elementor-widget elementor-widget-heading\" data-id=\"caa53f6\" data-element_type=\"widget\" data-widget_type=\"heading.default\">\n\t\t\t\t<div class=\"elementor-widget-container\">\n\t\t\t\t\t<h1 class=\"elementor-heading-title elementor-size-default\">Pol\u00edtica de privadesa<\/h1>\t\t\t\t<\/div>\n\t\t\t\t<\/div>\n\t\t\t\t\t<\/div>\n\t\t\t\t<\/div>\n\t\t\t\t\t<\/div>\n\t\t\t\t<\/div>\n\t\t<div class=\"elementor-element elementor-element-1815b29 e-flex e-con-boxed e-con e-parent\" data-id=\"1815b29\" data-element_type=\"container\">\n\t\t\t\t\t<div class=\"e-con-inner\">\n\t\t<div class=\"elementor-element elementor-element-9024902 e-con-full e-flex e-con e-child\" data-id=\"9024902\" data-element_type=\"container\">\n\t\t\t\t<div class=\"elementor-element elementor-element-e6f210d elementor-widget elementor-widget-text-editor\" data-id=\"e6f210d\" data-element_type=\"widget\" data-widget_type=\"text-editor.default\">\n\t\t\t\t<div class=\"elementor-widget-container\">\n\t\t\t\t\t\t\t\t\t<p><span lang=\"CA\"><strong>Responsable del tractament:<\/strong><br \/><strong>Identitat:<\/strong>\u00a0PIC RESTAURACI\u00d3, SLU<br \/><strong>Domicili social:<\/strong>\u00a0CTRA. D&#039;ARINSAL, ZONA INDUSTRIAL TEIXID\u00d3, NAU 4, PLANTA 2a, LOCAL 3, AD400<br \/>La Massana<br \/>NRT: L-707929-W<br \/><strong>Email:<\/strong>\u00a0gestio@picrestauracio.com<br \/><br \/>Amb la signatura del present document consenteix el tractament de les seves dades per als fins que es detallen a continuaci\u00f3 per part de PIC RESTAURACI\u00d3, SLU<br \/><br \/>De conformitat amb el que estableix la Llei 29\/2021, de 28 d&#039;octubre, qualificada de protecci\u00f3 de dades personals, comuniquem que les dades que ens facilitin quedaran incorporades i seran tractades als fitxers de titularitat del responsable de tractament PIC RESTAURACI\u00d3, SLU<br \/><br \/><strong>Finalitats del tractament<\/strong><br \/><br \/>A PIC RESTAURACI\u00d3, SLU tractem la informaci\u00f3 que ens faciliten les persones interessades amb les finalitats seg\u00fcents:<br \/>\u2022 Gestionar comandes o contractar algun dels nostres serveis (de manera presencial i en l\u00ednia);<br \/>\u2022 Gestionar l&#039;enviament de la informaci\u00f3 que ens sol\u00b7liciteu.<br \/>\u2022 Realitzar accions comercials i fer el manteniment i la gesti\u00f3 de la relaci\u00f3 amb l&#039;usuari.<br \/><br \/><strong>Legitimaci\u00f3 per al tractament<\/strong><br \/><br \/>El tractament de les teves dades es pot fonamentar a les bases legals seg\u00fcents:<br \/>\u00a0<br \/>\u2022 Execuci\u00f3 d\u201fun contracte o en la prestaci\u00f3 d\u201fun servei en base a una relaci\u00f3 comercial que compta amb els consentiments de l\u201finteressat.<br \/>\u2022 Inter\u00e8s leg\u00edtim per a l&#039;enviament d&#039;informaci\u00f3 comercial sobre productes i serveis (M\u00e0rqueting directe).<br \/>\u2022 Inter\u00e8s leg\u00edtim per al contacte i manteniment de la relaci\u00f3 amb clients i prove\u00efdors.<br \/>\u2022 Compliment d&#039;obligacions legals per a la prevenci\u00f3 del frau, la comunicaci\u00f3 amb autoritats i les reclamacions de tercers.<br \/>\u2022 Consentiment expl\u00edcit de lusuari (formularis de contacte, sol\u00b7licituds dinformaci\u00f3 o alta a les newsletters).<br \/><br \/><strong>Destinataris de les dades<\/strong><\/span><br \/>\u00a0<\/p><ul><li>En alguns casos, nom\u00e9s quan calgui, PIC RESTAURACI\u00d3, SLU proporcionar\u00e0 dades dels usuaris a tercers. No obstant aix\u00f2, mai no es vendran les dades a tercers.<\/li><li><span lang=\"CA\">Els prove\u00efdors de serveis externs (per exemple, prove\u00efdors de pagament o empreses de repartiment) amb les quals es poden utilitzar les dades per proporcionar els serveis corresponents, tenen l&#039;obligaci\u00f3 de garantir que la informaci\u00f3 es tracta d&#039;acord amb la normativa de privadesa de dades .<\/span><\/li><li><span lang=\"CA\">En alguns casos, la llei pot exigir que es revelin dades personals a organismes p\u00fablics o altres. En aquest cas, nom\u00e9s es revelar\u00e0 aix\u00f2 estrictament necessari per complir aquestes obligacions legals.<\/span><\/li><li><span lang=\"CA\">Les dades personals obtingudes tamb\u00e9 podran ser compartides amb altres empreses del grup.<\/span><\/li><\/ul><p><br \/><br \/><span lang=\"CA\"><strong>Drets de linteressat<\/strong><br \/><br \/>podeu adre\u00e7ar les vostres comunicacions i exercir els vostres drets mitjan\u00e7ant una petici\u00f3 al seg\u00fcent correu electr\u00f2nic: gestio@picrestauracio.com. En virtut del que estableix la Llei 29\/2021, de 28 d&#039;octubre, qualificada de protecci\u00f3 de dades personals, podeu sol\u00b7licitar dret d&#039;acc\u00e9s, dret de rectificaci\u00f3, dret de supressi\u00f3 i oblit, dret de limitaci\u00f3 al tractament, dret d&#039;oposici\u00f3, dret a la portabilitat i dret a no \u00e9sser objecte de decisions individualitzades.<\/span><\/p>\t\t\t\t\t\t\t\t<\/div>\n\t\t\t\t<\/div>\n\t\t\t\t<\/div>\n\t\t\t\t\t<\/div>\n\t\t\t\t<\/div>\n\t\t\t\t<\/div>","protected":false},"excerpt":{"rendered":"<p>Pol\u00edtica de privadesa Responsable del tractament: Identitat: PIC RESTAURACI\u00d3, SLUDomicilio social: CTRA. D&#039;ARINSAL, ZONA INDUSTRIAL TEIXID\u00d3, NAU 4, PLANTA 2a, LOCAL 3, AD400La [\u2026]<\/p>","protected":false},"author":1,"featured_media":0,"parent":0,"menu_order":0,"comment_status":"closed","ping_status":"closed","template":"","meta":{"_monsterinsights_skip_tracking":false,"_monsterinsights_sitenote_active":false,"_monsterinsights_sitenote_note":"","_monsterinsights_sitenote_category":0,"site-sidebar-layout":"no-sidebar","site-content-layout":"","ast-site-content-layout":"full-width-container","site-content-style":"default","site-sidebar-style":"default","ast-global-header-display":"","ast-banner-title-visibility":"","ast-main-header-display":"","ast-hfb-above-header-display":"","ast-hfb-below-header-display":"","ast-hfb-mobile-header-display":"","site-post-title":"disabled","ast-breadcrumbs-content":"","ast-featured-img":"disabled","footer-sml-layout":"","theme-transparent-header-meta":"","adv-header-id-meta":"","stick-header-meta":"","header-above-stick-meta":"","header-main-stick-meta":"","header-below-stick-meta":"","astra-migrate-meta-layouts":"default","ast-page-background-enabled":"default","ast-page-background-meta":{"desktop":{"background-color":"var(--ast-global-color-4)","background-image":"","background-repeat":"repeat","background-position":"center center","background-size":"auto","background-attachment":"scroll","background-type":"","background-media":"","overlay-type":"","overlay-color":"","overlay-opacity":"","overlay-gradient":""},"tablet":{"background-color":"","background-image":"","background-repeat":"repeat","background-position":"center center","background-size":"auto","background-attachment":"scroll","background-type":"","background-media":"","overlay-type":"","overlay-color":"","overlay-opacity":"","overlay-gradient":""},"mobile":{"background-color":"","background-image":"","background-repeat":"repeat","background-position":"center center","background-size":"auto","background-attachment":"scroll","background-type":"","background-media":"","overlay-type":"","overlay-color":"","overlay-opacity":"","overlay-gradient":""}},"ast-content-background-meta":{"desktop":{"background-color":"var(--ast-global-color-5)","background-image":"","background-repeat":"repeat","background-position":"center center","background-size":"auto","background-attachment":"scroll","background-type":"","background-media":"","overlay-type":"","overlay-color":"","overlay-opacity":"","overlay-gradient":""},"tablet":{"background-color":"var(--ast-global-color-5)","background-image":"","background-repeat":"repeat","background-position":"center center","background-size":"auto","background-attachment":"scroll","background-type":"","background-media":"","overlay-type":"","overlay-color":"","overlay-opacity":"","overlay-gradient":""},"mobile":{"background-color":"var(--ast-global-color-5)","background-image":"","background-repeat":"repeat","background-position":"center center","background-size":"auto","background-attachment":"scroll","background-type":"","background-media":"","overlay-type":"","overlay-color":"","overlay-opacity":"","overlay-gradient":""}},"footnotes":""},"yoast_head":"<!-- This site is optimized with the Yoast SEO plugin v24.2 - https:\/\/yoast.com\/wordpress\/plugins\/seo\/ -->\n<title>Pol\u00edtica de privacidad - Decomant Andorra<\/title>\n<meta name=\"description\" content=\"Consulta la pol\u00edtica de privacidad de Decomant para conocer c\u00f3mo protegemos tus datos personales y cumplimos con la normativa vigente.\" \/>\n<meta name=\"robots\" content=\"index, follow, max-snippet:-1, max-image-preview:large, max-video-preview:-1\" \/>\n<link rel=\"canonical\" href=\"https:\/\/decomantgroup.com\/ca\/politica-de-privadesa\/\" \/>\n<meta property=\"og:locale\" content=\"ca_ES\" \/>\n<meta property=\"og:type\" content=\"article\" \/>\n<meta property=\"og:title\" content=\"Pol\u00edtica de privacidad - Decomant Andorra\" \/>\n<meta property=\"og:description\" content=\"Consulta la pol\u00edtica de privacidad de Decomant para conocer c\u00f3mo protegemos tus datos personales y cumplimos con la normativa vigente.\" \/>\n<meta property=\"og:url\" content=\"https:\/\/decomantgroup.com\/ca\/politica-de-privadesa\/\" \/>\n<meta property=\"og:site_name\" content=\"Decomant Andorra\" \/>\n<meta property=\"article:publisher\" content=\"https:\/\/www.facebook.com\/decomantgroup\/\" \/>\n<meta property=\"article:modified_time\" content=\"2025-04-08T07:21:35+00:00\" \/>\n<meta name=\"twitter:card\" content=\"summary_large_image\" \/>\n<meta name=\"twitter:site\" content=\"@DecomantGroup\" \/>\n<meta name=\"twitter:label1\" content=\"Temps estimat de lectura\" \/>\n\t<meta name=\"twitter:data1\" content=\"3 minuts\" \/>\n<script type=\"application\/ld+json\" class=\"yoast-schema-graph\">{\"@context\":\"https:\/\/schema.org\",\"@graph\":[{\"@type\":\"WebPage\",\"@id\":\"https:\/\/decomantgroup.com\/politica-de-privacidad\/\",\"url\":\"https:\/\/decomantgroup.com\/politica-de-privacidad\/\",\"name\":\"Pol\u00edtica de privacidad - Decomant Andorra\",\"isPartOf\":{\"@id\":\"https:\/\/decomantgroup.com\/#website\"},\"datePublished\":\"2024-07-24T11:29:06+00:00\",\"dateModified\":\"2025-04-08T07:21:35+00:00\",\"description\":\"Consulta la pol\u00edtica de privacidad de Decomant para conocer c\u00f3mo protegemos tus datos personales y cumplimos con la normativa vigente.\",\"breadcrumb\":{\"@id\":\"https:\/\/decomantgroup.com\/politica-de-privacidad\/#breadcrumb\"},\"inLanguage\":\"ca\",\"potentialAction\":[{\"@type\":\"ReadAction\",\"target\":[\"https:\/\/decomantgroup.com\/politica-de-privacidad\/\"]}]},{\"@type\":\"BreadcrumbList\",\"@id\":\"https:\/\/decomantgroup.com\/politica-de-privacidad\/#breadcrumb\",\"itemListElement\":[{\"@type\":\"ListItem\",\"position\":1,\"name\":\"Portada\",\"item\":\"https:\/\/decomantgroup.com\/\"},{\"@type\":\"ListItem\",\"position\":2,\"name\":\"Pol\u00edtica de privacidad\"}]},{\"@type\":\"WebSite\",\"@id\":\"https:\/\/decomantgroup.com\/#website\",\"url\":\"https:\/\/decomantgroup.com\/\",\"name\":\"https:\/\/decomantgroup.com\/\",\"description\":\"Servicios de mantenimiento para particulares y empresas\",\"publisher\":{\"@id\":\"https:\/\/decomantgroup.com\/#organization\"},\"potentialAction\":[{\"@type\":\"SearchAction\",\"target\":{\"@type\":\"EntryPoint\",\"urlTemplate\":\"https:\/\/decomantgroup.com\/?s={search_term_string}\"},\"query-input\":{\"@type\":\"PropertyValueSpecification\",\"valueRequired\":true,\"valueName\":\"search_term_string\"}}],\"inLanguage\":\"ca\"},{\"@type\":\"Organization\",\"@id\":\"https:\/\/decomantgroup.com\/#organization\",\"name\":\"Decomant Group\",\"url\":\"https:\/\/decomantgroup.com\/\",\"logo\":{\"@type\":\"ImageObject\",\"inLanguage\":\"ca\",\"@id\":\"https:\/\/decomantgroup.com\/#\/schema\/logo\/image\/\",\"url\":\"https:\/\/decomantgroup.com\/wp-content\/uploads\/2024\/08\/Logos-Decomant_Mesa-de-trabajo-1-copia.jpg\",\"contentUrl\":\"https:\/\/decomantgroup.com\/wp-content\/uploads\/2024\/08\/Logos-Decomant_Mesa-de-trabajo-1-copia.jpg\",\"width\":768,\"height\":693,\"caption\":\"Decomant Group\"},\"image\":{\"@id\":\"https:\/\/decomantgroup.com\/#\/schema\/logo\/image\/\"},\"sameAs\":[\"https:\/\/www.facebook.com\/decomantgroup\/\",\"https:\/\/x.com\/DecomantGroup\",\"https:\/\/www.instagram.com\/decomantgroup\/\"]}]}<\/script>\n<!-- \/ Yoast SEO plugin. -->","yoast_head_json":{"title":"Pol\u00edtica de privacidad - Decomant Andorra","description":"Consulta la pol\u00edtica de privacidad de Decomant para conocer c\u00f3mo protegemos tus datos personales y cumplimos con la normativa vigente.","robots":{"index":"index","follow":"follow","max-snippet":"max-snippet:-1","max-image-preview":"max-image-preview:large","max-video-preview":"max-video-preview:-1"},"canonical":"https:\/\/decomantgroup.com\/ca\/politica-de-privadesa\/","og_locale":"ca_ES","og_type":"article","og_title":"Pol\u00edtica de privacidad - Decomant Andorra","og_description":"Consulta la pol\u00edtica de privacidad de Decomant para conocer c\u00f3mo protegemos tus datos personales y cumplimos con la normativa vigente.","og_url":"https:\/\/decomantgroup.com\/ca\/politica-de-privadesa\/","og_site_name":"Decomant Andorra","article_publisher":"https:\/\/www.facebook.com\/decomantgroup\/","article_modified_time":"2025-04-08T07:21:35+00:00","twitter_card":"summary_large_image","twitter_site":"@DecomantGroup","twitter_misc":{"Temps estimat de lectura":"3 minuts"},"schema":{"@context":"https:\/\/schema.org","@graph":[{"@type":"WebPage","@id":"https:\/\/decomantgroup.com\/politica-de-privacidad\/","url":"https:\/\/decomantgroup.com\/politica-de-privacidad\/","name":"Pol\u00edtica de privacidad - Decomant Andorra","isPartOf":{"@id":"https:\/\/decomantgroup.com\/#website"},"datePublished":"2024-07-24T11:29:06+00:00","dateModified":"2025-04-08T07:21:35+00:00","description":"Consulta la pol\u00edtica de privacidad de Decomant para conocer c\u00f3mo protegemos tus datos personales y cumplimos con la normativa vigente.","breadcrumb":{"@id":"https:\/\/decomantgroup.com\/politica-de-privacidad\/#breadcrumb"},"inLanguage":"ca","potentialAction":[{"@type":"ReadAction","target":["https:\/\/decomantgroup.com\/politica-de-privacidad\/"]}]},{"@type":"BreadcrumbList","@id":"https:\/\/decomantgroup.com\/politica-de-privacidad\/#breadcrumb","itemListElement":[{"@type":"ListItem","position":1,"name":"Portada","item":"https:\/\/decomantgroup.com\/"},{"@type":"ListItem","position":2,"name":"Pol\u00edtica de privacidad"}]},{"@type":"WebSite","@id":"https:\/\/decomantgroup.com\/#website","url":"https:\/\/decomantgroup.com\/","name":"https:\/\/decomantgroup.com\/","description":"Servicios de mantenimiento para particulares y empresas","publisher":{"@id":"https:\/\/decomantgroup.com\/#organization"},"potentialAction":[{"@type":"SearchAction","target":{"@type":"EntryPoint","urlTemplate":"https:\/\/decomantgroup.com\/?s={search_term_string}"},"query-input":{"@type":"PropertyValueSpecification","valueRequired":true,"valueName":"search_term_string"}}],"inLanguage":"ca"},{"@type":"Organization","@id":"https:\/\/decomantgroup.com\/#organization","name":"Decomant Group","url":"https:\/\/decomantgroup.com\/","logo":{"@type":"ImageObject","inLanguage":"ca","@id":"https:\/\/decomantgroup.com\/#\/schema\/logo\/image\/","url":"https:\/\/decomantgroup.com\/wp-content\/uploads\/2024\/08\/Logos-Decomant_Mesa-de-trabajo-1-copia.jpg","contentUrl":"https:\/\/decomantgroup.com\/wp-content\/uploads\/2024\/08\/Logos-Decomant_Mesa-de-trabajo-1-copia.jpg","width":768,"height":693,"caption":"Decomant Group"},"image":{"@id":"https:\/\/decomantgroup.com\/#\/schema\/logo\/image\/"},"sameAs":["https:\/\/www.facebook.com\/decomantgroup\/","https:\/\/x.com\/DecomantGroup","https:\/\/www.instagram.com\/decomantgroup\/"]}]}},"_links":{"self":[{"href":"https:\/\/decomantgroup.com\/ca\/wp-json\/wp\/v2\/pages\/537"}],"collection":[{"href":"https:\/\/decomantgroup.com\/ca\/wp-json\/wp\/v2\/pages"}],"about":[{"href":"https:\/\/decomantgroup.com\/ca\/wp-json\/wp\/v2\/types\/page"}],"author":[{"embeddable":true,"href":"https:\/\/decomantgroup.com\/ca\/wp-json\/wp\/v2\/users\/1"}],"replies":[{"embeddable":true,"href":"https:\/\/decomantgroup.com\/ca\/wp-json\/wp\/v2\/comments?post=537"}],"version-history":[{"count":4,"href":"https:\/\/decomantgroup.com\/ca\/wp-json\/wp\/v2\/pages\/537\/revisions"}],"predecessor-version":[{"id":571,"href":"https:\/\/decomantgroup.com\/ca\/wp-json\/wp\/v2\/pages\/537\/revisions\/571"}],"wp:attachment":[{"href":"https:\/\/decomantgroup.com\/ca\/wp-json\/wp\/v2\/media?parent=537"}],"curies":[{"name":"wp","href":"https:\/\/api.w.org\/{rel}","templated":true}]}}