{"id":541,"date":"2024-07-24T11:30:22","date_gmt":"2024-07-24T11:30:22","guid":{"rendered":"https:\/\/decomantgroup.com\/?page_id=541"},"modified":"2025-06-16T14:53:32","modified_gmt":"2025-06-16T14:53:32","slug":"cookies","status":"publish","type":"page","link":"https:\/\/decomantgroup.com\/ca\/cookies\/","title":{"rendered":"Cookies"},"content":{"rendered":"<div data-elementor-type=\"wp-page\" data-elementor-id=\"541\" class=\"elementor elementor-541\" data-elementor-post-type=\"page\">\n\t\t\t\t<div class=\"elementor-element elementor-element-a12e513 e-flex e-con-boxed e-con e-parent\" data-id=\"a12e513\" data-element_type=\"container\" data-settings=\"{&quot;background_background&quot;:&quot;classic&quot;}\">\n\t\t\t\t\t<div class=\"e-con-inner\">\n\t\t<div class=\"elementor-element elementor-element-cfc4760 e-flex e-con-boxed e-con e-child\" data-id=\"cfc4760\" data-element_type=\"container\">\n\t\t\t\t\t<div class=\"e-con-inner\">\n\t\t\t\t<div class=\"elementor-element elementor-element-7b62c22 elementor-widget elementor-widget-heading\" data-id=\"7b62c22\" data-element_type=\"widget\" data-widget_type=\"heading.default\">\n\t\t\t\t<div class=\"elementor-widget-container\">\n\t\t\t\t\t<h1 class=\"elementor-heading-title elementor-size-default\">Cookies<\/h1>\t\t\t\t<\/div>\n\t\t\t\t<\/div>\n\t\t\t\t\t<\/div>\n\t\t\t\t<\/div>\n\t\t\t\t\t<\/div>\n\t\t\t\t<\/div>\n\t\t<div class=\"elementor-element elementor-element-aee98d2 e-flex e-con-boxed e-con e-parent\" data-id=\"aee98d2\" data-element_type=\"container\">\n\t\t\t\t\t<div class=\"e-con-inner\">\n\t\t<div class=\"elementor-element elementor-element-9dacb4e e-con-full e-flex e-con e-child\" data-id=\"9dacb4e\" data-element_type=\"container\">\n\t\t\t\t<div class=\"elementor-element elementor-element-4b5b38f elementor-widget elementor-widget-text-editor\" data-id=\"4b5b38f\" data-element_type=\"widget\" data-widget_type=\"text-editor.default\">\n\t\t\t\t<div class=\"elementor-widget-container\">\n\t\t\t\t\t\t\t\t\t<p><strong>Qu\u00e8 s\u00f3n les galetes?<\/strong><br \/>En angl\u00e8s, el terme galeta significa galeta, per\u00f2 en l&#039;\u00e0mbit de la navegaci\u00f3 web, una galeta \u00e9s una cosa completament diferent.<br \/><br \/>Quan accedeixes a la nostra web, al navegador del teu dispositiu s&#039;emmagatzema una petita quantitat de text que s&#039;anomena \u201ccookie\u201d. Aquest text cont\u00e9 informaci\u00f3 variada sobre la vostra navegaci\u00f3, h\u00e0bits, prefer\u00e8ncies, personalitzacions de continguts, etc\u2026<br \/><br \/>Hi ha altres tecnologies que funcionen de manera similar i que tamb\u00e9 es fan servir per recopilar dades sobre la teva activitat de navegaci\u00f3.<br \/><br \/>Els usos concrets que fem d&#039;aquestes tecnologies es descriuen al present document.<br \/><br \/><strong>Per qu\u00e8 s&#039;utilitzen les galetes en aquesta web?<\/strong><br \/>Les galetes s\u00f3n una part essencial de com funciona el nostre lloc web. L&#039;objectiu principal de les nostres galetes \u00e9s millorar la teva experi\u00e8ncia en la navegaci\u00f3. Per exemple, per recordar les vostres prefer\u00e8ncies (idioma, pa\u00eds, etc.) durant la navegaci\u00f3 i en futures visites. La informaci\u00f3 recollida a les cookies ens permet a m\u00e9s millorar la web, adaptar-la als teus interessos com a usuari, accelerar les cerques que realitzis, etc\u2026<br \/><br \/>En determinats casos, si hem obtingut el vostre previ consentiment informat, podrem utilitzar cookies per a altres usos, com per exemple per obtenir informaci\u00f3 que ens permeti mostrar publicitat basada en l&#039;an\u00e0lisi dels teus h\u00e0bits de navegaci\u00f3.<br \/><br \/><strong>Per qu\u00e8 NO s&#039;utilitzen les galetes en aquesta web?<\/strong><br \/>A les galetes que utilitzem no s&#039;emmagatzema informaci\u00f3 sensible d&#039;identificaci\u00f3 personal com el teu nom, adre\u00e7a, contrasenya, etc.<br \/><br \/><strong>\u00bf Qui utilitza la informaci\u00f3 emmagatzemada a les cookies?<\/strong><br \/>La informaci\u00f3 emmagatzemada a les cookies del nostre lloc web \u00e9s utilitzada exclusivament per nosaltres, a excepci\u00f3 d&#039;aquelles identificades m\u00e9s endavant com a &#039;cookie de tercers&#039;, que s\u00f3n utilitzades i gestionades per entitats externes que ens proporcionen serveis que milloren l&#039;experi\u00e8ncia de l&#039;usuari. Per exemple, les estad\u00edstiques que es recullen sobre el nombre de visites, el contingut que m\u00e9s agrada, etc\u2026<br \/><br \/>Les galetes de tercers tamb\u00e9 se solen utilitzar per garantir les operacions de pagament realitzades a trav\u00e9s del web.<br \/><br \/><strong>Com puc evitar l&#039;\u00fas de galetes en aquest lloc web?<\/strong><br \/>Si prefereixes evitar l&#039;\u00fas de les cookies, pots REBUIXAR-ne l&#039;\u00fas o pots CONFIGURAR les que vols evitar i les que permets utilitzar (al nostre centre de control de cookies, accedint a trav\u00e9s del bot\u00f3 CONFIGURACI\u00d3, situat a l&#039;inici o al final d&#039;aquesta finestra. donem informaci\u00f3 ampliada al respecte de cada tipus de galeta, la seva finalitat, destinatari, temporalitat, etc\u2026).<br \/><br \/>Si les has acceptat, no tornarem a preguntar-te a menys que esborris les galetes al teu dispositiu segons s&#039;indica a l&#039;apartat seg\u00fcent.<br \/><br \/>Si vols revocar el consentiment haur\u00e0s d&#039;eliminar les galetes i tornar a configurar-les.<br \/><br \/><strong>Com deshabilito i elimini la utilitzaci\u00f3 de cookies?<\/strong><br \/>Per restringir, bloquejar o esborrar les cookies d&#039;aquest lloc web (i les utilitzades per tercers) ho pots fer, en qualsevol moment:<br \/><br \/>\u2022 Mitjan\u00e7ant el nostre centre de control de cookies, accedint a trav\u00e9s del bot\u00f3 CONFIGURACI\u00d3, situat a l&#039;inici o al final d&#039;aquesta finestra.<br \/><br \/>\u2022 Modificar la configuraci\u00f3 del teu navegador. Tingues en compte que aquesta configuraci\u00f3 \u00e9s diferent a cada navegador, si b\u00e9 \u00e9s habitual trobar la configuraci\u00f3 de cookies al men\u00fa &#039;Prefer\u00e8ncies&#039; &#039;Eines&#039; \u201cOpcions\u201d i despr\u00e9s a \u201cPrivadesa i Seguretat\u201d oa \u201cesborrar dades de navegaci\u00f3\u201d, etc\u2026<br \/><br \/>Per a m\u00e9s detall sobre la configuraci\u00f3 de les cookies a cada navegador, pots consultar el men\u00fa &#039;Ajuda&#039; del mateix.<br \/><br \/><strong>Quins tipus de galetes s&#039;utilitzen en aquesta p\u00e0gina web?<\/strong><br \/>Cada p\u00e0gina web utilitza les seves pr\u00f2pies galetes. A la nostra web utilitzem les que s&#039;indiquen a<br \/>continuaci\u00f3:<br \/><br \/><strong>SEGONS L&#039;ENTITAT QUE HO GESTIONA<\/strong><br \/><strong>\u2022 Cookies pr\u00f2pies:<\/strong><br \/>S\u00f3n les que s&#039;envien a l&#039;equip terminal de l&#039;usuari des d&#039;un equip o domini gestionat pel mateix editor i des del qual es presta el servei sol\u00b7licitat per l&#039;usuari.<br \/><br \/><strong>\u2022 Cookies de tercers:<\/strong><br \/>S\u00f3n aquelles que s&#039;envien a l&#039;equip terminal de l&#039;usuari des d&#039;un equip o domini que no \u00e9s gestionat per l&#039;editor, sin\u00f3 per una altra entitat que tracta les dades obtingudes a trav\u00e9s de les galetes.<br \/><br \/>En el cas que les cookies siguin servides des d&#039;un equip o domini gestionat pel mateix editor, per\u00f2 la informaci\u00f3 que es reculli mitjan\u00e7ant aquestes sigui gestionada per un tercer, no poden ser considerades com a cookies pr\u00f2pies si el tercer les utilitza per a les seves pr\u00f2pies finalitats (per exemple, la millora dels serveis que presta o la prestaci\u00f3 de serveis de car\u00e0cter publicitari a favor daltres entitats).<br \/><br \/><strong>SEGONS LA SEVA FINALITAT<\/strong><br \/><strong>\u2022 Cookies t\u00e8cniques o necess\u00e0ries:<\/strong><br \/>S\u00f3n aquelles necess\u00e0ries per a la navegaci\u00f3 i el bon funcionament de la nostra p\u00e0gina web, com ara controlar el tr\u00e0nsit i la comunicaci\u00f3 de dades, identificar la sessi\u00f3, accedir a parts d&#039;acc\u00e9s restringit, recordar els elements que integren una comanda, realitzar el proc\u00e9s de compra d&#039;una comanda, gestionar el pagament, controlar el frau vinculat a la seguretat del servei, fer la sol\u00b7licitud d&#039;inscripci\u00f3 o participaci\u00f3 en un esdeveniment, comptar visites als efectes de la facturaci\u00f3 de llic\u00e8ncies del programari amb qu\u00e8 funciona el servei (lloc web, plataforma o aplicaci\u00f3), utilitzar elements de seguretat durant la navegaci\u00f3, emmagatzemar continguts per a la difusi\u00f3 de v\u00eddeos o so, habilitar continguts din\u00e0mics (per exemple, animaci\u00f3 de c\u00e0rrega d&#039;un text o imatge) o compartir continguts a trav\u00e9s de xarxes socials.<br \/><br \/><strong>\u2022 Galetes d&#039;an\u00e0lisi o estad\u00edstiques:<\/strong><br \/>Permeten quantificar el nombre d&#039;usuaris i aix\u00ed realitzar el mesurament i l&#039;an\u00e0lisi estad\u00edstica de la<br \/>utilitzaci\u00f3 que fan els usuaris del servei ofert. Per aix\u00f2 s&#039;analitza la vostra navegaci\u00f3 a la nostra p\u00e0gina web per tal de millorar l&#039;oferta de productes o serveis que us oferim.<br \/><br \/><strong>\u2022 Cookies de prefer\u00e8ncies o personalitzaci\u00f3:<\/strong><br \/>S\u00f3n aquelles que permeten recordar informaci\u00f3 perqu\u00e8 l&#039;usuari accedeixi al servei amb determinades caracter\u00edstiques que poden diferenciar la seva experi\u00e8ncia de la d&#039;altres usuaris, com ara l&#039;idioma, el nombre de resultats a mostrar quan l&#039;usuari fa una cerca, l&#039;aspecte o contingut del servei en funci\u00f3 del tipus de navegador a trav\u00e9s del qual lusuari accedeix al servei o de la regi\u00f3 des de la qual accedeix al servei, etc.<br \/><br \/><strong>\u2022 Publicit\u00e0ries comportamentals o m\u00e0rqueting:<\/strong><br \/>S\u00f3n aquelles que, tractades per nosaltres o per tercers, ens permeten analitzar els seus h\u00e0bits de navegaci\u00f3 a Internet perqu\u00e8 puguem mostrar publicitat relacionada amb el seu perfil de navegaci\u00f3.<br \/><br \/><strong>SEGONS EL TERMINI DE TEMPS QUE ROMANDEN ACTIVADES<\/strong><br \/><strong>\u2022 Cookies de sessi\u00f3:<\/strong><br \/>S\u00f3n aquelles dissenyades per demanar i emmagatzemar dades mentre l&#039;usuari accedeix a una p\u00e0gina web.<br \/><br \/>Se solen emprar per emmagatzemar informaci\u00f3 que nom\u00e9s interessa conservar per a la prestaci\u00f3 del servei sol\u00b7licitat per l&#039;usuari en una sola ocasi\u00f3 (per exemple, una llista de productes adquirits) i desapareixen en acabar la sessi\u00f3.<br \/><br \/><strong>\u2022 Cookies persistents:<\/strong><br \/>S\u00f3n aquelles en qu\u00e8 les dades segueixen emmagatzemades al terminal i poden ser accedides i tractades durant un per\u00edode definit pel responsable de la galeta, i que pot anar d&#039;uns minuts a diversos anys. Pel que fa a aix\u00f2, s&#039;ha de valorar espec\u00edficament si \u00e9s necess\u00e0ria la utilitzaci\u00f3 de cookies persistents, ja que els riscos per a la privadesa podrien reduir-se mitjan\u00e7ant la utilitzaci\u00f3 de cookies de sessi\u00f3.<br \/><br \/>En tot cas, quan s&#039;instal\u00b7lin galetes persistents, es recomana reduir al m\u00ednim necessari la seva durada temporal atenent a la finalitat del seu \u00fas. A aquests efectes, el Dictamen 4\/2012 del GT29 va indicar que perqu\u00e8 una galeta pugui estar exempta del deure de consentiment informat, la seva caducitat ha d&#039;estar relacionada amb la finalitat. A causa d&#039;aix\u00f2, \u00e9s molt m\u00e9s probable que es considerin exceptuades les galetes de sessi\u00f3 que les persistents.<\/p>\t\t\t\t\t\t\t\t<\/div>\n\t\t\t\t<\/div>\n\t\t\t\t<\/div>\n\t\t\t\t\t<\/div>\n\t\t\t\t<\/div>\n\t\t\t\t<\/div>","protected":false},"excerpt":{"rendered":"<p>Galetes Qu\u00e8 s\u00f3n les galetes? En angl\u00e8s, el terme galeta significa galeta, per\u00f2 en l&#039;\u00e0mbit de la navegaci\u00f3 web, una [\u2026]<\/p>","protected":false},"author":1,"featured_media":0,"parent":0,"menu_order":0,"comment_status":"closed","ping_status":"closed","template":"","meta":{"_monsterinsights_skip_tracking":false,"_monsterinsights_sitenote_active":false,"_monsterinsights_sitenote_note":"","_monsterinsights_sitenote_category":0,"site-sidebar-layout":"no-sidebar","site-content-layout":"","ast-site-content-layout":"full-width-container","site-content-style":"default","site-sidebar-style":"default","ast-global-header-display":"","ast-banner-title-visibility":"","ast-main-header-display":"","ast-hfb-above-header-display":"","ast-hfb-below-header-display":"","ast-hfb-mobile-header-display":"","site-post-title":"disabled","ast-breadcrumbs-content":"","ast-featured-img":"disabled","footer-sml-layout":"","theme-transparent-header-meta":"","adv-header-id-meta":"","stick-header-meta":"","header-above-stick-meta":"","header-main-stick-meta":"","header-below-stick-meta":"","astra-migrate-meta-layouts":"default","ast-page-background-enabled":"default","ast-page-background-meta":{"desktop":{"background-color":"var(--ast-global-color-4)","background-image":"","background-repeat":"repeat","background-position":"center center","background-size":"auto","background-attachment":"scroll","background-type":"","background-media":"","overlay-type":"","overlay-color":"","overlay-opacity":"","overlay-gradient":""},"tablet":{"background-color":"","background-image":"","background-repeat":"repeat","background-position":"center center","background-size":"auto","background-attachment":"scroll","background-type":"","background-media":"","overlay-type":"","overlay-color":"","overlay-opacity":"","overlay-gradient":""},"mobile":{"background-color":"","background-image":"","background-repeat":"repeat","background-position":"center center","background-size":"auto","background-attachment":"scroll","background-type":"","background-media":"","overlay-type":"","overlay-color":"","overlay-opacity":"","overlay-gradient":""}},"ast-content-background-meta":{"desktop":{"background-color":"var(--ast-global-color-5)","background-image":"","background-repeat":"repeat","background-position":"center center","background-size":"auto","background-attachment":"scroll","background-type":"","background-media":"","overlay-type":"","overlay-color":"","overlay-opacity":"","overlay-gradient":""},"tablet":{"background-color":"var(--ast-global-color-5)","background-image":"","background-repeat":"repeat","background-position":"center center","background-size":"auto","background-attachment":"scroll","background-type":"","background-media":"","overlay-type":"","overlay-color":"","overlay-opacity":"","overlay-gradient":""},"mobile":{"background-color":"var(--ast-global-color-5)","background-image":"","background-repeat":"repeat","background-position":"center center","background-size":"auto","background-attachment":"scroll","background-type":"","background-media":"","overlay-type":"","overlay-color":"","overlay-opacity":"","overlay-gradient":""}},"footnotes":""},"yoast_head":"<!-- This site is optimized with the Yoast SEO plugin v24.2 - https:\/\/yoast.com\/wordpress\/plugins\/seo\/ -->\n<title>Cookies - Decomant Andorra<\/title>\n<meta name=\"description\" content=\"Inf\u00f3rmate sobre el uso de cookies en el sitio web, su finalidad, tipos utilizados y c\u00f3mo puedes gestionar tus preferencias de navegaci\u00f3n.\" \/>\n<meta name=\"robots\" content=\"noindex, follow\" \/>\n<meta property=\"og:locale\" content=\"ca_ES\" \/>\n<meta property=\"og:type\" content=\"article\" \/>\n<meta property=\"og:title\" content=\"Cookies - Decomant Andorra\" \/>\n<meta property=\"og:description\" content=\"Inf\u00f3rmate sobre el uso de cookies en el sitio web, su finalidad, tipos utilizados y c\u00f3mo puedes gestionar tus preferencias de navegaci\u00f3n.\" \/>\n<meta property=\"og:url\" content=\"https:\/\/decomantgroup.com\/ca\/cookies\/\" \/>\n<meta property=\"og:site_name\" content=\"Decomant Andorra\" \/>\n<meta property=\"article:publisher\" content=\"https:\/\/www.facebook.com\/decomantgroup\/\" \/>\n<meta property=\"article:modified_time\" content=\"2025-06-16T14:53:32+00:00\" \/>\n<meta name=\"twitter:card\" content=\"summary_large_image\" \/>\n<meta name=\"twitter:site\" content=\"@DecomantGroup\" \/>\n<meta name=\"twitter:label1\" content=\"Temps estimat de lectura\" \/>\n\t<meta name=\"twitter:data1\" content=\"6 minuts\" \/>\n<script type=\"application\/ld+json\" class=\"yoast-schema-graph\">{\"@context\":\"https:\/\/schema.org\",\"@graph\":[{\"@type\":\"WebPage\",\"@id\":\"https:\/\/decomantgroup.com\/cookies\/\",\"url\":\"https:\/\/decomantgroup.com\/cookies\/\",\"name\":\"Cookies - Decomant Andorra\",\"isPartOf\":{\"@id\":\"https:\/\/decomantgroup.com\/#website\"},\"datePublished\":\"2024-07-24T11:30:22+00:00\",\"dateModified\":\"2025-06-16T14:53:32+00:00\",\"description\":\"Inf\u00f3rmate sobre el uso de cookies en el sitio web, su finalidad, tipos utilizados y c\u00f3mo puedes gestionar tus preferencias de navegaci\u00f3n.\",\"breadcrumb\":{\"@id\":\"https:\/\/decomantgroup.com\/cookies\/#breadcrumb\"},\"inLanguage\":\"ca\",\"potentialAction\":[{\"@type\":\"ReadAction\",\"target\":[\"https:\/\/decomantgroup.com\/cookies\/\"]}]},{\"@type\":\"BreadcrumbList\",\"@id\":\"https:\/\/decomantgroup.com\/cookies\/#breadcrumb\",\"itemListElement\":[{\"@type\":\"ListItem\",\"position\":1,\"name\":\"Portada\",\"item\":\"https:\/\/decomantgroup.com\/\"},{\"@type\":\"ListItem\",\"position\":2,\"name\":\"Cookies\"}]},{\"@type\":\"WebSite\",\"@id\":\"https:\/\/decomantgroup.com\/#website\",\"url\":\"https:\/\/decomantgroup.com\/\",\"name\":\"https:\/\/decomantgroup.com\/\",\"description\":\"Servicios de mantenimiento para particulares y empresas\",\"publisher\":{\"@id\":\"https:\/\/decomantgroup.com\/#organization\"},\"potentialAction\":[{\"@type\":\"SearchAction\",\"target\":{\"@type\":\"EntryPoint\",\"urlTemplate\":\"https:\/\/decomantgroup.com\/?s={search_term_string}\"},\"query-input\":{\"@type\":\"PropertyValueSpecification\",\"valueRequired\":true,\"valueName\":\"search_term_string\"}}],\"inLanguage\":\"ca\"},{\"@type\":\"Organization\",\"@id\":\"https:\/\/decomantgroup.com\/#organization\",\"name\":\"Decomant Group\",\"url\":\"https:\/\/decomantgroup.com\/\",\"logo\":{\"@type\":\"ImageObject\",\"inLanguage\":\"ca\",\"@id\":\"https:\/\/decomantgroup.com\/#\/schema\/logo\/image\/\",\"url\":\"https:\/\/decomantgroup.com\/wp-content\/uploads\/2024\/08\/Logos-Decomant_Mesa-de-trabajo-1-copia.jpg\",\"contentUrl\":\"https:\/\/decomantgroup.com\/wp-content\/uploads\/2024\/08\/Logos-Decomant_Mesa-de-trabajo-1-copia.jpg\",\"width\":768,\"height\":693,\"caption\":\"Decomant Group\"},\"image\":{\"@id\":\"https:\/\/decomantgroup.com\/#\/schema\/logo\/image\/\"},\"sameAs\":[\"https:\/\/www.facebook.com\/decomantgroup\/\",\"https:\/\/x.com\/DecomantGroup\",\"https:\/\/www.instagram.com\/decomantgroup\/\"]}]}<\/script>\n<!-- \/ Yoast SEO plugin. -->","yoast_head_json":{"title":"Cookies - Decomant Andorra","description":"Inf\u00f3rmate sobre el uso de cookies en el sitio web, su finalidad, tipos utilizados y c\u00f3mo puedes gestionar tus preferencias de navegaci\u00f3n.","robots":{"index":"noindex","follow":"follow"},"og_locale":"ca_ES","og_type":"article","og_title":"Cookies - Decomant Andorra","og_description":"Inf\u00f3rmate sobre el uso de cookies en el sitio web, su finalidad, tipos utilizados y c\u00f3mo puedes gestionar tus preferencias de navegaci\u00f3n.","og_url":"https:\/\/decomantgroup.com\/ca\/cookies\/","og_site_name":"Decomant Andorra","article_publisher":"https:\/\/www.facebook.com\/decomantgroup\/","article_modified_time":"2025-06-16T14:53:32+00:00","twitter_card":"summary_large_image","twitter_site":"@DecomantGroup","twitter_misc":{"Temps estimat de lectura":"6 minuts"},"schema":{"@context":"https:\/\/schema.org","@graph":[{"@type":"WebPage","@id":"https:\/\/decomantgroup.com\/cookies\/","url":"https:\/\/decomantgroup.com\/cookies\/","name":"Cookies - Decomant Andorra","isPartOf":{"@id":"https:\/\/decomantgroup.com\/#website"},"datePublished":"2024-07-24T11:30:22+00:00","dateModified":"2025-06-16T14:53:32+00:00","description":"Inf\u00f3rmate sobre el uso de cookies en el sitio web, su finalidad, tipos utilizados y c\u00f3mo puedes gestionar tus preferencias de navegaci\u00f3n.","breadcrumb":{"@id":"https:\/\/decomantgroup.com\/cookies\/#breadcrumb"},"inLanguage":"ca","potentialAction":[{"@type":"ReadAction","target":["https:\/\/decomantgroup.com\/cookies\/"]}]},{"@type":"BreadcrumbList","@id":"https:\/\/decomantgroup.com\/cookies\/#breadcrumb","itemListElement":[{"@type":"ListItem","position":1,"name":"Portada","item":"https:\/\/decomantgroup.com\/"},{"@type":"ListItem","position":2,"name":"Cookies"}]},{"@type":"WebSite","@id":"https:\/\/decomantgroup.com\/#website","url":"https:\/\/decomantgroup.com\/","name":"https:\/\/decomantgroup.com\/","description":"Servicios de mantenimiento para particulares y empresas","publisher":{"@id":"https:\/\/decomantgroup.com\/#organization"},"potentialAction":[{"@type":"SearchAction","target":{"@type":"EntryPoint","urlTemplate":"https:\/\/decomantgroup.com\/?s={search_term_string}"},"query-input":{"@type":"PropertyValueSpecification","valueRequired":true,"valueName":"search_term_string"}}],"inLanguage":"ca"},{"@type":"Organization","@id":"https:\/\/decomantgroup.com\/#organization","name":"Decomant Group","url":"https:\/\/decomantgroup.com\/","logo":{"@type":"ImageObject","inLanguage":"ca","@id":"https:\/\/decomantgroup.com\/#\/schema\/logo\/image\/","url":"https:\/\/decomantgroup.com\/wp-content\/uploads\/2024\/08\/Logos-Decomant_Mesa-de-trabajo-1-copia.jpg","contentUrl":"https:\/\/decomantgroup.com\/wp-content\/uploads\/2024\/08\/Logos-Decomant_Mesa-de-trabajo-1-copia.jpg","width":768,"height":693,"caption":"Decomant Group"},"image":{"@id":"https:\/\/decomantgroup.com\/#\/schema\/logo\/image\/"},"sameAs":["https:\/\/www.facebook.com\/decomantgroup\/","https:\/\/x.com\/DecomantGroup","https:\/\/www.instagram.com\/decomantgroup\/"]}]}},"_links":{"self":[{"href":"https:\/\/decomantgroup.com\/ca\/wp-json\/wp\/v2\/pages\/541"}],"collection":[{"href":"https:\/\/decomantgroup.com\/ca\/wp-json\/wp\/v2\/pages"}],"about":[{"href":"https:\/\/decomantgroup.com\/ca\/wp-json\/wp\/v2\/types\/page"}],"author":[{"embeddable":true,"href":"https:\/\/decomantgroup.com\/ca\/wp-json\/wp\/v2\/users\/1"}],"replies":[{"embeddable":true,"href":"https:\/\/decomantgroup.com\/ca\/wp-json\/wp\/v2\/comments?post=541"}],"version-history":[{"count":4,"href":"https:\/\/decomantgroup.com\/ca\/wp-json\/wp\/v2\/pages\/541\/revisions"}],"predecessor-version":[{"id":565,"href":"https:\/\/decomantgroup.com\/ca\/wp-json\/wp\/v2\/pages\/541\/revisions\/565"}],"wp:attachment":[{"href":"https:\/\/decomantgroup.com\/ca\/wp-json\/wp\/v2\/media?parent=541"}],"curies":[{"name":"wp","href":"https:\/\/api.w.org\/{rel}","templated":true}]}}