{"id":543,"date":"2024-07-24T11:30:39","date_gmt":"2024-07-24T11:30:39","guid":{"rendered":"https:\/\/decomantgroup.com\/?page_id=543"},"modified":"2025-06-16T15:28:36","modified_gmt":"2025-06-16T15:28:36","slug":"politica-dempresa","status":"publish","type":"page","link":"https:\/\/decomantgroup.com\/ca\/politica-dempresa\/","title":{"rendered":"Pol\u00edtica d&#039;empresa"},"content":{"rendered":"<div data-elementor-type=\"wp-page\" data-elementor-id=\"543\" class=\"elementor elementor-543\" data-elementor-post-type=\"page\">\n\t\t\t\t<div class=\"elementor-element elementor-element-767d136 e-flex e-con-boxed e-con e-parent\" data-id=\"767d136\" data-element_type=\"container\" data-settings=\"{&quot;background_background&quot;:&quot;classic&quot;}\">\n\t\t\t\t\t<div class=\"e-con-inner\">\n\t\t<div class=\"elementor-element elementor-element-d4175fa e-flex e-con-boxed e-con e-child\" data-id=\"d4175fa\" data-element_type=\"container\">\n\t\t\t\t\t<div class=\"e-con-inner\">\n\t\t\t\t<div class=\"elementor-element elementor-element-f602f8a elementor-widget elementor-widget-heading\" data-id=\"f602f8a\" data-element_type=\"widget\" data-widget_type=\"heading.default\">\n\t\t\t\t<div class=\"elementor-widget-container\">\n\t\t\t\t\t<h1 class=\"elementor-heading-title elementor-size-default\">Pol\u00edtica d&#039;empresa<\/h1>\t\t\t\t<\/div>\n\t\t\t\t<\/div>\n\t\t\t\t\t<\/div>\n\t\t\t\t<\/div>\n\t\t\t\t\t<\/div>\n\t\t\t\t<\/div>\n\t\t<div class=\"elementor-element elementor-element-016baac e-flex e-con-boxed e-con e-parent\" data-id=\"016baac\" data-element_type=\"container\">\n\t\t\t\t\t<div class=\"e-con-inner\">\n\t\t<div class=\"elementor-element elementor-element-ae65767 e-con-full e-flex e-con e-child\" data-id=\"ae65767\" data-element_type=\"container\">\n\t\t\t\t<div class=\"elementor-element elementor-element-6324579 elementor-widget elementor-widget-text-editor\" data-id=\"6324579\" data-element_type=\"widget\" data-widget_type=\"text-editor.default\">\n\t\t\t\t<div class=\"elementor-widget-container\">\n\t\t\t\t\t\t\t\t\t<div><strong>PIC RESTAURACI\u00d3, SLU<\/strong>\u00a0amb la seva Pol\u00edtica pret\u00e9n assolir el seu objectiu principal, que \u00e9s satisfer les necessitats i expectatives de les q\u00fcestions internes i externes, la qual cosa consisteix en la realitzaci\u00f3 per part de tot el personal de l&#039;empresa, com a part integrant del Sistema Integrat, les activitats que a continuaci\u00f3 desenvolupem:<\/div><div><strong>Neteja i manteniment de llars de foc, sistemes d&#039;extracci\u00f3, xemeneies de caldera, v\u00eddeo-inspeccions, conductes d&#039;extracci\u00f3, conductes d&#039;aire i projectes.<\/strong><\/div><div><br \/>Amb la finalitat dimplementar i mantenir aquesta pol\u00edtica integrada, la Direcci\u00f3 General de PIC RESTAURACI\u00d3, SLU estableix les seg\u00fcents l\u00ednies dactuaci\u00f3:<\/div><ul><li>Determinar les parts interessades internes i externes que s\u00f3n pertinents per al seu prop\u00f2sit i la direcci\u00f3 estrat\u00e8gica que afectin la capacitat d&#039;assolir resultats previstos, tant des de la vessant de la qualitat com al Medi Ambient.<\/li><li>Proporcionar un marc de refer\u00e8ncia mitjan\u00e7ant objectius estrat\u00e8gics i de qualitat i medi ambient,<\/li><li>El comprom\u00eds en el compliment dels requisits legals aplicables aix\u00ed com la seva gesti\u00f3 ambiental,<\/li><li>El comprom\u00eds de la protecci\u00f3 al medi ambient mitjan\u00e7ant la prevenci\u00f3 a la contaminaci\u00f3 i altres.<\/li><li>La millora de l&#039;acompliment del Sistema Integrat de Gesti\u00f3 per assolir el comprom\u00eds a la MILLORA CONT\u00cdNUA,<\/li><\/ul><div><br \/>La Direcci\u00f3 General de PIC RESTAURACI\u00d3, SLU consensua aquesta pol\u00edtica amb els col\u00b7laboradors de l&#039;empresa i es compromet que aquesta es comuniqui i estigui disponible a les parts interessades i entesa pels integrants de l&#039;organitzaci\u00f3.<\/div><div>\u00a0<\/div><div>La Massana, 18 de novembre del 2017<\/div><div><br \/><br \/>Sr. Jos\u00e9 Sobrevias<br \/>Direcci\u00f3 General de PIC RESTAURACI\u00d3, SLU<\/div>\t\t\t\t\t\t\t\t<\/div>\n\t\t\t\t<\/div>\n\t\t\t\t<\/div>\n\t\t\t\t\t<\/div>\n\t\t\t\t<\/div>\n\t\t\t\t<\/div>","protected":false},"excerpt":{"rendered":"<p>Pol\u00edtica de empresa PIC RESTAURACI\u00d3, SLU\u00a0amb la seva Pol\u00edtica pret\u00e9n assolir el seu objectiu principal, que \u00e9s satisfer les necessitats [&hellip;]<\/p>","protected":false},"author":1,"featured_media":0,"parent":0,"menu_order":0,"comment_status":"closed","ping_status":"closed","template":"","meta":{"_monsterinsights_skip_tracking":false,"_monsterinsights_sitenote_active":false,"_monsterinsights_sitenote_note":"","_monsterinsights_sitenote_category":0,"site-sidebar-layout":"no-sidebar","site-content-layout":"","ast-site-content-layout":"full-width-container","site-content-style":"default","site-sidebar-style":"default","ast-global-header-display":"","ast-banner-title-visibility":"","ast-main-header-display":"","ast-hfb-above-header-display":"","ast-hfb-below-header-display":"","ast-hfb-mobile-header-display":"","site-post-title":"disabled","ast-breadcrumbs-content":"","ast-featured-img":"disabled","footer-sml-layout":"","theme-transparent-header-meta":"","adv-header-id-meta":"","stick-header-meta":"","header-above-stick-meta":"","header-main-stick-meta":"","header-below-stick-meta":"","astra-migrate-meta-layouts":"default","ast-page-background-enabled":"default","ast-page-background-meta":{"desktop":{"background-color":"var(--ast-global-color-4)","background-image":"","background-repeat":"repeat","background-position":"center center","background-size":"auto","background-attachment":"scroll","background-type":"","background-media":"","overlay-type":"","overlay-color":"","overlay-opacity":"","overlay-gradient":""},"tablet":{"background-color":"","background-image":"","background-repeat":"repeat","background-position":"center center","background-size":"auto","background-attachment":"scroll","background-type":"","background-media":"","overlay-type":"","overlay-color":"","overlay-opacity":"","overlay-gradient":""},"mobile":{"background-color":"","background-image":"","background-repeat":"repeat","background-position":"center center","background-size":"auto","background-attachment":"scroll","background-type":"","background-media":"","overlay-type":"","overlay-color":"","overlay-opacity":"","overlay-gradient":""}},"ast-content-background-meta":{"desktop":{"background-color":"var(--ast-global-color-5)","background-image":"","background-repeat":"repeat","background-position":"center center","background-size":"auto","background-attachment":"scroll","background-type":"","background-media":"","overlay-type":"","overlay-color":"","overlay-opacity":"","overlay-gradient":""},"tablet":{"background-color":"var(--ast-global-color-5)","background-image":"","background-repeat":"repeat","background-position":"center center","background-size":"auto","background-attachment":"scroll","background-type":"","background-media":"","overlay-type":"","overlay-color":"","overlay-opacity":"","overlay-gradient":""},"mobile":{"background-color":"var(--ast-global-color-5)","background-image":"","background-repeat":"repeat","background-position":"center center","background-size":"auto","background-attachment":"scroll","background-type":"","background-media":"","overlay-type":"","overlay-color":"","overlay-opacity":"","overlay-gradient":""}},"footnotes":""},"yoast_head":"<!-- This site is optimized with the Yoast SEO plugin v24.2 - https:\/\/yoast.com\/wordpress\/plugins\/seo\/ -->\n<title>Pol\u00edtica de empresa - Decomant Andorra<\/title>\n<meta name=\"robots\" content=\"noindex, follow\" \/>\n<meta property=\"og:locale\" content=\"ca_ES\" \/>\n<meta property=\"og:type\" content=\"article\" \/>\n<meta property=\"og:title\" content=\"Pol\u00edtica de empresa - Decomant Andorra\" \/>\n<meta property=\"og:description\" content=\"Pol\u00edtica de empresa PIC RESTAURACI\u00d3, SLU\u00a0amb la seva Pol\u00edtica pret\u00e9n assolir el seu objectiu principal, que \u00e9s satisfer les necessitats [&hellip;]\" \/>\n<meta property=\"og:url\" content=\"https:\/\/decomantgroup.com\/ca\/politica-dempresa\/\" \/>\n<meta property=\"og:site_name\" content=\"Decomant Andorra\" \/>\n<meta property=\"article:publisher\" content=\"https:\/\/www.facebook.com\/decomantgroup\/\" \/>\n<meta property=\"article:modified_time\" content=\"2025-06-16T15:28:36+00:00\" \/>\n<meta name=\"twitter:card\" content=\"summary_large_image\" \/>\n<meta name=\"twitter:site\" content=\"@DecomantGroup\" \/>\n<meta name=\"twitter:label1\" content=\"Temps estimat de lectura\" \/>\n\t<meta name=\"twitter:data1\" content=\"2 minuts\" \/>\n<script type=\"application\/ld+json\" class=\"yoast-schema-graph\">{\"@context\":\"https:\/\/schema.org\",\"@graph\":[{\"@type\":\"WebPage\",\"@id\":\"https:\/\/decomantgroup.com\/politica-de-empresa\/\",\"url\":\"https:\/\/decomantgroup.com\/politica-de-empresa\/\",\"name\":\"Pol\u00edtica de empresa - Decomant Andorra\",\"isPartOf\":{\"@id\":\"https:\/\/decomantgroup.com\/#website\"},\"datePublished\":\"2024-07-24T11:30:39+00:00\",\"dateModified\":\"2025-06-16T15:28:36+00:00\",\"breadcrumb\":{\"@id\":\"https:\/\/decomantgroup.com\/politica-de-empresa\/#breadcrumb\"},\"inLanguage\":\"ca\",\"potentialAction\":[{\"@type\":\"ReadAction\",\"target\":[\"https:\/\/decomantgroup.com\/politica-de-empresa\/\"]}]},{\"@type\":\"BreadcrumbList\",\"@id\":\"https:\/\/decomantgroup.com\/politica-de-empresa\/#breadcrumb\",\"itemListElement\":[{\"@type\":\"ListItem\",\"position\":1,\"name\":\"Portada\",\"item\":\"https:\/\/decomantgroup.com\/\"},{\"@type\":\"ListItem\",\"position\":2,\"name\":\"Pol\u00edtica de empresa\"}]},{\"@type\":\"WebSite\",\"@id\":\"https:\/\/decomantgroup.com\/#website\",\"url\":\"https:\/\/decomantgroup.com\/\",\"name\":\"https:\/\/decomantgroup.com\/\",\"description\":\"Servicios de mantenimiento para particulares y empresas\",\"publisher\":{\"@id\":\"https:\/\/decomantgroup.com\/#organization\"},\"potentialAction\":[{\"@type\":\"SearchAction\",\"target\":{\"@type\":\"EntryPoint\",\"urlTemplate\":\"https:\/\/decomantgroup.com\/?s={search_term_string}\"},\"query-input\":{\"@type\":\"PropertyValueSpecification\",\"valueRequired\":true,\"valueName\":\"search_term_string\"}}],\"inLanguage\":\"ca\"},{\"@type\":\"Organization\",\"@id\":\"https:\/\/decomantgroup.com\/#organization\",\"name\":\"Decomant Group\",\"url\":\"https:\/\/decomantgroup.com\/\",\"logo\":{\"@type\":\"ImageObject\",\"inLanguage\":\"ca\",\"@id\":\"https:\/\/decomantgroup.com\/#\/schema\/logo\/image\/\",\"url\":\"https:\/\/decomantgroup.com\/wp-content\/uploads\/2024\/08\/Logos-Decomant_Mesa-de-trabajo-1-copia.jpg\",\"contentUrl\":\"https:\/\/decomantgroup.com\/wp-content\/uploads\/2024\/08\/Logos-Decomant_Mesa-de-trabajo-1-copia.jpg\",\"width\":768,\"height\":693,\"caption\":\"Decomant Group\"},\"image\":{\"@id\":\"https:\/\/decomantgroup.com\/#\/schema\/logo\/image\/\"},\"sameAs\":[\"https:\/\/www.facebook.com\/decomantgroup\/\",\"https:\/\/x.com\/DecomantGroup\",\"https:\/\/www.instagram.com\/decomantgroup\/\"]}]}<\/script>\n<!-- \/ Yoast SEO plugin. -->","yoast_head_json":{"title":"Pol\u00edtica de empresa - Decomant Andorra","robots":{"index":"noindex","follow":"follow"},"og_locale":"ca_ES","og_type":"article","og_title":"Pol\u00edtica de empresa - Decomant Andorra","og_description":"Pol\u00edtica de empresa PIC RESTAURACI\u00d3, SLU\u00a0amb la seva Pol\u00edtica pret\u00e9n assolir el seu objectiu principal, que \u00e9s satisfer les necessitats [&hellip;]","og_url":"https:\/\/decomantgroup.com\/ca\/politica-dempresa\/","og_site_name":"Decomant Andorra","article_publisher":"https:\/\/www.facebook.com\/decomantgroup\/","article_modified_time":"2025-06-16T15:28:36+00:00","twitter_card":"summary_large_image","twitter_site":"@DecomantGroup","twitter_misc":{"Temps estimat de lectura":"2 minuts"},"schema":{"@context":"https:\/\/schema.org","@graph":[{"@type":"WebPage","@id":"https:\/\/decomantgroup.com\/politica-de-empresa\/","url":"https:\/\/decomantgroup.com\/politica-de-empresa\/","name":"Pol\u00edtica de empresa - Decomant Andorra","isPartOf":{"@id":"https:\/\/decomantgroup.com\/#website"},"datePublished":"2024-07-24T11:30:39+00:00","dateModified":"2025-06-16T15:28:36+00:00","breadcrumb":{"@id":"https:\/\/decomantgroup.com\/politica-de-empresa\/#breadcrumb"},"inLanguage":"ca","potentialAction":[{"@type":"ReadAction","target":["https:\/\/decomantgroup.com\/politica-de-empresa\/"]}]},{"@type":"BreadcrumbList","@id":"https:\/\/decomantgroup.com\/politica-de-empresa\/#breadcrumb","itemListElement":[{"@type":"ListItem","position":1,"name":"Portada","item":"https:\/\/decomantgroup.com\/"},{"@type":"ListItem","position":2,"name":"Pol\u00edtica de empresa"}]},{"@type":"WebSite","@id":"https:\/\/decomantgroup.com\/#website","url":"https:\/\/decomantgroup.com\/","name":"https:\/\/decomantgroup.com\/","description":"Servicios de mantenimiento para particulares y empresas","publisher":{"@id":"https:\/\/decomantgroup.com\/#organization"},"potentialAction":[{"@type":"SearchAction","target":{"@type":"EntryPoint","urlTemplate":"https:\/\/decomantgroup.com\/?s={search_term_string}"},"query-input":{"@type":"PropertyValueSpecification","valueRequired":true,"valueName":"search_term_string"}}],"inLanguage":"ca"},{"@type":"Organization","@id":"https:\/\/decomantgroup.com\/#organization","name":"Decomant Group","url":"https:\/\/decomantgroup.com\/","logo":{"@type":"ImageObject","inLanguage":"ca","@id":"https:\/\/decomantgroup.com\/#\/schema\/logo\/image\/","url":"https:\/\/decomantgroup.com\/wp-content\/uploads\/2024\/08\/Logos-Decomant_Mesa-de-trabajo-1-copia.jpg","contentUrl":"https:\/\/decomantgroup.com\/wp-content\/uploads\/2024\/08\/Logos-Decomant_Mesa-de-trabajo-1-copia.jpg","width":768,"height":693,"caption":"Decomant Group"},"image":{"@id":"https:\/\/decomantgroup.com\/#\/schema\/logo\/image\/"},"sameAs":["https:\/\/www.facebook.com\/decomantgroup\/","https:\/\/x.com\/DecomantGroup","https:\/\/www.instagram.com\/decomantgroup\/"]}]}},"_links":{"self":[{"href":"https:\/\/decomantgroup.com\/ca\/wp-json\/wp\/v2\/pages\/543"}],"collection":[{"href":"https:\/\/decomantgroup.com\/ca\/wp-json\/wp\/v2\/pages"}],"about":[{"href":"https:\/\/decomantgroup.com\/ca\/wp-json\/wp\/v2\/types\/page"}],"author":[{"embeddable":true,"href":"https:\/\/decomantgroup.com\/ca\/wp-json\/wp\/v2\/users\/1"}],"replies":[{"embeddable":true,"href":"https:\/\/decomantgroup.com\/ca\/wp-json\/wp\/v2\/comments?post=543"}],"version-history":[{"count":4,"href":"https:\/\/decomantgroup.com\/ca\/wp-json\/wp\/v2\/pages\/543\/revisions"}],"predecessor-version":[{"id":568,"href":"https:\/\/decomantgroup.com\/ca\/wp-json\/wp\/v2\/pages\/543\/revisions\/568"}],"wp:attachment":[{"href":"https:\/\/decomantgroup.com\/ca\/wp-json\/wp\/v2\/media?parent=543"}],"curies":[{"name":"wp","href":"https:\/\/api.w.org\/{rel}","templated":true}]}}