{"id":2552,"date":"2025-08-04T10:36:53","date_gmt":"2025-08-04T10:36:53","guid":{"rendered":"https:\/\/decomantgroup.com\/?page_id=2552"},"modified":"2025-08-04T16:05:49","modified_gmt":"2025-08-04T16:05:49","slug":"historia-2","status":"publish","type":"page","link":"https:\/\/decomantgroup.com\/en\/historia-2\/","title":{"rendered":"History"},"content":{"rendered":"<div data-elementor-type=\"wp-page\" data-elementor-id=\"2552\" class=\"elementor elementor-2552\" data-elementor-post-type=\"page\">\n\t\t\t\t<div class=\"elementor-element elementor-element-5163e7e e-flex e-con-boxed e-con e-parent\" data-id=\"5163e7e\" data-element_type=\"container\" data-settings=\"{&quot;background_background&quot;:&quot;classic&quot;}\">\n\t\t\t\t\t<div class=\"e-con-inner\">\n\t\t<div class=\"elementor-element elementor-element-8c6c5c0 e-flex e-con-boxed e-con e-child\" data-id=\"8c6c5c0\" data-element_type=\"container\">\n\t\t\t\t\t<div class=\"e-con-inner\">\n\t\t\t\t<div class=\"elementor-element elementor-element-b7a5eed elementor-widget elementor-widget-heading\" data-id=\"b7a5eed\" data-element_type=\"widget\" data-widget_type=\"heading.default\">\n\t\t\t\t<div class=\"elementor-widget-container\">\n\t\t\t\t\t<h1 class=\"elementor-heading-title elementor-size-default\">History<\/h1>\t\t\t\t<\/div>\n\t\t\t\t<\/div>\n\t\t\t\t<div class=\"elementor-element elementor-element-b0afb71 elementor-widget elementor-widget-heading\" data-id=\"b0afb71\" data-element_type=\"widget\" data-widget_type=\"heading.default\">\n\t\t\t\t<div class=\"elementor-widget-container\">\n\t\t\t\t\t<h4 class=\"elementor-heading-title elementor-size-default\">\"A long journey by your side<\/h4>\t\t\t\t<\/div>\n\t\t\t\t<\/div>\n\t\t\t\t\t<\/div>\n\t\t\t\t<\/div>\n\t\t\t\t\t<\/div>\n\t\t\t\t<\/div>\n\t\t<div class=\"elementor-element elementor-element-028d099 e-flex e-con-boxed e-con e-parent\" data-id=\"028d099\" data-element_type=\"container\">\n\t\t\t\t\t<div class=\"e-con-inner\">\n\t\t\t\t<div class=\"elementor-element elementor-element-6836e5f ee-timeline-align--center ee-timeline-align-tablet--left ee-timeline-align-mobile--left ee-timeline-cards-align--top ee-timeline-cards-align-tablet--top ee-timeline-cards-align-mobile--top ee-timeline-animate elementor-widget elementor-widget-timeline\" data-id=\"6836e5f\" data-element_type=\"widget\" data-settings=\"{&quot;line_location&quot;:{&quot;unit&quot;:&quot;px&quot;,&quot;size&quot;:50,&quot;sizes&quot;:[]}}\" data-widget_type=\"timeline.default\">\n\t\t\t\t<div class=\"elementor-widget-container\">\n\t\t\t\t\t<section class=\"ee-timeline ee-timeline--vertical\"><div class=\"ee-timeline__line\">\n\t\t\t<div class=\"ee-timeline__line__inner\"><\/div>\n\t\t<\/div><div class=\"elementor-repeater-item-b974851 ee-timeline__item timeline-item\">\n\t\t\t\t<div class=\"timeline-item__point\"><span class=\"ee-icon ee-icon-support--svg ee-timeline__item__icon\"><i aria-hidden=\"true\" class=\"icon icon-tick\"><\/i><\/span><\/div>\n\t\t\t\t<div class=\"timeline-item__card-wrapper\">\n\t\t\t\t\t<div class=\"timeline-item__card\">\n\n\t\t\t\t\t\t<div class=\"timeline-item__content-wrapper\"><div class=\"timeline-item__content\"><!-- meta -->\n\t\t<div class=\"timeline-item__meta meta\">\n\t\t\t\t\t<\/div><div class=\"timeline-item__content__wysiwyg\">\n\t\t\t\t<h2>Decomant Group<\/h2><p><span style=\"font-weight: 400;\">The Decomant Group incorporates the companies Decomant S.L. (Andorra), Pic Restauraci\u00f3 S.L.U. and Segla Qualitat S.L. Based in the parish of La Massana, DECOMANT is the leading company in the sector of sanitisation and disinfection of all types of ducts, chimneys, extraction systems in industrial or private installations and interior refurbishment of kitchens and homes.<\/span><\/p>\t\t\t<\/div>\n\t\t<\/div><\/div><div class=\"timeline-item__card__arrow\"><\/div><\/div>\n\t\t\t\t<\/div>\n\t\t\t\t<div class=\"timeline-item__meta-wrapper\"><!-- meta -->\n\t\t<div class=\"timeline-item__meta meta timeline-item__meta meta\">\n\t\t\t\t\t<\/div><\/div>\n\t\t\t<\/div><div class=\"elementor-repeater-item-86b11bd ee-timeline__item timeline-item\">\n\t\t\t\t<div class=\"timeline-item__point\"><span class=\"ee-icon ee-icon-support--svg ee-timeline__item__icon\"><i aria-hidden=\"true\" class=\"icon icon-tick\"><\/i><\/span><\/div>\n\t\t\t\t<div class=\"timeline-item__card-wrapper\">\n\t\t\t\t\t<div class=\"timeline-item__card\">\n\n\t\t\t\t\t\t<div class=\"timeline-item__content-wrapper\"><div class=\"timeline-item__content\"><!-- meta -->\n\t\t<div class=\"timeline-item__meta meta\">\n\t\t\t\t\t<\/div><div class=\"timeline-item__content__wysiwyg\">\n\t\t\t\t<h2>Decomant was born in Andorra more than 30 years ago.<\/h2>\n<p><span style=\"font-weight: 400;\">Founder of the group, it is dedicated to the maintenance and cleaning of ducts such as kitchen extraction systems, chimneys, air conditioning and ventilation systems, laundry extraction systems, interior rehabilitation of fibre ducts, video inspections, etc.<\/span><\/p>\t\t\t<\/div>\n\t\t<\/div><\/div><div class=\"timeline-item__card__arrow\"><\/div><\/div>\n\t\t\t\t<\/div>\n\t\t\t\t<div class=\"timeline-item__meta-wrapper\"><!-- meta -->\n\t\t<div class=\"timeline-item__meta meta timeline-item__meta meta\">\n\t\t\t\t\t<\/div><\/div>\n\t\t\t<\/div><div class=\"elementor-repeater-item-f476343 ee-timeline__item timeline-item\">\n\t\t\t\t<div class=\"timeline-item__point\"><span class=\"ee-icon ee-icon-support--svg ee-timeline__item__icon\"><i aria-hidden=\"true\" class=\"icon icon-tick\"><\/i><\/span><\/div>\n\t\t\t\t<div class=\"timeline-item__card-wrapper\">\n\t\t\t\t\t<div class=\"timeline-item__card\">\n\n\t\t\t\t\t\t<div class=\"timeline-item__content-wrapper\"><div class=\"timeline-item__content\"><!-- meta -->\n\t\t<div class=\"timeline-item__meta meta\">\n\t\t\t\t\t<\/div><div class=\"timeline-item__content__wysiwyg\">\n\t\t\t\t<h2>In 2009 it incorporated Pic Restauraci\u00f3 S.L.U.<\/h2><p><span style=\"font-weight: 400;\">Created in 2009, it complements services within kitchens and catering spaces, hotels, shops and offices. Its activities include the sale, repair and maintenance of catering machinery, sale of industrial cleaning products and comprehensive refurbishment projects. It has the authorisation of the licence for handling substances that deplete the ozone layer.<\/span><\/p><p>\u00a0<\/p>\t\t\t<\/div>\n\t\t<\/div><\/div><div class=\"timeline-item__card__arrow\"><\/div><\/div>\n\t\t\t\t<\/div>\n\t\t\t\t<div class=\"timeline-item__meta-wrapper\"><!-- meta -->\n\t\t<div class=\"timeline-item__meta meta timeline-item__meta meta\">\n\t\t\t\t\t<\/div><\/div>\n\t\t\t<\/div><div class=\"elementor-repeater-item-c072c36 ee-timeline__item timeline-item\">\n\t\t\t\t<div class=\"timeline-item__point\"><span class=\"ee-icon ee-icon-support--svg ee-timeline__item__icon\"><i aria-hidden=\"true\" class=\"icon icon-tick\"><\/i><\/span><\/div>\n\t\t\t\t<div class=\"timeline-item__card-wrapper\">\n\t\t\t\t\t<div class=\"timeline-item__card\">\n\n\t\t\t\t\t\t<div class=\"timeline-item__content-wrapper\"><div class=\"timeline-item__content\"><!-- meta -->\n\t\t<div class=\"timeline-item__meta meta\">\n\t\t\t\t\t<\/div><div class=\"timeline-item__content__wysiwyg\">\n\t\t\t\t<h2>Subsequently, he created the company Segla Qualitat S.L.<\/h2><p><span style=\"font-weight: 400;\">Born from the synergies between Segla S.L. in Barcelona and Decomant S.L. Andorra, it is dedicated to the certification of indoor environmental quality, diagnosis and studies of sick building syndrome, validation of operating theatres and critical areas, and studies of semicircular lipoatrophy related to buildings.<\/span><\/p>\t\t\t<\/div>\n\t\t<\/div><\/div><div class=\"timeline-item__card__arrow\"><\/div><\/div>\n\t\t\t\t<\/div>\n\t\t\t\t<div class=\"timeline-item__meta-wrapper\"><!-- meta -->\n\t\t<div class=\"timeline-item__meta meta timeline-item__meta meta\">\n\t\t\t\t\t<\/div><\/div>\n\t\t\t<\/div><div class=\"elementor-repeater-item-254dc8a ee-timeline__item timeline-item\">\n\t\t\t\t<div class=\"timeline-item__point\"><span class=\"ee-icon ee-icon-support--svg ee-timeline__item__icon\"><i aria-hidden=\"true\" class=\"icon icon-tick\"><\/i><\/span><\/div>\n\t\t\t\t<div class=\"timeline-item__card-wrapper\">\n\t\t\t\t\t<div class=\"timeline-item__card\">\n\n\t\t\t\t\t\t<div class=\"timeline-item__content-wrapper\"><div class=\"timeline-item__content\"><!-- meta -->\n\t\t<div class=\"timeline-item__meta meta\">\n\t\t\t\t\t<\/div><div class=\"timeline-item__content__wysiwyg\">\n\t\t\t\t<h2>In 2024 we are adding new services for your company<\/h2><p><span style=\"font-weight: 400;\">We have implemented a series of improvements and innovations in our company to offer you an even more complete and advanced service. In addition to our range of services for companies in different sectors, we are offering new services of <a href=\"https:\/\/decomantgroup.com\/en\/monitoring-and-control\/\">Monitoring and control<\/a>, <a href=\"https:\/\/decomantgroup.com\/en\/employment-counselling\/\">Employment advice<\/a> y <a href=\"https:\/\/decomantgroup.com\/en\/construction-and-reforms\/\">Construction and refurbishment<\/a>.<\/span><\/p>\t\t\t<\/div>\n\t\t<\/div><\/div><div class=\"timeline-item__card__arrow\"><\/div><\/div>\n\t\t\t\t<\/div>\n\t\t\t\t<div class=\"timeline-item__meta-wrapper\"><!-- meta -->\n\t\t<div class=\"timeline-item__meta meta timeline-item__meta meta\">\n\t\t\t\t\t<\/div><\/div>\n\t\t\t<\/div><div class=\"elementor-repeater-item-cbbf636 ee-timeline__item timeline-item\">\n\t\t\t\t<div class=\"timeline-item__point\"><span class=\"ee-icon ee-icon-support--svg ee-timeline__item__icon\"><i aria-hidden=\"true\" class=\"icon icon-tick\"><\/i><\/span><\/div>\n\t\t\t\t<div class=\"timeline-item__card-wrapper\">\n\t\t\t\t\t<div class=\"timeline-item__card\">\n\n\t\t\t\t\t\t<div class=\"timeline-item__content-wrapper\"><div class=\"timeline-item__content\"><!-- meta -->\n\t\t<div class=\"timeline-item__meta meta\">\n\t\t\t\t\t<\/div><div class=\"timeline-item__content__wysiwyg\">\n\t\t\t\t<h2>Today we are leaders in the sector<\/h2>\n<p><span style=\"font-weight: 400;\">With more than 30 years in the sector and more than 1,000 successfully completed projects, we are leaders in the sector. We are ISO 9001 certified for quality management and 14001 certified for the environment. We are members of AAQAI (Andorran Association for Indoor Environmental Quality) and ADELCA (Andorran Association of Electricity, Lighting and Air Conditioning Companies). In addition, we are also members of the board of ASDE (Spanish Association of Chimney Sweepers).<\/span><\/p>\t\t\t<\/div>\n\t\t<\/div><\/div><div class=\"timeline-item__card__arrow\"><\/div><\/div>\n\t\t\t\t<\/div>\n\t\t\t\t<div class=\"timeline-item__meta-wrapper\"><!-- meta -->\n\t\t<div class=\"timeline-item__meta meta timeline-item__meta meta\">\n\t\t\t\t\t<\/div><\/div>\n\t\t\t<\/div><\/section>\t\t\t\t<\/div>\n\t\t\t\t<\/div>\n\t\t\t\t\t<\/div>\n\t\t\t\t<\/div>\n\t\t<div class=\"elementor-element elementor-element-0c1c46d e-con-full e-flex e-con e-parent\" data-id=\"0c1c46d\" data-element_type=\"container\">\n\t\t<div class=\"elementor-element elementor-element-9e3e1f7 e-flex e-con-boxed e-con e-child\" data-id=\"9e3e1f7\" data-element_type=\"container\" data-settings=\"{&quot;background_background&quot;:&quot;classic&quot;}\">\n\t\t\t\t\t<div class=\"e-con-inner\">\n\t\t<div class=\"elementor-element elementor-element-dfb69a9 e-con-full e-flex elementor-invisible e-con e-child\" data-id=\"dfb69a9\" data-element_type=\"container\" data-settings=\"{&quot;background_background&quot;:&quot;classic&quot;,&quot;animation&quot;:&quot;fadeIn&quot;}\">\n\t\t\t\t<div class=\"elementor-element elementor-element-8e218b9 elementor-widget__width-initial elementor-absolute elementor-invisible elementor-widget elementor-widget-spacer\" data-id=\"8e218b9\" data-element_type=\"widget\" data-settings=\"{&quot;_position&quot;:&quot;absolute&quot;,&quot;_animation&quot;:&quot;fadeInLeft&quot;,&quot;_animation_delay&quot;:300}\" data-widget_type=\"spacer.default\">\n\t\t\t\t<div class=\"elementor-widget-container\">\n\t\t\t\t\t\t\t<div class=\"elementor-spacer\">\n\t\t\t<div class=\"elementor-spacer-inner\"><\/div>\n\t\t<\/div>\n\t\t\t\t\t\t<\/div>\n\t\t\t\t<\/div>\n\t\t\t\t<div class=\"elementor-element elementor-element-d563d70 elementor-widget elementor-widget-heading\" data-id=\"d563d70\" data-element_type=\"widget\" data-widget_type=\"heading.default\">\n\t\t\t\t<div class=\"elementor-widget-container\">\n\t\t\t\t\t<h2 class=\"elementor-heading-title elementor-size-default\">Your worries are our priorities 24h service 365 days a year<\/h2>\t\t\t\t<\/div>\n\t\t\t\t<\/div>\n\t\t\t\t<div class=\"elementor-element elementor-element-c59a4b3 elementor-widget__width-initial elementor-absolute elementor-invisible elementor-widget elementor-widget-spacer\" data-id=\"c59a4b3\" data-element_type=\"widget\" data-settings=\"{&quot;_position&quot;:&quot;absolute&quot;,&quot;_animation&quot;:&quot;fadeInUp&quot;,&quot;_animation_delay&quot;:300}\" data-widget_type=\"spacer.default\">\n\t\t\t\t<div class=\"elementor-widget-container\">\n\t\t\t\t\t\t\t<div class=\"elementor-spacer\">\n\t\t\t<div class=\"elementor-spacer-inner\"><\/div>\n\t\t<\/div>\n\t\t\t\t\t\t<\/div>\n\t\t\t\t<\/div>\n\t\t\t\t<div class=\"elementor-element elementor-element-cc0e17b elementor-align-left elementor-widget elementor-widget-button\" data-id=\"cc0e17b\" data-element_type=\"widget\" data-widget_type=\"button.default\">\n\t\t\t\t<div class=\"elementor-widget-container\">\n\t\t\t\t\t\t\t\t\t<div class=\"elementor-button-wrapper\">\n\t\t\t\t\t<a class=\"elementor-button elementor-button-link elementor-size-sm\" href=\"https:\/\/decomantgroup.com\/en\/contact\/\">\n\t\t\t\t\t\t<span class=\"elementor-button-content-wrapper\">\n\t\t\t\t\t\t<span class=\"elementor-button-icon\">\n\t\t\t\t<svg aria-hidden=\"true\" class=\"e-font-icon-svg e-fas-long-arrow-alt-right\" viewbox=\"0 0 448 512\" xmlns=\"http:\/\/www.w3.org\/2000\/svg\"><path d=\"M313.941 216H12c-6.627 0-12 5.373-12 12v56c0 6.627 5.373 12 12 12h301.941v46.059c0 21.382 25.851 32.09 40.971 16.971l86.059-86.059c9.373-9.373 9.373-24.569 0-33.941l-86.059-86.059c-15.119-15.119-40.971-4.411-40.971 16.971V216z\"><\/path><\/svg>\t\t\t<\/span>\n\t\t\t\t\t\t\t\t\t<span class=\"elementor-button-text\">Contact<\/span>\n\t\t\t\t\t<\/span>\n\t\t\t\t\t<\/a>\n\t\t\t\t<\/div>\n\t\t\t\t\t\t\t\t<\/div>\n\t\t\t\t<\/div>\n\t\t\t\t<\/div>\n\t\t\t\t<div class=\"elementor-element elementor-element-1d133c2 elementor-widget elementor-widget-spacer\" data-id=\"1d133c2\" data-element_type=\"widget\" data-widget_type=\"spacer.default\">\n\t\t\t\t<div class=\"elementor-widget-container\">\n\t\t\t\t\t\t\t<div class=\"elementor-spacer\">\n\t\t\t<div class=\"elementor-spacer-inner\"><\/div>\n\t\t<\/div>\n\t\t\t\t\t\t<\/div>\n\t\t\t\t<\/div>\n\t\t\t\t\t<\/div>\n\t\t\t\t<\/div>\n\t\t\t\t<\/div>\n\t\t\t\t<\/div>","protected":false},"excerpt":{"rendered":"<p>History \"A long journey by your side\" Decomant Group The Decomant Group incorporates the companies Decomant S.L. (Andorra), Pic Restauraci\u00f3 [...]<\/p>","protected":false},"author":3,"featured_media":0,"parent":0,"menu_order":0,"comment_status":"closed","ping_status":"closed","template":"","meta":{"_monsterinsights_skip_tracking":false,"_monsterinsights_sitenote_active":false,"_monsterinsights_sitenote_note":"","_monsterinsights_sitenote_category":0,"site-sidebar-layout":"no-sidebar","site-content-layout":"","ast-site-content-layout":"full-width-container","site-content-style":"default","site-sidebar-style":"default","ast-global-header-display":"","ast-banner-title-visibility":"","ast-main-header-display":"","ast-hfb-above-header-display":"","ast-hfb-below-header-display":"","ast-hfb-mobile-header-display":"","site-post-title":"disabled","ast-breadcrumbs-content":"","ast-featured-img":"disabled","footer-sml-layout":"","theme-transparent-header-meta":"","adv-header-id-meta":"","stick-header-meta":"","header-above-stick-meta":"","header-main-stick-meta":"","header-below-stick-meta":"","astra-migrate-meta-layouts":"default","ast-page-background-enabled":"default","ast-page-background-meta":{"desktop":{"background-color":"var(--ast-global-color-4)","background-image":"","background-repeat":"repeat","background-position":"center center","background-size":"auto","background-attachment":"scroll","background-type":"","background-media":"","overlay-type":"","overlay-color":"","overlay-opacity":"","overlay-gradient":""},"tablet":{"background-color":"","background-image":"","background-repeat":"repeat","background-position":"center center","background-size":"auto","background-attachment":"scroll","background-type":"","background-media":"","overlay-type":"","overlay-color":"","overlay-opacity":"","overlay-gradient":""},"mobile":{"background-color":"","background-image":"","background-repeat":"repeat","background-position":"center center","background-size":"auto","background-attachment":"scroll","background-type":"","background-media":"","overlay-type":"","overlay-color":"","overlay-opacity":"","overlay-gradient":""}},"ast-content-background-meta":{"desktop":{"background-color":"var(--ast-global-color-5)","background-image":"","background-repeat":"repeat","background-position":"center center","background-size":"auto","background-attachment":"scroll","background-type":"","background-media":"","overlay-type":"","overlay-color":"","overlay-opacity":"","overlay-gradient":""},"tablet":{"background-color":"var(--ast-global-color-5)","background-image":"","background-repeat":"repeat","background-position":"center center","background-size":"auto","background-attachment":"scroll","background-type":"","background-media":"","overlay-type":"","overlay-color":"","overlay-opacity":"","overlay-gradient":""},"mobile":{"background-color":"var(--ast-global-color-5)","background-image":"","background-repeat":"repeat","background-position":"center center","background-size":"auto","background-attachment":"scroll","background-type":"","background-media":"","overlay-type":"","overlay-color":"","overlay-opacity":"","overlay-gradient":""}},"footnotes":""},"yoast_head":"<!-- This site is optimized with the Yoast SEO plugin v24.2 - https:\/\/yoast.com\/wordpress\/plugins\/seo\/ -->\n<title>Un largo recorrido a tu lado - Decomant Andorra<\/title>\n<meta name=\"description\" content=\"Decomant se fund\u00f3 en Andorra hace m\u00e1s de 30 a\u00f1os y es l\u00edder en el sector de la higienizaci\u00f3n y desinfecci\u00f3n de sistemas de extracci\u00f3n.\" \/>\n<meta name=\"robots\" content=\"index, follow, max-snippet:-1, max-image-preview:large, max-video-preview:-1\" \/>\n<link rel=\"canonical\" href=\"https:\/\/decomantgroup.com\/en\/historia-2\/\" \/>\n<meta property=\"og:locale\" content=\"en_GB\" \/>\n<meta property=\"og:type\" content=\"article\" \/>\n<meta property=\"og:title\" content=\"Un largo recorrido a tu lado - Decomant Andorra\" \/>\n<meta property=\"og:description\" content=\"Decomant se fund\u00f3 en Andorra hace m\u00e1s de 30 a\u00f1os y es l\u00edder en el sector de la higienizaci\u00f3n y desinfecci\u00f3n de sistemas de extracci\u00f3n.\" \/>\n<meta property=\"og:url\" content=\"https:\/\/decomantgroup.com\/en\/historia-2\/\" \/>\n<meta property=\"og:site_name\" content=\"Decomant Andorra\" \/>\n<meta property=\"article:publisher\" content=\"https:\/\/www.facebook.com\/decomantgroup\/\" \/>\n<meta property=\"article:modified_time\" content=\"2025-08-04T16:05:49+00:00\" \/>\n<meta name=\"twitter:card\" content=\"summary_large_image\" \/>\n<meta name=\"twitter:site\" content=\"@DecomantGroup\" \/>\n<meta name=\"twitter:label1\" content=\"Estimated reading time\" \/>\n\t<meta name=\"twitter:data1\" content=\"2 minutes\" \/>\n<script type=\"application\/ld+json\" class=\"yoast-schema-graph\">{\"@context\":\"https:\/\/schema.org\",\"@graph\":[{\"@type\":\"WebPage\",\"@id\":\"https:\/\/decomantgroup.com\/historia-2\/\",\"url\":\"https:\/\/decomantgroup.com\/historia-2\/\",\"name\":\"Un largo recorrido a tu lado - Decomant Andorra\",\"isPartOf\":{\"@id\":\"https:\/\/decomantgroup.com\/#website\"},\"datePublished\":\"2025-08-04T10:36:53+00:00\",\"dateModified\":\"2025-08-04T16:05:49+00:00\",\"description\":\"Decomant se fund\u00f3 en Andorra hace m\u00e1s de 30 a\u00f1os y es l\u00edder en el sector de la higienizaci\u00f3n y desinfecci\u00f3n de sistemas de extracci\u00f3n.\",\"breadcrumb\":{\"@id\":\"https:\/\/decomantgroup.com\/historia-2\/#breadcrumb\"},\"inLanguage\":\"en-GB\",\"potentialAction\":[{\"@type\":\"ReadAction\",\"target\":[\"https:\/\/decomantgroup.com\/historia-2\/\"]}]},{\"@type\":\"BreadcrumbList\",\"@id\":\"https:\/\/decomantgroup.com\/historia-2\/#breadcrumb\",\"itemListElement\":[{\"@type\":\"ListItem\",\"position\":1,\"name\":\"Portada\",\"item\":\"https:\/\/decomantgroup.com\/\"},{\"@type\":\"ListItem\",\"position\":2,\"name\":\"Historia\"}]},{\"@type\":\"WebSite\",\"@id\":\"https:\/\/decomantgroup.com\/#website\",\"url\":\"https:\/\/decomantgroup.com\/\",\"name\":\"https:\/\/decomantgroup.com\/\",\"description\":\"Servicios de mantenimiento para particulares y empresas\",\"publisher\":{\"@id\":\"https:\/\/decomantgroup.com\/#organization\"},\"potentialAction\":[{\"@type\":\"SearchAction\",\"target\":{\"@type\":\"EntryPoint\",\"urlTemplate\":\"https:\/\/decomantgroup.com\/?s={search_term_string}\"},\"query-input\":{\"@type\":\"PropertyValueSpecification\",\"valueRequired\":true,\"valueName\":\"search_term_string\"}}],\"inLanguage\":\"en-GB\"},{\"@type\":\"Organization\",\"@id\":\"https:\/\/decomantgroup.com\/#organization\",\"name\":\"Decomant Group\",\"url\":\"https:\/\/decomantgroup.com\/\",\"logo\":{\"@type\":\"ImageObject\",\"inLanguage\":\"en-GB\",\"@id\":\"https:\/\/decomantgroup.com\/#\/schema\/logo\/image\/\",\"url\":\"https:\/\/decomantgroup.com\/wp-content\/uploads\/2024\/08\/Logos-Decomant_Mesa-de-trabajo-1-copia.jpg\",\"contentUrl\":\"https:\/\/decomantgroup.com\/wp-content\/uploads\/2024\/08\/Logos-Decomant_Mesa-de-trabajo-1-copia.jpg\",\"width\":768,\"height\":693,\"caption\":\"Decomant Group\"},\"image\":{\"@id\":\"https:\/\/decomantgroup.com\/#\/schema\/logo\/image\/\"},\"sameAs\":[\"https:\/\/www.facebook.com\/decomantgroup\/\",\"https:\/\/x.com\/DecomantGroup\",\"https:\/\/www.instagram.com\/decomantgroup\/\"]}]}<\/script>\n<!-- \/ Yoast SEO plugin. -->","yoast_head_json":{"title":"Un largo recorrido a tu lado - Decomant Andorra","description":"Decomant se fund\u00f3 en Andorra hace m\u00e1s de 30 a\u00f1os y es l\u00edder en el sector de la higienizaci\u00f3n y desinfecci\u00f3n de sistemas de extracci\u00f3n.","robots":{"index":"index","follow":"follow","max-snippet":"max-snippet:-1","max-image-preview":"max-image-preview:large","max-video-preview":"max-video-preview:-1"},"canonical":"https:\/\/decomantgroup.com\/en\/historia-2\/","og_locale":"en_GB","og_type":"article","og_title":"Un largo recorrido a tu lado - Decomant Andorra","og_description":"Decomant se fund\u00f3 en Andorra hace m\u00e1s de 30 a\u00f1os y es l\u00edder en el sector de la higienizaci\u00f3n y desinfecci\u00f3n de sistemas de extracci\u00f3n.","og_url":"https:\/\/decomantgroup.com\/en\/historia-2\/","og_site_name":"Decomant Andorra","article_publisher":"https:\/\/www.facebook.com\/decomantgroup\/","article_modified_time":"2025-08-04T16:05:49+00:00","twitter_card":"summary_large_image","twitter_site":"@DecomantGroup","twitter_misc":{"Estimated reading time":"2 minutes"},"schema":{"@context":"https:\/\/schema.org","@graph":[{"@type":"WebPage","@id":"https:\/\/decomantgroup.com\/historia-2\/","url":"https:\/\/decomantgroup.com\/historia-2\/","name":"Un largo recorrido a tu lado - Decomant Andorra","isPartOf":{"@id":"https:\/\/decomantgroup.com\/#website"},"datePublished":"2025-08-04T10:36:53+00:00","dateModified":"2025-08-04T16:05:49+00:00","description":"Decomant se fund\u00f3 en Andorra hace m\u00e1s de 30 a\u00f1os y es l\u00edder en el sector de la higienizaci\u00f3n y desinfecci\u00f3n de sistemas de extracci\u00f3n.","breadcrumb":{"@id":"https:\/\/decomantgroup.com\/historia-2\/#breadcrumb"},"inLanguage":"en-GB","potentialAction":[{"@type":"ReadAction","target":["https:\/\/decomantgroup.com\/historia-2\/"]}]},{"@type":"BreadcrumbList","@id":"https:\/\/decomantgroup.com\/historia-2\/#breadcrumb","itemListElement":[{"@type":"ListItem","position":1,"name":"Portada","item":"https:\/\/decomantgroup.com\/"},{"@type":"ListItem","position":2,"name":"Historia"}]},{"@type":"WebSite","@id":"https:\/\/decomantgroup.com\/#website","url":"https:\/\/decomantgroup.com\/","name":"https:\/\/decomantgroup.com\/","description":"Servicios de mantenimiento para particulares y empresas","publisher":{"@id":"https:\/\/decomantgroup.com\/#organization"},"potentialAction":[{"@type":"SearchAction","target":{"@type":"EntryPoint","urlTemplate":"https:\/\/decomantgroup.com\/?s={search_term_string}"},"query-input":{"@type":"PropertyValueSpecification","valueRequired":true,"valueName":"search_term_string"}}],"inLanguage":"en-GB"},{"@type":"Organization","@id":"https:\/\/decomantgroup.com\/#organization","name":"Decomant Group","url":"https:\/\/decomantgroup.com\/","logo":{"@type":"ImageObject","inLanguage":"en-GB","@id":"https:\/\/decomantgroup.com\/#\/schema\/logo\/image\/","url":"https:\/\/decomantgroup.com\/wp-content\/uploads\/2024\/08\/Logos-Decomant_Mesa-de-trabajo-1-copia.jpg","contentUrl":"https:\/\/decomantgroup.com\/wp-content\/uploads\/2024\/08\/Logos-Decomant_Mesa-de-trabajo-1-copia.jpg","width":768,"height":693,"caption":"Decomant Group"},"image":{"@id":"https:\/\/decomantgroup.com\/#\/schema\/logo\/image\/"},"sameAs":["https:\/\/www.facebook.com\/decomantgroup\/","https:\/\/x.com\/DecomantGroup","https:\/\/www.instagram.com\/decomantgroup\/"]}]}},"_links":{"self":[{"href":"https:\/\/decomantgroup.com\/en\/wp-json\/wp\/v2\/pages\/2552"}],"collection":[{"href":"https:\/\/decomantgroup.com\/en\/wp-json\/wp\/v2\/pages"}],"about":[{"href":"https:\/\/decomantgroup.com\/en\/wp-json\/wp\/v2\/types\/page"}],"author":[{"embeddable":true,"href":"https:\/\/decomantgroup.com\/en\/wp-json\/wp\/v2\/users\/3"}],"replies":[{"embeddable":true,"href":"https:\/\/decomantgroup.com\/en\/wp-json\/wp\/v2\/comments?post=2552"}],"version-history":[{"count":3,"href":"https:\/\/decomantgroup.com\/en\/wp-json\/wp\/v2\/pages\/2552\/revisions"}],"predecessor-version":[{"id":2644,"href":"https:\/\/decomantgroup.com\/en\/wp-json\/wp\/v2\/pages\/2552\/revisions\/2644"}],"wp:attachment":[{"href":"https:\/\/decomantgroup.com\/en\/wp-json\/wp\/v2\/media?parent=2552"}],"curies":[{"name":"wp","href":"https:\/\/api.w.org\/{rel}","templated":true}]}}