{"id":537,"date":"2024-07-24T11:29:06","date_gmt":"2024-07-24T11:29:06","guid":{"rendered":"https:\/\/decomantgroup.com\/?page_id=537"},"modified":"2025-04-08T07:21:35","modified_gmt":"2025-04-08T07:21:35","slug":"privacy-policy","status":"publish","type":"page","link":"https:\/\/decomantgroup.com\/en\/privacy-policy\/","title":{"rendered":"Privacy policy"},"content":{"rendered":"<div data-elementor-type=\"wp-page\" data-elementor-id=\"537\" class=\"elementor elementor-537\" data-elementor-post-type=\"page\">\n\t\t\t\t<div class=\"elementor-element elementor-element-45a43b3 e-flex e-con-boxed e-con e-parent\" data-id=\"45a43b3\" data-element_type=\"container\" data-settings=\"{&quot;background_background&quot;:&quot;classic&quot;}\">\n\t\t\t\t\t<div class=\"e-con-inner\">\n\t\t<div class=\"elementor-element elementor-element-3bd9715 e-flex e-con-boxed e-con e-child\" data-id=\"3bd9715\" data-element_type=\"container\">\n\t\t\t\t\t<div class=\"e-con-inner\">\n\t\t\t\t<div class=\"elementor-element elementor-element-caa53f6 elementor-widget elementor-widget-heading\" data-id=\"caa53f6\" data-element_type=\"widget\" data-widget_type=\"heading.default\">\n\t\t\t\t<div class=\"elementor-widget-container\">\n\t\t\t\t\t<h1 class=\"elementor-heading-title elementor-size-default\">Privacy policy<\/h1>\t\t\t\t<\/div>\n\t\t\t\t<\/div>\n\t\t\t\t\t<\/div>\n\t\t\t\t<\/div>\n\t\t\t\t\t<\/div>\n\t\t\t\t<\/div>\n\t\t<div class=\"elementor-element elementor-element-1815b29 e-flex e-con-boxed e-con e-parent\" data-id=\"1815b29\" data-element_type=\"container\">\n\t\t\t\t\t<div class=\"e-con-inner\">\n\t\t<div class=\"elementor-element elementor-element-9024902 e-con-full e-flex e-con e-child\" data-id=\"9024902\" data-element_type=\"container\">\n\t\t\t\t<div class=\"elementor-element elementor-element-e6f210d elementor-widget elementor-widget-text-editor\" data-id=\"e6f210d\" data-element_type=\"widget\" data-widget_type=\"text-editor.default\">\n\t\t\t\t<div class=\"elementor-widget-container\">\n\t\t\t\t\t\t\t\t\t<p><span lang=\"CA\"><strong>Data controller:<\/strong><br \/><strong>Identity:<\/strong>\u00a0PIC RESTAURACI\u00d3, S.L.U.<br \/><strong>Registered office:<\/strong>\u00a0CTRA. D'ARINSAL, ZONA INDUSTRIAL TEIXID\u00d3, NAU 4, PLANTA 2\u00aa, LOCAL 3, AD400<br \/>La Massana<br \/>TIN: L-707929-W<br \/><strong>Email:<\/strong>\u00a0gestio@picrestauracio.com<br \/><br \/>By signing this document, you consent to the processing of your data for the purposes detailed below by PIC RESTAURACI\u00d3, S.L.U.<br \/><br \/>In accordance with the provisions of Law 29\/2021, of 28 October, on the protection of personal data, we hereby inform you that the data you provide us with will be included and processed in the files owned by the data controller PIC RESTAURACI\u00d3, S.L.U.<br \/><br \/><strong>Purposes of processing<\/strong><br \/><br \/>PIC RESTAURACI\u00d3, S.L.U. processes the information provided by interested parties for the following purposes:<br \/>- Manage orders or contract any of our services (in person and online);<br \/>- To manage the sending of the information you request from us.<br \/>- To carry out commercial actions and to maintain and manage the relationship with the user.<br \/><br \/><strong>Legitimation for processing<\/strong><br \/><br \/>The processing of your data can be based on the following legal bases:<br \/>\u00a0<br \/>- Execution of a contract or provision of a service on the basis of a business relationship with the consent of the data subject.<br \/>- Legitimate interest in sending commercial information about products and services (direct marketing).<br \/>- Legitimate interest in contacting and maintaining relationships with customers and suppliers.<br \/>- Compliance with legal obligations for fraud prevention, communication with authorities and third party claims.<br \/>- Explicit consent of the user (contact forms, requests for information or subscription to newsletters).<br \/><br \/><strong>Data recipients<\/strong><\/span><br \/>\u00a0<\/p><ul><li>In some cases, only when necessary, PIC RESTAURACI\u00d3, S.L.U. will provide user data to third parties. However, the data will never be sold to third parties.<\/li><li><span lang=\"CA\">External service providers (e.g. payment providers or delivery companies) with whom the data may be used to provide the relevant Services are obliged to ensure that the information is handled in accordance with data privacy regulations.<\/span><\/li><li><span lang=\"CA\">In some cases, the law may require disclosure of personal data to public bodies or others. In this case, only that which is strictly necessary for the fulfilment of these legal obligations will be disclosed.<\/span><\/li><li><span lang=\"CA\">The personal data obtained may also be shared with other group companies.<\/span><\/li><\/ul><p><br \/><br \/><span lang=\"CA\"><strong>Rights of the data subject<\/strong><br \/><br \/>you can send your communications and exercise your rights by sending a request to the following e-mail address: gestio@picrestauracio.com. Pursuant to the provisions of Law 29\/2021, of 28 October, on the protection of personal data, you may request the right of access, the right to rectification, the right to erasure and oblivion, the right to limit processing, the right to object, the right to portability and the right not to be subject to individualised decisions.<\/span><\/p>\t\t\t\t\t\t\t\t<\/div>\n\t\t\t\t<\/div>\n\t\t\t\t<\/div>\n\t\t\t\t\t<\/div>\n\t\t\t\t<\/div>\n\t\t\t\t<\/div>","protected":false},"excerpt":{"rendered":"<p>Pol\u00edtica de privacidad Responsable del tratamiento:Identidad:\u00a0PIC RESTAURACI\u00d3, S.L.U.Domicilio social:\u00a0CTRA. D&#8217;ARINSAL, ZONA INDUSTRIAL TEIXID\u00d3, NAU 4, PLANTA 2\u00aa, LOCAL 3, AD400La [&hellip;]<\/p>","protected":false},"author":1,"featured_media":0,"parent":0,"menu_order":0,"comment_status":"closed","ping_status":"closed","template":"","meta":{"_monsterinsights_skip_tracking":false,"_monsterinsights_sitenote_active":false,"_monsterinsights_sitenote_note":"","_monsterinsights_sitenote_category":0,"site-sidebar-layout":"no-sidebar","site-content-layout":"","ast-site-content-layout":"full-width-container","site-content-style":"default","site-sidebar-style":"default","ast-global-header-display":"","ast-banner-title-visibility":"","ast-main-header-display":"","ast-hfb-above-header-display":"","ast-hfb-below-header-display":"","ast-hfb-mobile-header-display":"","site-post-title":"disabled","ast-breadcrumbs-content":"","ast-featured-img":"disabled","footer-sml-layout":"","theme-transparent-header-meta":"","adv-header-id-meta":"","stick-header-meta":"","header-above-stick-meta":"","header-main-stick-meta":"","header-below-stick-meta":"","astra-migrate-meta-layouts":"default","ast-page-background-enabled":"default","ast-page-background-meta":{"desktop":{"background-color":"var(--ast-global-color-4)","background-image":"","background-repeat":"repeat","background-position":"center center","background-size":"auto","background-attachment":"scroll","background-type":"","background-media":"","overlay-type":"","overlay-color":"","overlay-opacity":"","overlay-gradient":""},"tablet":{"background-color":"","background-image":"","background-repeat":"repeat","background-position":"center center","background-size":"auto","background-attachment":"scroll","background-type":"","background-media":"","overlay-type":"","overlay-color":"","overlay-opacity":"","overlay-gradient":""},"mobile":{"background-color":"","background-image":"","background-repeat":"repeat","background-position":"center center","background-size":"auto","background-attachment":"scroll","background-type":"","background-media":"","overlay-type":"","overlay-color":"","overlay-opacity":"","overlay-gradient":""}},"ast-content-background-meta":{"desktop":{"background-color":"var(--ast-global-color-5)","background-image":"","background-repeat":"repeat","background-position":"center center","background-size":"auto","background-attachment":"scroll","background-type":"","background-media":"","overlay-type":"","overlay-color":"","overlay-opacity":"","overlay-gradient":""},"tablet":{"background-color":"var(--ast-global-color-5)","background-image":"","background-repeat":"repeat","background-position":"center center","background-size":"auto","background-attachment":"scroll","background-type":"","background-media":"","overlay-type":"","overlay-color":"","overlay-opacity":"","overlay-gradient":""},"mobile":{"background-color":"var(--ast-global-color-5)","background-image":"","background-repeat":"repeat","background-position":"center center","background-size":"auto","background-attachment":"scroll","background-type":"","background-media":"","overlay-type":"","overlay-color":"","overlay-opacity":"","overlay-gradient":""}},"footnotes":""},"yoast_head":"<!-- This site is optimized with the Yoast SEO plugin v24.2 - https:\/\/yoast.com\/wordpress\/plugins\/seo\/ -->\n<title>Pol\u00edtica de privacidad - Decomant Andorra<\/title>\n<meta name=\"description\" content=\"Consulta la pol\u00edtica de privacidad de Decomant para conocer c\u00f3mo protegemos tus datos personales y cumplimos con la normativa vigente.\" \/>\n<meta name=\"robots\" content=\"index, follow, max-snippet:-1, max-image-preview:large, max-video-preview:-1\" \/>\n<link rel=\"canonical\" href=\"https:\/\/decomantgroup.com\/en\/privacy-policy\/\" \/>\n<meta property=\"og:locale\" content=\"en_GB\" \/>\n<meta property=\"og:type\" content=\"article\" \/>\n<meta property=\"og:title\" content=\"Pol\u00edtica de privacidad - Decomant Andorra\" \/>\n<meta property=\"og:description\" content=\"Consulta la pol\u00edtica de privacidad de Decomant para conocer c\u00f3mo protegemos tus datos personales y cumplimos con la normativa vigente.\" \/>\n<meta property=\"og:url\" content=\"https:\/\/decomantgroup.com\/en\/privacy-policy\/\" \/>\n<meta property=\"og:site_name\" content=\"Decomant Andorra\" \/>\n<meta property=\"article:publisher\" content=\"https:\/\/www.facebook.com\/decomantgroup\/\" \/>\n<meta property=\"article:modified_time\" content=\"2025-04-08T07:21:35+00:00\" \/>\n<meta name=\"twitter:card\" content=\"summary_large_image\" \/>\n<meta name=\"twitter:site\" content=\"@DecomantGroup\" \/>\n<meta name=\"twitter:label1\" content=\"Estimated reading time\" \/>\n\t<meta name=\"twitter:data1\" content=\"3 minutes\" \/>\n<script type=\"application\/ld+json\" class=\"yoast-schema-graph\">{\"@context\":\"https:\/\/schema.org\",\"@graph\":[{\"@type\":\"WebPage\",\"@id\":\"https:\/\/decomantgroup.com\/politica-de-privacidad\/\",\"url\":\"https:\/\/decomantgroup.com\/politica-de-privacidad\/\",\"name\":\"Pol\u00edtica de privacidad - Decomant Andorra\",\"isPartOf\":{\"@id\":\"https:\/\/decomantgroup.com\/#website\"},\"datePublished\":\"2024-07-24T11:29:06+00:00\",\"dateModified\":\"2025-04-08T07:21:35+00:00\",\"description\":\"Consulta la pol\u00edtica de privacidad de Decomant para conocer c\u00f3mo protegemos tus datos personales y cumplimos con la normativa vigente.\",\"breadcrumb\":{\"@id\":\"https:\/\/decomantgroup.com\/politica-de-privacidad\/#breadcrumb\"},\"inLanguage\":\"en-GB\",\"potentialAction\":[{\"@type\":\"ReadAction\",\"target\":[\"https:\/\/decomantgroup.com\/politica-de-privacidad\/\"]}]},{\"@type\":\"BreadcrumbList\",\"@id\":\"https:\/\/decomantgroup.com\/politica-de-privacidad\/#breadcrumb\",\"itemListElement\":[{\"@type\":\"ListItem\",\"position\":1,\"name\":\"Portada\",\"item\":\"https:\/\/decomantgroup.com\/\"},{\"@type\":\"ListItem\",\"position\":2,\"name\":\"Pol\u00edtica de privacidad\"}]},{\"@type\":\"WebSite\",\"@id\":\"https:\/\/decomantgroup.com\/#website\",\"url\":\"https:\/\/decomantgroup.com\/\",\"name\":\"https:\/\/decomantgroup.com\/\",\"description\":\"Servicios de mantenimiento para particulares y empresas\",\"publisher\":{\"@id\":\"https:\/\/decomantgroup.com\/#organization\"},\"potentialAction\":[{\"@type\":\"SearchAction\",\"target\":{\"@type\":\"EntryPoint\",\"urlTemplate\":\"https:\/\/decomantgroup.com\/?s={search_term_string}\"},\"query-input\":{\"@type\":\"PropertyValueSpecification\",\"valueRequired\":true,\"valueName\":\"search_term_string\"}}],\"inLanguage\":\"en-GB\"},{\"@type\":\"Organization\",\"@id\":\"https:\/\/decomantgroup.com\/#organization\",\"name\":\"Decomant Group\",\"url\":\"https:\/\/decomantgroup.com\/\",\"logo\":{\"@type\":\"ImageObject\",\"inLanguage\":\"en-GB\",\"@id\":\"https:\/\/decomantgroup.com\/#\/schema\/logo\/image\/\",\"url\":\"https:\/\/decomantgroup.com\/wp-content\/uploads\/2024\/08\/Logos-Decomant_Mesa-de-trabajo-1-copia.jpg\",\"contentUrl\":\"https:\/\/decomantgroup.com\/wp-content\/uploads\/2024\/08\/Logos-Decomant_Mesa-de-trabajo-1-copia.jpg\",\"width\":768,\"height\":693,\"caption\":\"Decomant Group\"},\"image\":{\"@id\":\"https:\/\/decomantgroup.com\/#\/schema\/logo\/image\/\"},\"sameAs\":[\"https:\/\/www.facebook.com\/decomantgroup\/\",\"https:\/\/x.com\/DecomantGroup\",\"https:\/\/www.instagram.com\/decomantgroup\/\"]}]}<\/script>\n<!-- \/ Yoast SEO plugin. -->","yoast_head_json":{"title":"Pol\u00edtica de privacidad - Decomant Andorra","description":"Consulta la pol\u00edtica de privacidad de Decomant para conocer c\u00f3mo protegemos tus datos personales y cumplimos con la normativa vigente.","robots":{"index":"index","follow":"follow","max-snippet":"max-snippet:-1","max-image-preview":"max-image-preview:large","max-video-preview":"max-video-preview:-1"},"canonical":"https:\/\/decomantgroup.com\/en\/privacy-policy\/","og_locale":"en_GB","og_type":"article","og_title":"Pol\u00edtica de privacidad - Decomant Andorra","og_description":"Consulta la pol\u00edtica de privacidad de Decomant para conocer c\u00f3mo protegemos tus datos personales y cumplimos con la normativa vigente.","og_url":"https:\/\/decomantgroup.com\/en\/privacy-policy\/","og_site_name":"Decomant Andorra","article_publisher":"https:\/\/www.facebook.com\/decomantgroup\/","article_modified_time":"2025-04-08T07:21:35+00:00","twitter_card":"summary_large_image","twitter_site":"@DecomantGroup","twitter_misc":{"Estimated reading time":"3 minutes"},"schema":{"@context":"https:\/\/schema.org","@graph":[{"@type":"WebPage","@id":"https:\/\/decomantgroup.com\/politica-de-privacidad\/","url":"https:\/\/decomantgroup.com\/politica-de-privacidad\/","name":"Pol\u00edtica de privacidad - Decomant Andorra","isPartOf":{"@id":"https:\/\/decomantgroup.com\/#website"},"datePublished":"2024-07-24T11:29:06+00:00","dateModified":"2025-04-08T07:21:35+00:00","description":"Consulta la pol\u00edtica de privacidad de Decomant para conocer c\u00f3mo protegemos tus datos personales y cumplimos con la normativa vigente.","breadcrumb":{"@id":"https:\/\/decomantgroup.com\/politica-de-privacidad\/#breadcrumb"},"inLanguage":"en-GB","potentialAction":[{"@type":"ReadAction","target":["https:\/\/decomantgroup.com\/politica-de-privacidad\/"]}]},{"@type":"BreadcrumbList","@id":"https:\/\/decomantgroup.com\/politica-de-privacidad\/#breadcrumb","itemListElement":[{"@type":"ListItem","position":1,"name":"Portada","item":"https:\/\/decomantgroup.com\/"},{"@type":"ListItem","position":2,"name":"Pol\u00edtica de privacidad"}]},{"@type":"WebSite","@id":"https:\/\/decomantgroup.com\/#website","url":"https:\/\/decomantgroup.com\/","name":"https:\/\/decomantgroup.com\/","description":"Servicios de mantenimiento para particulares y empresas","publisher":{"@id":"https:\/\/decomantgroup.com\/#organization"},"potentialAction":[{"@type":"SearchAction","target":{"@type":"EntryPoint","urlTemplate":"https:\/\/decomantgroup.com\/?s={search_term_string}"},"query-input":{"@type":"PropertyValueSpecification","valueRequired":true,"valueName":"search_term_string"}}],"inLanguage":"en-GB"},{"@type":"Organization","@id":"https:\/\/decomantgroup.com\/#organization","name":"Decomant Group","url":"https:\/\/decomantgroup.com\/","logo":{"@type":"ImageObject","inLanguage":"en-GB","@id":"https:\/\/decomantgroup.com\/#\/schema\/logo\/image\/","url":"https:\/\/decomantgroup.com\/wp-content\/uploads\/2024\/08\/Logos-Decomant_Mesa-de-trabajo-1-copia.jpg","contentUrl":"https:\/\/decomantgroup.com\/wp-content\/uploads\/2024\/08\/Logos-Decomant_Mesa-de-trabajo-1-copia.jpg","width":768,"height":693,"caption":"Decomant Group"},"image":{"@id":"https:\/\/decomantgroup.com\/#\/schema\/logo\/image\/"},"sameAs":["https:\/\/www.facebook.com\/decomantgroup\/","https:\/\/x.com\/DecomantGroup","https:\/\/www.instagram.com\/decomantgroup\/"]}]}},"_links":{"self":[{"href":"https:\/\/decomantgroup.com\/en\/wp-json\/wp\/v2\/pages\/537"}],"collection":[{"href":"https:\/\/decomantgroup.com\/en\/wp-json\/wp\/v2\/pages"}],"about":[{"href":"https:\/\/decomantgroup.com\/en\/wp-json\/wp\/v2\/types\/page"}],"author":[{"embeddable":true,"href":"https:\/\/decomantgroup.com\/en\/wp-json\/wp\/v2\/users\/1"}],"replies":[{"embeddable":true,"href":"https:\/\/decomantgroup.com\/en\/wp-json\/wp\/v2\/comments?post=537"}],"version-history":[{"count":4,"href":"https:\/\/decomantgroup.com\/en\/wp-json\/wp\/v2\/pages\/537\/revisions"}],"predecessor-version":[{"id":571,"href":"https:\/\/decomantgroup.com\/en\/wp-json\/wp\/v2\/pages\/537\/revisions\/571"}],"wp:attachment":[{"href":"https:\/\/decomantgroup.com\/en\/wp-json\/wp\/v2\/media?parent=537"}],"curies":[{"name":"wp","href":"https:\/\/api.w.org\/{rel}","templated":true}]}}