{"id":537,"date":"2024-07-24T11:29:06","date_gmt":"2024-07-24T11:29:06","guid":{"rendered":"https:\/\/decomantgroup.com\/?page_id=537"},"modified":"2025-04-08T07:21:35","modified_gmt":"2025-04-08T07:21:35","slug":"politique-de-confidentialite","status":"publish","type":"page","link":"https:\/\/decomantgroup.com\/fr\/politique-de-confidentialite\/","title":{"rendered":"Politique de confidentialit\u00e9"},"content":{"rendered":"<div data-elementor-type=\"wp-page\" data-elementor-id=\"537\" class=\"elementor elementor-537\" data-elementor-post-type=\"page\">\n\t\t\t\t<div class=\"elementor-element elementor-element-45a43b3 e-flex e-con-boxed e-con e-parent\" data-id=\"45a43b3\" data-element_type=\"container\" data-settings=\"{&quot;background_background&quot;:&quot;classic&quot;}\">\n\t\t\t\t\t<div class=\"e-con-inner\">\n\t\t<div class=\"elementor-element elementor-element-3bd9715 e-flex e-con-boxed e-con e-child\" data-id=\"3bd9715\" data-element_type=\"container\">\n\t\t\t\t\t<div class=\"e-con-inner\">\n\t\t\t\t<div class=\"elementor-element elementor-element-caa53f6 elementor-widget elementor-widget-heading\" data-id=\"caa53f6\" data-element_type=\"widget\" data-widget_type=\"heading.default\">\n\t\t\t\t<div class=\"elementor-widget-container\">\n\t\t\t\t\t<h1 class=\"elementor-heading-title elementor-size-default\">Politique de confidentialit\u00e9<\/h1>\t\t\t\t<\/div>\n\t\t\t\t<\/div>\n\t\t\t\t\t<\/div>\n\t\t\t\t<\/div>\n\t\t\t\t\t<\/div>\n\t\t\t\t<\/div>\n\t\t<div class=\"elementor-element elementor-element-1815b29 e-flex e-con-boxed e-con e-parent\" data-id=\"1815b29\" data-element_type=\"container\">\n\t\t\t\t\t<div class=\"e-con-inner\">\n\t\t<div class=\"elementor-element elementor-element-9024902 e-con-full e-flex e-con e-child\" data-id=\"9024902\" data-element_type=\"container\">\n\t\t\t\t<div class=\"elementor-element elementor-element-e6f210d elementor-widget elementor-widget-text-editor\" data-id=\"e6f210d\" data-element_type=\"widget\" data-widget_type=\"text-editor.default\">\n\t\t\t\t<div class=\"elementor-widget-container\">\n\t\t\t\t\t\t\t\t\t<p><span lang=\"CA\"><strong>Responsable du traitement des donn\u00e9es :<\/strong><br \/><strong>Identit\u00e9 :<\/strong>\u00a0PIC RESTAURACI\u00d3, S.L.U.<br \/><strong>Si\u00e8ge social :<\/strong>\u00a0CTRA. D'ARINSAL, ZONA INDUSTRIAL TEIXID\u00d3, NAU 4, PLANTA 2\u00aa, LOCAL 3, AD400<br \/>La Massana<br \/>\u00c9TAIN : L-707929-W<br \/><strong>Courriel :<\/strong>\u00a0gestio@picrestauracio.com<br \/><br \/>En signant ce document, vous consentez au traitement de vos donn\u00e9es aux fins d\u00e9crites ci-dessous par PIC RESTAURACI\u00d3, S.L.U.<br \/><br \/>Conform\u00e9ment aux dispositions de la loi 29\/2021, du 28 octobre, sur la protection des donn\u00e9es \u00e0 caract\u00e8re personnel, nous vous informons que les donn\u00e9es que vous nous fournissez seront incluses et trait\u00e9es dans les fichiers appartenant au responsable du traitement PIC RESTAURACI\u00d3, S.L.U.<br \/><br \/><strong>Finalit\u00e9s du traitement<\/strong><br \/><br \/>PIC RESTAURACI\u00d3, S.L.U. traite les informations fournies par les personnes int\u00e9ress\u00e9es aux fins suivantes :<br \/>- G\u00e9rer les commandes ou contracter l'un de nos services (en personne et en ligne) ;<br \/>- G\u00e9rer l'envoi des informations que vous nous demandez.<br \/>- mener des actions commerciales et maintenir et g\u00e9rer la relation avec l'utilisateur.<br \/><br \/><strong>L\u00e9gitimation du traitement<\/strong><br \/><br \/>Le traitement de vos donn\u00e9es peut \u00eatre fond\u00e9 sur les bases juridiques suivantes :<br \/>\u00a0<br \/>- Ex\u00e9cution d'un contrat ou fourniture d'un service sur la base d'une relation commerciale avec le consentement de la personne concern\u00e9e.<br \/>- Int\u00e9r\u00eat l\u00e9gitime pour l'envoi d'informations commerciales sur les produits et services (marketing direct).<br \/>- Int\u00e9r\u00eat l\u00e9gitime pour contacter et maintenir des relations avec des clients et des fournisseurs.<br \/>- le respect des obligations l\u00e9gales en mati\u00e8re de pr\u00e9vention de la fraude, de communication avec les autorit\u00e9s et de r\u00e9clamations de tiers.<br \/>- Consentement explicite de l'utilisateur (formulaires de contact, demandes d'information ou abonnement \u00e0 des bulletins d'information).<br \/><br \/><strong>Destinataires des donn\u00e9es<\/strong><\/span><br \/>\u00a0<\/p><ul><li>Dans certains cas, uniquement lorsque cela est n\u00e9cessaire, PIC RESTAURACI\u00d3, S.L.U. fournira les donn\u00e9es de l'utilisateur \u00e0 des tiers. Toutefois, ces donn\u00e9es ne seront jamais vendues \u00e0 des tiers.<\/li><li><span lang=\"CA\">Les prestataires de services externes (par exemple, les prestataires de paiement ou les soci\u00e9t\u00e9s de livraison) avec lesquels les donn\u00e9es peuvent \u00eatre utilis\u00e9es pour fournir les services concern\u00e9s sont tenus de veiller \u00e0 ce que les informations soient trait\u00e9es conform\u00e9ment \u00e0 la r\u00e9glementation relative \u00e0 la protection de la vie priv\u00e9e.<\/span><\/li><li><span lang=\"CA\">Dans certains cas, la loi peut exiger la divulgation de donn\u00e9es \u00e0 caract\u00e8re personnel \u00e0 des organismes publics ou autres. Dans ce cas, seules les donn\u00e9es strictement n\u00e9cessaires \u00e0 l'accomplissement de ces obligations l\u00e9gales seront divulgu\u00e9es.<\/span><\/li><li><span lang=\"CA\">Les donn\u00e9es personnelles obtenues peuvent \u00e9galement \u00eatre partag\u00e9es avec d'autres soci\u00e9t\u00e9s du groupe.<\/span><\/li><\/ul><p><br \/><br \/><span lang=\"CA\"><strong>Droits de la personne concern\u00e9e<\/strong><br \/><br \/>vous pouvez envoyer vos communications et exercer vos droits en envoyant une demande \u00e0 l'adresse \u00e9lectronique suivante : gestio@picrestauracio.com. Conform\u00e9ment aux dispositions de la loi 29\/2021, du 28 octobre, relative \u00e0 la protection des donn\u00e9es \u00e0 caract\u00e8re personnel, vous pouvez demander le droit d'acc\u00e8s, le droit de rectification, le droit \u00e0 l'effacement et \u00e0 l'oubli, le droit \u00e0 la limitation du traitement, le droit d'opposition, le droit \u00e0 la portabilit\u00e9 et le droit de ne pas faire l'objet de d\u00e9cisions individualis\u00e9es.<\/span><\/p>\t\t\t\t\t\t\t\t<\/div>\n\t\t\t\t<\/div>\n\t\t\t\t<\/div>\n\t\t\t\t\t<\/div>\n\t\t\t\t<\/div>\n\t\t\t\t<\/div>","protected":false},"excerpt":{"rendered":"<p>Politique de confidentialit\u00e9 Responsable du traitement:Identit\u00e9 : PIC RESTAURACI\u00d3, S.L.U. Si\u00e8ge social : CTRA. D'ARINSAL, ZONA INDUSTRIAL TEIXID\u00d3, NAU 4, PLANTA 2\u00aa, LOCAL 3, AD400La [...] [...]<\/p>","protected":false},"author":1,"featured_media":0,"parent":0,"menu_order":0,"comment_status":"closed","ping_status":"closed","template":"","meta":{"_monsterinsights_skip_tracking":false,"_monsterinsights_sitenote_active":false,"_monsterinsights_sitenote_note":"","_monsterinsights_sitenote_category":0,"site-sidebar-layout":"no-sidebar","site-content-layout":"","ast-site-content-layout":"full-width-container","site-content-style":"default","site-sidebar-style":"default","ast-global-header-display":"","ast-banner-title-visibility":"","ast-main-header-display":"","ast-hfb-above-header-display":"","ast-hfb-below-header-display":"","ast-hfb-mobile-header-display":"","site-post-title":"disabled","ast-breadcrumbs-content":"","ast-featured-img":"disabled","footer-sml-layout":"","theme-transparent-header-meta":"","adv-header-id-meta":"","stick-header-meta":"","header-above-stick-meta":"","header-main-stick-meta":"","header-below-stick-meta":"","astra-migrate-meta-layouts":"default","ast-page-background-enabled":"default","ast-page-background-meta":{"desktop":{"background-color":"var(--ast-global-color-4)","background-image":"","background-repeat":"repeat","background-position":"center center","background-size":"auto","background-attachment":"scroll","background-type":"","background-media":"","overlay-type":"","overlay-color":"","overlay-opacity":"","overlay-gradient":""},"tablet":{"background-color":"","background-image":"","background-repeat":"repeat","background-position":"center center","background-size":"auto","background-attachment":"scroll","background-type":"","background-media":"","overlay-type":"","overlay-color":"","overlay-opacity":"","overlay-gradient":""},"mobile":{"background-color":"","background-image":"","background-repeat":"repeat","background-position":"center center","background-size":"auto","background-attachment":"scroll","background-type":"","background-media":"","overlay-type":"","overlay-color":"","overlay-opacity":"","overlay-gradient":""}},"ast-content-background-meta":{"desktop":{"background-color":"var(--ast-global-color-5)","background-image":"","background-repeat":"repeat","background-position":"center center","background-size":"auto","background-attachment":"scroll","background-type":"","background-media":"","overlay-type":"","overlay-color":"","overlay-opacity":"","overlay-gradient":""},"tablet":{"background-color":"var(--ast-global-color-5)","background-image":"","background-repeat":"repeat","background-position":"center center","background-size":"auto","background-attachment":"scroll","background-type":"","background-media":"","overlay-type":"","overlay-color":"","overlay-opacity":"","overlay-gradient":""},"mobile":{"background-color":"var(--ast-global-color-5)","background-image":"","background-repeat":"repeat","background-position":"center center","background-size":"auto","background-attachment":"scroll","background-type":"","background-media":"","overlay-type":"","overlay-color":"","overlay-opacity":"","overlay-gradient":""}},"footnotes":""},"yoast_head":"<!-- This site is optimized with the Yoast SEO plugin v24.2 - https:\/\/yoast.com\/wordpress\/plugins\/seo\/ -->\n<title>Pol\u00edtica de privacidad - Decomant Andorra<\/title>\n<meta name=\"description\" content=\"Consulta la pol\u00edtica de privacidad de Decomant para conocer c\u00f3mo protegemos tus datos personales y cumplimos con la normativa vigente.\" \/>\n<meta name=\"robots\" content=\"index, follow, max-snippet:-1, max-image-preview:large, max-video-preview:-1\" \/>\n<link rel=\"canonical\" href=\"https:\/\/decomantgroup.com\/fr\/politique-de-confidentialite\/\" \/>\n<meta property=\"og:locale\" content=\"fr_FR\" \/>\n<meta property=\"og:type\" content=\"article\" \/>\n<meta property=\"og:title\" content=\"Pol\u00edtica de privacidad - Decomant Andorra\" \/>\n<meta property=\"og:description\" content=\"Consulta la pol\u00edtica de privacidad de Decomant para conocer c\u00f3mo protegemos tus datos personales y cumplimos con la normativa vigente.\" \/>\n<meta property=\"og:url\" content=\"https:\/\/decomantgroup.com\/fr\/politique-de-confidentialite\/\" \/>\n<meta property=\"og:site_name\" content=\"Decomant Andorra\" \/>\n<meta property=\"article:publisher\" content=\"https:\/\/www.facebook.com\/decomantgroup\/\" \/>\n<meta property=\"article:modified_time\" content=\"2025-04-08T07:21:35+00:00\" \/>\n<meta name=\"twitter:card\" content=\"summary_large_image\" \/>\n<meta name=\"twitter:site\" content=\"@DecomantGroup\" \/>\n<meta name=\"twitter:label1\" content=\"Dur\u00e9e de lecture estim\u00e9e\" \/>\n\t<meta name=\"twitter:data1\" content=\"3 minutes\" \/>\n<script type=\"application\/ld+json\" class=\"yoast-schema-graph\">{\"@context\":\"https:\/\/schema.org\",\"@graph\":[{\"@type\":\"WebPage\",\"@id\":\"https:\/\/decomantgroup.com\/politica-de-privacidad\/\",\"url\":\"https:\/\/decomantgroup.com\/politica-de-privacidad\/\",\"name\":\"Pol\u00edtica de privacidad - Decomant Andorra\",\"isPartOf\":{\"@id\":\"https:\/\/decomantgroup.com\/#website\"},\"datePublished\":\"2024-07-24T11:29:06+00:00\",\"dateModified\":\"2025-04-08T07:21:35+00:00\",\"description\":\"Consulta la pol\u00edtica de privacidad de Decomant para conocer c\u00f3mo protegemos tus datos personales y cumplimos con la normativa vigente.\",\"breadcrumb\":{\"@id\":\"https:\/\/decomantgroup.com\/politica-de-privacidad\/#breadcrumb\"},\"inLanguage\":\"fr-FR\",\"potentialAction\":[{\"@type\":\"ReadAction\",\"target\":[\"https:\/\/decomantgroup.com\/politica-de-privacidad\/\"]}]},{\"@type\":\"BreadcrumbList\",\"@id\":\"https:\/\/decomantgroup.com\/politica-de-privacidad\/#breadcrumb\",\"itemListElement\":[{\"@type\":\"ListItem\",\"position\":1,\"name\":\"Portada\",\"item\":\"https:\/\/decomantgroup.com\/\"},{\"@type\":\"ListItem\",\"position\":2,\"name\":\"Pol\u00edtica de privacidad\"}]},{\"@type\":\"WebSite\",\"@id\":\"https:\/\/decomantgroup.com\/#website\",\"url\":\"https:\/\/decomantgroup.com\/\",\"name\":\"https:\/\/decomantgroup.com\/\",\"description\":\"Servicios de mantenimiento para particulares y empresas\",\"publisher\":{\"@id\":\"https:\/\/decomantgroup.com\/#organization\"},\"potentialAction\":[{\"@type\":\"SearchAction\",\"target\":{\"@type\":\"EntryPoint\",\"urlTemplate\":\"https:\/\/decomantgroup.com\/?s={search_term_string}\"},\"query-input\":{\"@type\":\"PropertyValueSpecification\",\"valueRequired\":true,\"valueName\":\"search_term_string\"}}],\"inLanguage\":\"fr-FR\"},{\"@type\":\"Organization\",\"@id\":\"https:\/\/decomantgroup.com\/#organization\",\"name\":\"Decomant Group\",\"url\":\"https:\/\/decomantgroup.com\/\",\"logo\":{\"@type\":\"ImageObject\",\"inLanguage\":\"fr-FR\",\"@id\":\"https:\/\/decomantgroup.com\/#\/schema\/logo\/image\/\",\"url\":\"https:\/\/decomantgroup.com\/wp-content\/uploads\/2024\/08\/Logos-Decomant_Mesa-de-trabajo-1-copia.jpg\",\"contentUrl\":\"https:\/\/decomantgroup.com\/wp-content\/uploads\/2024\/08\/Logos-Decomant_Mesa-de-trabajo-1-copia.jpg\",\"width\":768,\"height\":693,\"caption\":\"Decomant Group\"},\"image\":{\"@id\":\"https:\/\/decomantgroup.com\/#\/schema\/logo\/image\/\"},\"sameAs\":[\"https:\/\/www.facebook.com\/decomantgroup\/\",\"https:\/\/x.com\/DecomantGroup\",\"https:\/\/www.instagram.com\/decomantgroup\/\"]}]}<\/script>\n<!-- \/ Yoast SEO plugin. -->","yoast_head_json":{"title":"Pol\u00edtica de privacidad - Decomant Andorra","description":"Consulta la pol\u00edtica de privacidad de Decomant para conocer c\u00f3mo protegemos tus datos personales y cumplimos con la normativa vigente.","robots":{"index":"index","follow":"follow","max-snippet":"max-snippet:-1","max-image-preview":"max-image-preview:large","max-video-preview":"max-video-preview:-1"},"canonical":"https:\/\/decomantgroup.com\/fr\/politique-de-confidentialite\/","og_locale":"fr_FR","og_type":"article","og_title":"Pol\u00edtica de privacidad - Decomant Andorra","og_description":"Consulta la pol\u00edtica de privacidad de Decomant para conocer c\u00f3mo protegemos tus datos personales y cumplimos con la normativa vigente.","og_url":"https:\/\/decomantgroup.com\/fr\/politique-de-confidentialite\/","og_site_name":"Decomant Andorra","article_publisher":"https:\/\/www.facebook.com\/decomantgroup\/","article_modified_time":"2025-04-08T07:21:35+00:00","twitter_card":"summary_large_image","twitter_site":"@DecomantGroup","twitter_misc":{"Dur\u00e9e de lecture estim\u00e9e":"3 minutes"},"schema":{"@context":"https:\/\/schema.org","@graph":[{"@type":"WebPage","@id":"https:\/\/decomantgroup.com\/politica-de-privacidad\/","url":"https:\/\/decomantgroup.com\/politica-de-privacidad\/","name":"Pol\u00edtica de privacidad - Decomant Andorra","isPartOf":{"@id":"https:\/\/decomantgroup.com\/#website"},"datePublished":"2024-07-24T11:29:06+00:00","dateModified":"2025-04-08T07:21:35+00:00","description":"Consulta la pol\u00edtica de privacidad de Decomant para conocer c\u00f3mo protegemos tus datos personales y cumplimos con la normativa vigente.","breadcrumb":{"@id":"https:\/\/decomantgroup.com\/politica-de-privacidad\/#breadcrumb"},"inLanguage":"fr-FR","potentialAction":[{"@type":"ReadAction","target":["https:\/\/decomantgroup.com\/politica-de-privacidad\/"]}]},{"@type":"BreadcrumbList","@id":"https:\/\/decomantgroup.com\/politica-de-privacidad\/#breadcrumb","itemListElement":[{"@type":"ListItem","position":1,"name":"Portada","item":"https:\/\/decomantgroup.com\/"},{"@type":"ListItem","position":2,"name":"Pol\u00edtica de privacidad"}]},{"@type":"WebSite","@id":"https:\/\/decomantgroup.com\/#website","url":"https:\/\/decomantgroup.com\/","name":"https:\/\/decomantgroup.com\/","description":"Servicios de mantenimiento para particulares y empresas","publisher":{"@id":"https:\/\/decomantgroup.com\/#organization"},"potentialAction":[{"@type":"SearchAction","target":{"@type":"EntryPoint","urlTemplate":"https:\/\/decomantgroup.com\/?s={search_term_string}"},"query-input":{"@type":"PropertyValueSpecification","valueRequired":true,"valueName":"search_term_string"}}],"inLanguage":"fr-FR"},{"@type":"Organization","@id":"https:\/\/decomantgroup.com\/#organization","name":"Decomant Group","url":"https:\/\/decomantgroup.com\/","logo":{"@type":"ImageObject","inLanguage":"fr-FR","@id":"https:\/\/decomantgroup.com\/#\/schema\/logo\/image\/","url":"https:\/\/decomantgroup.com\/wp-content\/uploads\/2024\/08\/Logos-Decomant_Mesa-de-trabajo-1-copia.jpg","contentUrl":"https:\/\/decomantgroup.com\/wp-content\/uploads\/2024\/08\/Logos-Decomant_Mesa-de-trabajo-1-copia.jpg","width":768,"height":693,"caption":"Decomant Group"},"image":{"@id":"https:\/\/decomantgroup.com\/#\/schema\/logo\/image\/"},"sameAs":["https:\/\/www.facebook.com\/decomantgroup\/","https:\/\/x.com\/DecomantGroup","https:\/\/www.instagram.com\/decomantgroup\/"]}]}},"_links":{"self":[{"href":"https:\/\/decomantgroup.com\/fr\/wp-json\/wp\/v2\/pages\/537"}],"collection":[{"href":"https:\/\/decomantgroup.com\/fr\/wp-json\/wp\/v2\/pages"}],"about":[{"href":"https:\/\/decomantgroup.com\/fr\/wp-json\/wp\/v2\/types\/page"}],"author":[{"embeddable":true,"href":"https:\/\/decomantgroup.com\/fr\/wp-json\/wp\/v2\/users\/1"}],"replies":[{"embeddable":true,"href":"https:\/\/decomantgroup.com\/fr\/wp-json\/wp\/v2\/comments?post=537"}],"version-history":[{"count":4,"href":"https:\/\/decomantgroup.com\/fr\/wp-json\/wp\/v2\/pages\/537\/revisions"}],"predecessor-version":[{"id":571,"href":"https:\/\/decomantgroup.com\/fr\/wp-json\/wp\/v2\/pages\/537\/revisions\/571"}],"wp:attachment":[{"href":"https:\/\/decomantgroup.com\/fr\/wp-json\/wp\/v2\/media?parent=537"}],"curies":[{"name":"wp","href":"https:\/\/api.w.org\/{rel}","templated":true}]}}