{"id":539,"date":"2024-07-24T11:30:06","date_gmt":"2024-07-24T11:30:06","guid":{"rendered":"https:\/\/decomantgroup.com\/?page_id=539"},"modified":"2025-04-08T07:24:01","modified_gmt":"2025-04-08T07:24:01","slug":"avis-juridique","status":"publish","type":"page","link":"https:\/\/decomantgroup.com\/fr\/avis-juridique\/","title":{"rendered":"Avis juridique"},"content":{"rendered":"<div data-elementor-type=\"wp-page\" data-elementor-id=\"539\" class=\"elementor elementor-539\" data-elementor-post-type=\"page\">\n\t\t\t\t<div class=\"elementor-element elementor-element-29e1ac41 e-flex e-con-boxed e-con e-parent\" data-id=\"29e1ac41\" data-element_type=\"container\" data-settings=\"{&quot;background_background&quot;:&quot;classic&quot;}\">\n\t\t\t\t\t<div class=\"e-con-inner\">\n\t\t<div class=\"elementor-element elementor-element-24487bce e-flex e-con-boxed e-con e-child\" data-id=\"24487bce\" data-element_type=\"container\">\n\t\t\t\t\t<div class=\"e-con-inner\">\n\t\t\t\t<div class=\"elementor-element elementor-element-78964286 elementor-widget elementor-widget-heading\" data-id=\"78964286\" data-element_type=\"widget\" data-widget_type=\"heading.default\">\n\t\t\t\t<div class=\"elementor-widget-container\">\n\t\t\t\t\t<h1 class=\"elementor-heading-title elementor-size-default\">Avis juridique<\/h1>\t\t\t\t<\/div>\n\t\t\t\t<\/div>\n\t\t\t\t\t<\/div>\n\t\t\t\t<\/div>\n\t\t\t\t\t<\/div>\n\t\t\t\t<\/div>\n\t\t<div class=\"elementor-element elementor-element-3f14f440 e-flex e-con-boxed e-con e-parent\" data-id=\"3f14f440\" data-element_type=\"container\">\n\t\t\t\t\t<div class=\"e-con-inner\">\n\t\t<div class=\"elementor-element elementor-element-4c7e6d8d e-con-full e-flex e-con e-child\" data-id=\"4c7e6d8d\" data-element_type=\"container\">\n\t\t\t\t<div class=\"elementor-element elementor-element-2ca6fe6d elementor-widget elementor-widget-text-editor\" data-id=\"2ca6fe6d\" data-element_type=\"widget\" data-widget_type=\"text-editor.default\">\n\t\t\t\t<div class=\"elementor-widget-container\">\n\t\t\t\t\t\t\t\t\t<p>www.decomantgroup.com est un domaine enregistr\u00e9 et d\u00e9tenu par DECOMANTGROUP (DECOMANT, S.L.).<\/p><p>La marque DECOMANTGROUP et son logo sont des marques d\u00e9pos\u00e9es par l'OEPM et sont la propri\u00e9t\u00e9 de DECOMANTGROUP (DECOMANT, S.L.).<\/p><p>Conform\u00e9ment aux dispositions de la loi organique 15\/99 sur la protection des donn\u00e9es \u00e0 caract\u00e8re personnel, nous vous informons que les donn\u00e9es personnelles que vous nous fournissez seront trait\u00e9es de mani\u00e8re confidentielle et incorpor\u00e9es \u00e0 des fichiers automatis\u00e9s appartenant \u00e0 DECOMANTGROUP (DECOMANT, SL), afin de g\u00e9rer efficacement votre demande et de vous fournir des informations sur les produits et services commercialis\u00e9s par cette entreprise et sur les am\u00e9liorations apport\u00e9es \u00e0 ce site Web.<\/p><p>Sur www.decomantgroup.com, nous avons adopt\u00e9 toutes les mesures n\u00e9cessaires pour garantir une s\u00e9curit\u00e9 et une confidentialit\u00e9 maximales dans le traitement de vos donn\u00e9es personnelles.<\/p><p>Pour naviguer sur www.decomantgroup.com, vous ne devez pas fournir de donn\u00e9es personnelles. Vous pouvez donc effectuer une visite totalement anonyme.<\/p><p>Vous pouvez exercer vos droits d'acc\u00e8s, de rectification, d'opposition et d'annulation de ces donn\u00e9es personnelles en envoyant un courrier \u00e9lectronique \u00e0 info@decomantgroup.com, en indiquant \"Baixa\" dans le champ \"Assumpte\".<\/p><p>Toutes les marques commerciales annonc\u00e9es sur cette page sont d\u00e9pos\u00e9es et utilis\u00e9es au profit de la marque.<\/p><p>Les prix indiqu\u00e9s sur chaque produit\/service peuvent varier sans pr\u00e9avis, veuillez nous informer pour confirmer que les prix sont corrects.<\/p><p><strong>DONN\u00c9ES FINANCI\u00c8RES :<\/strong><\/p><ul><li>DECOMANT, S.L.<\/li><li>Crta d'Arinsal, Z.I. Teixid\u00f3, nau 4, local 2<\/li><li>La Massana - C.P. AD400 (Andorre - Andorre)<\/li><li>C.I.F. : 0000000A<\/li><li>Courriel : info@decomantgroup.com<\/li><li>T\u00e9l. Andorre : 376 738 350 \/ Fax : 376 738 534<\/li><\/ul>\t\t\t\t\t\t\t\t<\/div>\n\t\t\t\t<\/div>\n\t\t\t\t<\/div>\n\t\t\t\t\t<\/div>\n\t\t\t\t<\/div>\n\t\t\t\t<\/div>","protected":false},"excerpt":{"rendered":"<p>Mentions l\u00e9gales www.decomantgroup.com est un domaine enregistr\u00e9 appartenant \u00e0 DECOMANTGROUP (DECOMANT, S.L.). La marque DECOMANTGROUP et ses [...]<\/p>","protected":false},"author":1,"featured_media":0,"parent":0,"menu_order":0,"comment_status":"closed","ping_status":"closed","template":"","meta":{"_monsterinsights_skip_tracking":false,"_monsterinsights_sitenote_active":false,"_monsterinsights_sitenote_note":"","_monsterinsights_sitenote_category":0,"site-sidebar-layout":"no-sidebar","site-content-layout":"","ast-site-content-layout":"full-width-container","site-content-style":"default","site-sidebar-style":"default","ast-global-header-display":"","ast-banner-title-visibility":"","ast-main-header-display":"","ast-hfb-above-header-display":"","ast-hfb-below-header-display":"","ast-hfb-mobile-header-display":"","site-post-title":"disabled","ast-breadcrumbs-content":"","ast-featured-img":"disabled","footer-sml-layout":"","theme-transparent-header-meta":"","adv-header-id-meta":"","stick-header-meta":"","header-above-stick-meta":"","header-main-stick-meta":"","header-below-stick-meta":"","astra-migrate-meta-layouts":"default","ast-page-background-enabled":"default","ast-page-background-meta":{"desktop":{"background-color":"var(--ast-global-color-4)","background-image":"","background-repeat":"repeat","background-position":"center center","background-size":"auto","background-attachment":"scroll","background-type":"","background-media":"","overlay-type":"","overlay-color":"","overlay-opacity":"","overlay-gradient":""},"tablet":{"background-color":"","background-image":"","background-repeat":"repeat","background-position":"center center","background-size":"auto","background-attachment":"scroll","background-type":"","background-media":"","overlay-type":"","overlay-color":"","overlay-opacity":"","overlay-gradient":""},"mobile":{"background-color":"","background-image":"","background-repeat":"repeat","background-position":"center center","background-size":"auto","background-attachment":"scroll","background-type":"","background-media":"","overlay-type":"","overlay-color":"","overlay-opacity":"","overlay-gradient":""}},"ast-content-background-meta":{"desktop":{"background-color":"var(--ast-global-color-5)","background-image":"","background-repeat":"repeat","background-position":"center center","background-size":"auto","background-attachment":"scroll","background-type":"","background-media":"","overlay-type":"","overlay-color":"","overlay-opacity":"","overlay-gradient":""},"tablet":{"background-color":"var(--ast-global-color-5)","background-image":"","background-repeat":"repeat","background-position":"center center","background-size":"auto","background-attachment":"scroll","background-type":"","background-media":"","overlay-type":"","overlay-color":"","overlay-opacity":"","overlay-gradient":""},"mobile":{"background-color":"var(--ast-global-color-5)","background-image":"","background-repeat":"repeat","background-position":"center center","background-size":"auto","background-attachment":"scroll","background-type":"","background-media":"","overlay-type":"","overlay-color":"","overlay-opacity":"","overlay-gradient":""}},"footnotes":""},"yoast_head":"<!-- This site is optimized with the Yoast SEO plugin v24.2 - https:\/\/yoast.com\/wordpress\/plugins\/seo\/ -->\n<title>Aviso legal - Decomant Andorra<\/title>\n<meta name=\"description\" content=\"Consulta el aviso legal para conocer la titularidad del sitio web, las condiciones de uso y las responsabilidades legales aplicables.\" \/>\n<meta name=\"robots\" content=\"index, follow, max-snippet:-1, max-image-preview:large, max-video-preview:-1\" \/>\n<link rel=\"canonical\" href=\"https:\/\/decomantgroup.com\/fr\/avis-juridique\/\" \/>\n<meta property=\"og:locale\" content=\"fr_FR\" \/>\n<meta property=\"og:type\" content=\"article\" \/>\n<meta property=\"og:title\" content=\"Aviso legal - Decomant Andorra\" \/>\n<meta property=\"og:description\" content=\"Consulta el aviso legal para conocer la titularidad del sitio web, las condiciones de uso y las responsabilidades legales aplicables.\" \/>\n<meta property=\"og:url\" content=\"https:\/\/decomantgroup.com\/fr\/avis-juridique\/\" \/>\n<meta property=\"og:site_name\" content=\"Decomant Andorra\" \/>\n<meta property=\"article:publisher\" content=\"https:\/\/www.facebook.com\/decomantgroup\/\" \/>\n<meta property=\"article:modified_time\" content=\"2025-04-08T07:24:01+00:00\" \/>\n<meta name=\"twitter:card\" content=\"summary_large_image\" \/>\n<meta name=\"twitter:site\" content=\"@DecomantGroup\" \/>\n<meta name=\"twitter:label1\" content=\"Dur\u00e9e de lecture estim\u00e9e\" \/>\n\t<meta name=\"twitter:data1\" content=\"2 minutes\" \/>\n<script type=\"application\/ld+json\" class=\"yoast-schema-graph\">{\"@context\":\"https:\/\/schema.org\",\"@graph\":[{\"@type\":\"WebPage\",\"@id\":\"https:\/\/decomantgroup.com\/aviso-legal\/\",\"url\":\"https:\/\/decomantgroup.com\/aviso-legal\/\",\"name\":\"Aviso legal - Decomant Andorra\",\"isPartOf\":{\"@id\":\"https:\/\/decomantgroup.com\/#website\"},\"datePublished\":\"2024-07-24T11:30:06+00:00\",\"dateModified\":\"2025-04-08T07:24:01+00:00\",\"description\":\"Consulta el aviso legal para conocer la titularidad del sitio web, las condiciones de uso y las responsabilidades legales aplicables.\",\"breadcrumb\":{\"@id\":\"https:\/\/decomantgroup.com\/aviso-legal\/#breadcrumb\"},\"inLanguage\":\"fr-FR\",\"potentialAction\":[{\"@type\":\"ReadAction\",\"target\":[\"https:\/\/decomantgroup.com\/aviso-legal\/\"]}]},{\"@type\":\"BreadcrumbList\",\"@id\":\"https:\/\/decomantgroup.com\/aviso-legal\/#breadcrumb\",\"itemListElement\":[{\"@type\":\"ListItem\",\"position\":1,\"name\":\"Portada\",\"item\":\"https:\/\/decomantgroup.com\/\"},{\"@type\":\"ListItem\",\"position\":2,\"name\":\"Aviso legal\"}]},{\"@type\":\"WebSite\",\"@id\":\"https:\/\/decomantgroup.com\/#website\",\"url\":\"https:\/\/decomantgroup.com\/\",\"name\":\"https:\/\/decomantgroup.com\/\",\"description\":\"Servicios de mantenimiento para particulares y empresas\",\"publisher\":{\"@id\":\"https:\/\/decomantgroup.com\/#organization\"},\"potentialAction\":[{\"@type\":\"SearchAction\",\"target\":{\"@type\":\"EntryPoint\",\"urlTemplate\":\"https:\/\/decomantgroup.com\/?s={search_term_string}\"},\"query-input\":{\"@type\":\"PropertyValueSpecification\",\"valueRequired\":true,\"valueName\":\"search_term_string\"}}],\"inLanguage\":\"fr-FR\"},{\"@type\":\"Organization\",\"@id\":\"https:\/\/decomantgroup.com\/#organization\",\"name\":\"Decomant Group\",\"url\":\"https:\/\/decomantgroup.com\/\",\"logo\":{\"@type\":\"ImageObject\",\"inLanguage\":\"fr-FR\",\"@id\":\"https:\/\/decomantgroup.com\/#\/schema\/logo\/image\/\",\"url\":\"https:\/\/decomantgroup.com\/wp-content\/uploads\/2024\/08\/Logos-Decomant_Mesa-de-trabajo-1-copia.jpg\",\"contentUrl\":\"https:\/\/decomantgroup.com\/wp-content\/uploads\/2024\/08\/Logos-Decomant_Mesa-de-trabajo-1-copia.jpg\",\"width\":768,\"height\":693,\"caption\":\"Decomant Group\"},\"image\":{\"@id\":\"https:\/\/decomantgroup.com\/#\/schema\/logo\/image\/\"},\"sameAs\":[\"https:\/\/www.facebook.com\/decomantgroup\/\",\"https:\/\/x.com\/DecomantGroup\",\"https:\/\/www.instagram.com\/decomantgroup\/\"]}]}<\/script>\n<!-- \/ Yoast SEO plugin. -->","yoast_head_json":{"title":"Aviso legal - Decomant Andorra","description":"Consulta el aviso legal para conocer la titularidad del sitio web, las condiciones de uso y las responsabilidades legales aplicables.","robots":{"index":"index","follow":"follow","max-snippet":"max-snippet:-1","max-image-preview":"max-image-preview:large","max-video-preview":"max-video-preview:-1"},"canonical":"https:\/\/decomantgroup.com\/fr\/avis-juridique\/","og_locale":"fr_FR","og_type":"article","og_title":"Aviso legal - Decomant Andorra","og_description":"Consulta el aviso legal para conocer la titularidad del sitio web, las condiciones de uso y las responsabilidades legales aplicables.","og_url":"https:\/\/decomantgroup.com\/fr\/avis-juridique\/","og_site_name":"Decomant Andorra","article_publisher":"https:\/\/www.facebook.com\/decomantgroup\/","article_modified_time":"2025-04-08T07:24:01+00:00","twitter_card":"summary_large_image","twitter_site":"@DecomantGroup","twitter_misc":{"Dur\u00e9e de lecture estim\u00e9e":"2 minutes"},"schema":{"@context":"https:\/\/schema.org","@graph":[{"@type":"WebPage","@id":"https:\/\/decomantgroup.com\/aviso-legal\/","url":"https:\/\/decomantgroup.com\/aviso-legal\/","name":"Aviso legal - Decomant Andorra","isPartOf":{"@id":"https:\/\/decomantgroup.com\/#website"},"datePublished":"2024-07-24T11:30:06+00:00","dateModified":"2025-04-08T07:24:01+00:00","description":"Consulta el aviso legal para conocer la titularidad del sitio web, las condiciones de uso y las responsabilidades legales aplicables.","breadcrumb":{"@id":"https:\/\/decomantgroup.com\/aviso-legal\/#breadcrumb"},"inLanguage":"fr-FR","potentialAction":[{"@type":"ReadAction","target":["https:\/\/decomantgroup.com\/aviso-legal\/"]}]},{"@type":"BreadcrumbList","@id":"https:\/\/decomantgroup.com\/aviso-legal\/#breadcrumb","itemListElement":[{"@type":"ListItem","position":1,"name":"Portada","item":"https:\/\/decomantgroup.com\/"},{"@type":"ListItem","position":2,"name":"Aviso legal"}]},{"@type":"WebSite","@id":"https:\/\/decomantgroup.com\/#website","url":"https:\/\/decomantgroup.com\/","name":"https:\/\/decomantgroup.com\/","description":"Servicios de mantenimiento para particulares y empresas","publisher":{"@id":"https:\/\/decomantgroup.com\/#organization"},"potentialAction":[{"@type":"SearchAction","target":{"@type":"EntryPoint","urlTemplate":"https:\/\/decomantgroup.com\/?s={search_term_string}"},"query-input":{"@type":"PropertyValueSpecification","valueRequired":true,"valueName":"search_term_string"}}],"inLanguage":"fr-FR"},{"@type":"Organization","@id":"https:\/\/decomantgroup.com\/#organization","name":"Decomant Group","url":"https:\/\/decomantgroup.com\/","logo":{"@type":"ImageObject","inLanguage":"fr-FR","@id":"https:\/\/decomantgroup.com\/#\/schema\/logo\/image\/","url":"https:\/\/decomantgroup.com\/wp-content\/uploads\/2024\/08\/Logos-Decomant_Mesa-de-trabajo-1-copia.jpg","contentUrl":"https:\/\/decomantgroup.com\/wp-content\/uploads\/2024\/08\/Logos-Decomant_Mesa-de-trabajo-1-copia.jpg","width":768,"height":693,"caption":"Decomant Group"},"image":{"@id":"https:\/\/decomantgroup.com\/#\/schema\/logo\/image\/"},"sameAs":["https:\/\/www.facebook.com\/decomantgroup\/","https:\/\/x.com\/DecomantGroup","https:\/\/www.instagram.com\/decomantgroup\/"]}]}},"_links":{"self":[{"href":"https:\/\/decomantgroup.com\/fr\/wp-json\/wp\/v2\/pages\/539"}],"collection":[{"href":"https:\/\/decomantgroup.com\/fr\/wp-json\/wp\/v2\/pages"}],"about":[{"href":"https:\/\/decomantgroup.com\/fr\/wp-json\/wp\/v2\/types\/page"}],"author":[{"embeddable":true,"href":"https:\/\/decomantgroup.com\/fr\/wp-json\/wp\/v2\/users\/1"}],"replies":[{"embeddable":true,"href":"https:\/\/decomantgroup.com\/fr\/wp-json\/wp\/v2\/comments?post=539"}],"version-history":[{"count":4,"href":"https:\/\/decomantgroup.com\/fr\/wp-json\/wp\/v2\/pages\/539\/revisions"}],"predecessor-version":[{"id":555,"href":"https:\/\/decomantgroup.com\/fr\/wp-json\/wp\/v2\/pages\/539\/revisions\/555"}],"wp:attachment":[{"href":"https:\/\/decomantgroup.com\/fr\/wp-json\/wp\/v2\/media?parent=539"}],"curies":[{"name":"wp","href":"https:\/\/api.w.org\/{rel}","templated":true}]}}