{"id":541,"date":"2024-07-24T11:30:22","date_gmt":"2024-07-24T11:30:22","guid":{"rendered":"https:\/\/decomantgroup.com\/?page_id=541"},"modified":"2025-06-16T14:53:32","modified_gmt":"2025-06-16T14:53:32","slug":"cookies","status":"publish","type":"page","link":"https:\/\/decomantgroup.com\/fr\/cookies\/","title":{"rendered":"Cookies"},"content":{"rendered":"<div data-elementor-type=\"wp-page\" data-elementor-id=\"541\" class=\"elementor elementor-541\" data-elementor-post-type=\"page\">\n\t\t\t\t<div class=\"elementor-element elementor-element-a12e513 e-flex e-con-boxed e-con e-parent\" data-id=\"a12e513\" data-element_type=\"container\" data-settings=\"{&quot;background_background&quot;:&quot;classic&quot;}\">\n\t\t\t\t\t<div class=\"e-con-inner\">\n\t\t<div class=\"elementor-element elementor-element-cfc4760 e-flex e-con-boxed e-con e-child\" data-id=\"cfc4760\" data-element_type=\"container\">\n\t\t\t\t\t<div class=\"e-con-inner\">\n\t\t\t\t<div class=\"elementor-element elementor-element-7b62c22 elementor-widget elementor-widget-heading\" data-id=\"7b62c22\" data-element_type=\"widget\" data-widget_type=\"heading.default\">\n\t\t\t\t<div class=\"elementor-widget-container\">\n\t\t\t\t\t<h1 class=\"elementor-heading-title elementor-size-default\">Cookies<\/h1>\t\t\t\t<\/div>\n\t\t\t\t<\/div>\n\t\t\t\t\t<\/div>\n\t\t\t\t<\/div>\n\t\t\t\t\t<\/div>\n\t\t\t\t<\/div>\n\t\t<div class=\"elementor-element elementor-element-aee98d2 e-flex e-con-boxed e-con e-parent\" data-id=\"aee98d2\" data-element_type=\"container\">\n\t\t\t\t\t<div class=\"e-con-inner\">\n\t\t<div class=\"elementor-element elementor-element-9dacb4e e-con-full e-flex e-con e-child\" data-id=\"9dacb4e\" data-element_type=\"container\">\n\t\t\t\t<div class=\"elementor-element elementor-element-4b5b38f elementor-widget elementor-widget-text-editor\" data-id=\"4b5b38f\" data-element_type=\"widget\" data-widget_type=\"text-editor.default\">\n\t\t\t\t<div class=\"elementor-widget-container\">\n\t\t\t\t\t\t\t\t\t<p><strong>Qu'est-ce qu'un biscuit ?<\/strong><br \/>En anglais, le terme \"cookie\" signifie biscuit, mais dans le domaine de la navigation sur le web, un \"cookie\" est quelque chose de compl\u00e8tement diff\u00e9rent.<br \/><br \/>Lorsque vous acc\u00e9dez \u00e0 notre site web, un petit texte appel\u00e9 \"cookie\" est stock\u00e9 dans le navigateur de votre appareil. Ce texte contient diverses informations sur vos habitudes de navigation, vos pr\u00e9f\u00e9rences, la personnalisation du contenu, etc...<br \/><br \/>Il existe d'autres technologies qui fonctionnent de mani\u00e8re similaire et qui sont \u00e9galement utilis\u00e9es pour collecter des donn\u00e9es sur votre activit\u00e9 de navigation. Nous appellerons l'ensemble de ces technologies \"cookies\".<br \/><br \/>Les utilisations sp\u00e9cifiques que nous faisons de ces technologies sont d\u00e9crites dans le pr\u00e9sent document.<br \/><br \/><strong>\u00c0 quoi servent les cookies sur ce site web ?<\/strong><br \/>Les cookies sont un \u00e9l\u00e9ment essentiel du fonctionnement de notre site web. L'objectif principal de nos cookies est d'am\u00e9liorer votre exp\u00e9rience de navigation. Par exemple, pour m\u00e9moriser vos pr\u00e9f\u00e9rences (langue, pays, etc.) pendant la navigation et lors de vos prochaines visites. Les informations recueillies dans les cookies nous permettent \u00e9galement d'am\u00e9liorer le site web, de l'adapter \u00e0 vos int\u00e9r\u00eats en tant qu'utilisateur, d'acc\u00e9l\u00e9rer les recherches que vous effectuez, etc...<br \/><br \/>Dans certains cas, si nous avons obtenu votre consentement \u00e9clair\u00e9 pr\u00e9alable, nous pouvons utiliser des cookies \u00e0 d'autres fins, par exemple pour obtenir des informations qui nous permettent de vous pr\u00e9senter des publicit\u00e9s bas\u00e9es sur l'analyse de vos habitudes de navigation.<br \/><br \/><strong>\u00c0 quoi les cookies ne servent-ils PAS sur ce site web ?<\/strong><br \/>Les cookies que nous utilisons ne contiennent aucune information sensible permettant de vous identifier personnellement, telle que votre nom, votre adresse, votre mot de passe, etc.<br \/><br \/><strong>Qui utilise les informations stock\u00e9es dans les cookies ?<\/strong><br \/>Les informations stock\u00e9es dans les cookies de notre site web sont utilis\u00e9es exclusivement par nous, \u00e0 l'exception de celles identifi\u00e9es ci-dessous comme \"cookies de tiers\", qui sont utilis\u00e9es et g\u00e9r\u00e9es par des entit\u00e9s externes qui nous fournissent des services visant \u00e0 am\u00e9liorer l'exp\u00e9rience de l'utilisateur. Par exemple, les statistiques collect\u00e9es sur le nombre de visites, les contenus les plus appr\u00e9ci\u00e9s, etc.<br \/><br \/>Les cookies tiers sont \u00e9galement souvent utilis\u00e9s pour s\u00e9curiser les transactions de paiement effectu\u00e9es sur le site web.<br \/><br \/><strong>Comment puis-je emp\u00eacher l'utilisation de cookies sur ce site web ?<\/strong><br \/>Si vous pr\u00e9f\u00e9rez \u00e9viter l'utilisation de cookies, vous pouvez REFUSER leur utilisation ou CONFIGURER ceux que vous voulez \u00e9viter et ceux que vous autorisez \u00e0 utiliser (dans notre centre de contr\u00f4le des cookies, en acc\u00e9dant au bouton CONFIGURATION, situ\u00e9 au d\u00e9but ou \u00e0 la fin de cette fen\u00eatre, nous fournissons plus d'informations sur chaque type de cookie, sa finalit\u00e9, son destinataire, sa temporalit\u00e9, etc...).<br \/><br \/>Si vous les avez accept\u00e9s, nous ne vous le redemanderons pas, \u00e0 moins que vous ne supprimiez les cookies sur votre appareil comme d\u00e9crit dans la section suivante.<br \/><br \/>Si vous souhaitez r\u00e9voquer votre consentement, vous devrez supprimer vos cookies et les r\u00e9initialiser.<br \/><br \/><strong>Comment puis-je d\u00e9sactiver et supprimer l'utilisation de cookies ?<\/strong><br \/>Vous pouvez \u00e0 tout moment restreindre, bloquer ou supprimer les cookies de ce site web (et ceux utilis\u00e9s par des tiers) :<br \/><br \/>- Par le biais de notre centre de contr\u00f4le des cookies, en cliquant sur le bouton CONFIGURATION, situ\u00e9 au d\u00e9but ou \u00e0 la fin de cette fen\u00eatre.<br \/><br \/>- Modifier la configuration de votre navigateur. Sachez que cette configuration est diff\u00e9rente dans chaque navigateur, bien qu'il soit habituel de trouver la configuration des cookies dans le menu \"Pr\u00e9f\u00e9rences\" \"Outils\" \"Options\" et ensuite dans \"Confidentialit\u00e9 et s\u00e9curit\u00e9\" ou dans \"supprimer les donn\u00e9es de navigation\", etc...<br \/><br \/>Pour plus de d\u00e9tails sur la configuration des cookies dans chaque navigateur, vous pouvez consulter le menu \"Aide\" de votre navigateur.<br \/><br \/><strong>Quels sont les types de cookies utilis\u00e9s sur ce site web ?<\/strong><br \/>Chaque site web utilise ses propres cookies. Sur notre site web, nous utilisons les cookies \u00e9num\u00e9r\u00e9s ci-dessous.<br \/>suite :<br \/><br \/><strong>SELON L'ENTIT\u00c9 QUI LE G\u00c8RE<\/strong><br \/><strong>- Les propres biscuits :<\/strong><br \/>Ce sont celles qui sont envoy\u00e9es \u00e0 l'\u00e9quipement terminal de l'utilisateur \u00e0 partir d'un ordinateur ou d'un domaine g\u00e9r\u00e9 par l'\u00e9diteur lui-m\u00eame et \u00e0 partir duquel le service demand\u00e9 par l'utilisateur est fourni.<br \/><br \/><strong>- Cookies de tiers :<\/strong><br \/>Les cookies sont ceux qui sont envoy\u00e9s \u00e0 l'\u00e9quipement terminal de l'utilisateur \u00e0 partir d'un ordinateur ou d'un domaine qui n'est pas g\u00e9r\u00e9 par l'\u00e9diteur, mais par une autre entit\u00e9 qui traite les donn\u00e9es obtenues par le biais des cookies.<br \/><br \/>Si les cookies sont utilis\u00e9s \u00e0 partir d'un ordinateur ou d'un domaine g\u00e9r\u00e9 par l'\u00e9diteur lui-m\u00eame, mais que les informations collect\u00e9es par ce biais sont g\u00e9r\u00e9es par un tiers, ils ne peuvent pas \u00eatre consid\u00e9r\u00e9s comme des cookies propres si le tiers les utilise \u00e0 ses propres fins (par exemple, pour am\u00e9liorer les services qu'il fournit ou pour fournir des services de publicit\u00e9 \u00e0 d'autres entit\u00e9s).<br \/><br \/><strong>CONFORM\u00c9MENT \u00c0 LEUR OBJECTIF<\/strong><br \/><strong>- Cookies techniques ou n\u00e9cessaires :<\/strong><br \/>Il s'agit de ceux n\u00e9cessaires \u00e0 la navigation et au bon fonctionnement de notre site web, comme, par exemple, le contr\u00f4le du trafic et de la communication des donn\u00e9es, l'identification de la session, l'acc\u00e8s aux parties \u00e0 acc\u00e8s restreint, la m\u00e9morisation des \u00e9l\u00e9ments constitutifs d'une commande, l'ex\u00e9cution du processus d'achat d'une commande, la gestion du paiement, le contr\u00f4le des fraudes li\u00e9es \u00e0 la s\u00e9curit\u00e9 du service, la r\u00e9alisation de la demande d'inscription ou de participation \u00e0 un \u00e9v\u00e9nement, comptabiliser les visites \u00e0 des fins de facturation des licences des logiciels avec lesquels le service (site web, plateforme ou application) fonctionne, utiliser des \u00e9l\u00e9ments de s\u00e9curit\u00e9 lors de la navigation, stocker des contenus pour la diffusion de vid\u00e9os ou de sons, permettre des contenus dynamiques (par exemple, animation de chargement de texte ou d'image) ou partager des contenus via les r\u00e9seaux sociaux.<br \/><br \/><strong>- Cookies d'analyse ou statistiques :<\/strong><br \/>Ils permettent de quantifier le nombre d'utilisateurs et donc de proc\u00e9der \u00e0 la mesure et \u00e0 l'analyse statistique de la consommation d'\u00e9nergie.<br \/>l'utilisation faite par les utilisateurs du service propos\u00e9. Pour ce faire, votre navigation sur notre site est analys\u00e9e afin d'am\u00e9liorer la gamme de produits ou de services que nous vous proposons.<br \/><br \/><strong>- Cookies de pr\u00e9f\u00e9rence ou de personnalisation :<\/strong><br \/>Il s'agit de ceux qui permettent de m\u00e9moriser des informations afin que l'utilisateur puisse acc\u00e9der au service avec certaines caract\u00e9ristiques qui peuvent diff\u00e9rencier son exp\u00e9rience de celle d'autres utilisateurs, comme, par exemple, la langue, le nombre de r\u00e9sultats \u00e0 afficher lorsque l'utilisateur effectue une recherche, l'apparence ou le contenu du service en fonction du type de navigateur par lequel l'utilisateur acc\u00e8de au service ou de la r\u00e9gion \u00e0 partir de laquelle il acc\u00e8de au service, etc.<br \/><br \/><strong>- Publicit\u00e9 ou marketing comportemental :<\/strong><br \/>Il s'agit de ceux qui, trait\u00e9s par nous ou par des tiers, nous permettent d'analyser vos habitudes de navigation sur Internet afin de vous pr\u00e9senter des publicit\u00e9s en rapport avec votre profil de navigation.<br \/><br \/><strong>EN FONCTION DE LEUR DUR\u00c9E D'ACTIVIT\u00c9<\/strong><br \/><strong>- Cookies de session :<\/strong><br \/>Ils sont con\u00e7us pour collecter et stocker des donn\u00e9es pendant que l'utilisateur acc\u00e8de \u00e0 une page web.<br \/><br \/>Ils sont g\u00e9n\u00e9ralement utilis\u00e9s pour stocker des informations qui ne sont pertinentes que pour la fourniture du service demand\u00e9 par l'utilisateur \u00e0 une occasion unique (par exemple, une liste de produits achet\u00e9s) et disparaissent \u00e0 la fin de la session.<br \/><br \/><strong>- Cookies persistants :<\/strong><br \/>Il s'agit de cookies dans lesquels les donn\u00e9es restent stock\u00e9es dans le terminal et peuvent \u00eatre consult\u00e9es et trait\u00e9es pendant une p\u00e9riode d\u00e9finie par le propri\u00e9taire du cookie, allant de quelques minutes \u00e0 plusieurs ann\u00e9es. \u00c0 cet \u00e9gard, il convient d'\u00e9valuer sp\u00e9cifiquement si l'utilisation de cookies persistants est n\u00e9cessaire, \u00e9tant donn\u00e9 que les risques pour la vie priv\u00e9e pourraient \u00eatre r\u00e9duits par l'utilisation de cookies de session.<br \/><br \/>En tout \u00e9tat de cause, lorsque des cookies persistants sont install\u00e9s, il est recommand\u00e9 de r\u00e9duire leur dur\u00e9e temporaire au minimum n\u00e9cessaire, en tenant compte de la finalit\u00e9 de leur utilisation. \u00c0 cette fin, l'avis 4\/2012 du GT29 a indiqu\u00e9 que pour qu'un cookie soit exempt\u00e9 de l'obligation de consentement \u00e9clair\u00e9, son expiration doit \u00eatre li\u00e9e \u00e0 sa finalit\u00e9. Par cons\u00e9quent, les cookies de session sont beaucoup plus susceptibles d'\u00eatre exempt\u00e9s que les cookies persistants.<\/p>\t\t\t\t\t\t\t\t<\/div>\n\t\t\t\t<\/div>\n\t\t\t\t<\/div>\n\t\t\t\t\t<\/div>\n\t\t\t\t<\/div>\n\t\t\t\t<\/div>","protected":false},"excerpt":{"rendered":"<p>Les cookies Qu'est-ce que les cookies ? En anglais, le terme \"cookie\" signifie biscuit, mais dans le domaine de la navigation sur Internet, un \"cookie\" est un [...]<\/p>","protected":false},"author":1,"featured_media":0,"parent":0,"menu_order":0,"comment_status":"closed","ping_status":"closed","template":"","meta":{"_monsterinsights_skip_tracking":false,"_monsterinsights_sitenote_active":false,"_monsterinsights_sitenote_note":"","_monsterinsights_sitenote_category":0,"site-sidebar-layout":"no-sidebar","site-content-layout":"","ast-site-content-layout":"full-width-container","site-content-style":"default","site-sidebar-style":"default","ast-global-header-display":"","ast-banner-title-visibility":"","ast-main-header-display":"","ast-hfb-above-header-display":"","ast-hfb-below-header-display":"","ast-hfb-mobile-header-display":"","site-post-title":"disabled","ast-breadcrumbs-content":"","ast-featured-img":"disabled","footer-sml-layout":"","theme-transparent-header-meta":"","adv-header-id-meta":"","stick-header-meta":"","header-above-stick-meta":"","header-main-stick-meta":"","header-below-stick-meta":"","astra-migrate-meta-layouts":"default","ast-page-background-enabled":"default","ast-page-background-meta":{"desktop":{"background-color":"var(--ast-global-color-4)","background-image":"","background-repeat":"repeat","background-position":"center center","background-size":"auto","background-attachment":"scroll","background-type":"","background-media":"","overlay-type":"","overlay-color":"","overlay-opacity":"","overlay-gradient":""},"tablet":{"background-color":"","background-image":"","background-repeat":"repeat","background-position":"center center","background-size":"auto","background-attachment":"scroll","background-type":"","background-media":"","overlay-type":"","overlay-color":"","overlay-opacity":"","overlay-gradient":""},"mobile":{"background-color":"","background-image":"","background-repeat":"repeat","background-position":"center center","background-size":"auto","background-attachment":"scroll","background-type":"","background-media":"","overlay-type":"","overlay-color":"","overlay-opacity":"","overlay-gradient":""}},"ast-content-background-meta":{"desktop":{"background-color":"var(--ast-global-color-5)","background-image":"","background-repeat":"repeat","background-position":"center center","background-size":"auto","background-attachment":"scroll","background-type":"","background-media":"","overlay-type":"","overlay-color":"","overlay-opacity":"","overlay-gradient":""},"tablet":{"background-color":"var(--ast-global-color-5)","background-image":"","background-repeat":"repeat","background-position":"center center","background-size":"auto","background-attachment":"scroll","background-type":"","background-media":"","overlay-type":"","overlay-color":"","overlay-opacity":"","overlay-gradient":""},"mobile":{"background-color":"var(--ast-global-color-5)","background-image":"","background-repeat":"repeat","background-position":"center center","background-size":"auto","background-attachment":"scroll","background-type":"","background-media":"","overlay-type":"","overlay-color":"","overlay-opacity":"","overlay-gradient":""}},"footnotes":""},"yoast_head":"<!-- This site is optimized with the Yoast SEO plugin v24.2 - https:\/\/yoast.com\/wordpress\/plugins\/seo\/ -->\n<title>Cookies - Decomant Andorra<\/title>\n<meta name=\"description\" content=\"Inf\u00f3rmate sobre el uso de cookies en el sitio web, su finalidad, tipos utilizados y c\u00f3mo puedes gestionar tus preferencias de navegaci\u00f3n.\" \/>\n<meta name=\"robots\" content=\"noindex, follow\" \/>\n<meta property=\"og:locale\" content=\"fr_FR\" \/>\n<meta property=\"og:type\" content=\"article\" \/>\n<meta property=\"og:title\" content=\"Cookies - Decomant Andorra\" \/>\n<meta property=\"og:description\" content=\"Inf\u00f3rmate sobre el uso de cookies en el sitio web, su finalidad, tipos utilizados y c\u00f3mo puedes gestionar tus preferencias de navegaci\u00f3n.\" \/>\n<meta property=\"og:url\" content=\"https:\/\/decomantgroup.com\/fr\/cookies\/\" \/>\n<meta property=\"og:site_name\" content=\"Decomant Andorra\" \/>\n<meta property=\"article:publisher\" content=\"https:\/\/www.facebook.com\/decomantgroup\/\" \/>\n<meta property=\"article:modified_time\" content=\"2025-06-16T14:53:32+00:00\" \/>\n<meta name=\"twitter:card\" content=\"summary_large_image\" \/>\n<meta name=\"twitter:site\" content=\"@DecomantGroup\" \/>\n<meta name=\"twitter:label1\" content=\"Dur\u00e9e de lecture estim\u00e9e\" \/>\n\t<meta name=\"twitter:data1\" content=\"6 minutes\" \/>\n<script type=\"application\/ld+json\" class=\"yoast-schema-graph\">{\"@context\":\"https:\/\/schema.org\",\"@graph\":[{\"@type\":\"WebPage\",\"@id\":\"https:\/\/decomantgroup.com\/cookies\/\",\"url\":\"https:\/\/decomantgroup.com\/cookies\/\",\"name\":\"Cookies - Decomant Andorra\",\"isPartOf\":{\"@id\":\"https:\/\/decomantgroup.com\/#website\"},\"datePublished\":\"2024-07-24T11:30:22+00:00\",\"dateModified\":\"2025-06-16T14:53:32+00:00\",\"description\":\"Inf\u00f3rmate sobre el uso de cookies en el sitio web, su finalidad, tipos utilizados y c\u00f3mo puedes gestionar tus preferencias de navegaci\u00f3n.\",\"breadcrumb\":{\"@id\":\"https:\/\/decomantgroup.com\/cookies\/#breadcrumb\"},\"inLanguage\":\"fr-FR\",\"potentialAction\":[{\"@type\":\"ReadAction\",\"target\":[\"https:\/\/decomantgroup.com\/cookies\/\"]}]},{\"@type\":\"BreadcrumbList\",\"@id\":\"https:\/\/decomantgroup.com\/cookies\/#breadcrumb\",\"itemListElement\":[{\"@type\":\"ListItem\",\"position\":1,\"name\":\"Portada\",\"item\":\"https:\/\/decomantgroup.com\/\"},{\"@type\":\"ListItem\",\"position\":2,\"name\":\"Cookies\"}]},{\"@type\":\"WebSite\",\"@id\":\"https:\/\/decomantgroup.com\/#website\",\"url\":\"https:\/\/decomantgroup.com\/\",\"name\":\"https:\/\/decomantgroup.com\/\",\"description\":\"Servicios de mantenimiento para particulares y empresas\",\"publisher\":{\"@id\":\"https:\/\/decomantgroup.com\/#organization\"},\"potentialAction\":[{\"@type\":\"SearchAction\",\"target\":{\"@type\":\"EntryPoint\",\"urlTemplate\":\"https:\/\/decomantgroup.com\/?s={search_term_string}\"},\"query-input\":{\"@type\":\"PropertyValueSpecification\",\"valueRequired\":true,\"valueName\":\"search_term_string\"}}],\"inLanguage\":\"fr-FR\"},{\"@type\":\"Organization\",\"@id\":\"https:\/\/decomantgroup.com\/#organization\",\"name\":\"Decomant Group\",\"url\":\"https:\/\/decomantgroup.com\/\",\"logo\":{\"@type\":\"ImageObject\",\"inLanguage\":\"fr-FR\",\"@id\":\"https:\/\/decomantgroup.com\/#\/schema\/logo\/image\/\",\"url\":\"https:\/\/decomantgroup.com\/wp-content\/uploads\/2024\/08\/Logos-Decomant_Mesa-de-trabajo-1-copia.jpg\",\"contentUrl\":\"https:\/\/decomantgroup.com\/wp-content\/uploads\/2024\/08\/Logos-Decomant_Mesa-de-trabajo-1-copia.jpg\",\"width\":768,\"height\":693,\"caption\":\"Decomant Group\"},\"image\":{\"@id\":\"https:\/\/decomantgroup.com\/#\/schema\/logo\/image\/\"},\"sameAs\":[\"https:\/\/www.facebook.com\/decomantgroup\/\",\"https:\/\/x.com\/DecomantGroup\",\"https:\/\/www.instagram.com\/decomantgroup\/\"]}]}<\/script>\n<!-- \/ Yoast SEO plugin. -->","yoast_head_json":{"title":"Cookies - Decomant Andorra","description":"Inf\u00f3rmate sobre el uso de cookies en el sitio web, su finalidad, tipos utilizados y c\u00f3mo puedes gestionar tus preferencias de navegaci\u00f3n.","robots":{"index":"noindex","follow":"follow"},"og_locale":"fr_FR","og_type":"article","og_title":"Cookies - Decomant Andorra","og_description":"Inf\u00f3rmate sobre el uso de cookies en el sitio web, su finalidad, tipos utilizados y c\u00f3mo puedes gestionar tus preferencias de navegaci\u00f3n.","og_url":"https:\/\/decomantgroup.com\/fr\/cookies\/","og_site_name":"Decomant Andorra","article_publisher":"https:\/\/www.facebook.com\/decomantgroup\/","article_modified_time":"2025-06-16T14:53:32+00:00","twitter_card":"summary_large_image","twitter_site":"@DecomantGroup","twitter_misc":{"Dur\u00e9e de lecture estim\u00e9e":"6 minutes"},"schema":{"@context":"https:\/\/schema.org","@graph":[{"@type":"WebPage","@id":"https:\/\/decomantgroup.com\/cookies\/","url":"https:\/\/decomantgroup.com\/cookies\/","name":"Cookies - Decomant Andorra","isPartOf":{"@id":"https:\/\/decomantgroup.com\/#website"},"datePublished":"2024-07-24T11:30:22+00:00","dateModified":"2025-06-16T14:53:32+00:00","description":"Inf\u00f3rmate sobre el uso de cookies en el sitio web, su finalidad, tipos utilizados y c\u00f3mo puedes gestionar tus preferencias de navegaci\u00f3n.","breadcrumb":{"@id":"https:\/\/decomantgroup.com\/cookies\/#breadcrumb"},"inLanguage":"fr-FR","potentialAction":[{"@type":"ReadAction","target":["https:\/\/decomantgroup.com\/cookies\/"]}]},{"@type":"BreadcrumbList","@id":"https:\/\/decomantgroup.com\/cookies\/#breadcrumb","itemListElement":[{"@type":"ListItem","position":1,"name":"Portada","item":"https:\/\/decomantgroup.com\/"},{"@type":"ListItem","position":2,"name":"Cookies"}]},{"@type":"WebSite","@id":"https:\/\/decomantgroup.com\/#website","url":"https:\/\/decomantgroup.com\/","name":"https:\/\/decomantgroup.com\/","description":"Servicios de mantenimiento para particulares y empresas","publisher":{"@id":"https:\/\/decomantgroup.com\/#organization"},"potentialAction":[{"@type":"SearchAction","target":{"@type":"EntryPoint","urlTemplate":"https:\/\/decomantgroup.com\/?s={search_term_string}"},"query-input":{"@type":"PropertyValueSpecification","valueRequired":true,"valueName":"search_term_string"}}],"inLanguage":"fr-FR"},{"@type":"Organization","@id":"https:\/\/decomantgroup.com\/#organization","name":"Decomant Group","url":"https:\/\/decomantgroup.com\/","logo":{"@type":"ImageObject","inLanguage":"fr-FR","@id":"https:\/\/decomantgroup.com\/#\/schema\/logo\/image\/","url":"https:\/\/decomantgroup.com\/wp-content\/uploads\/2024\/08\/Logos-Decomant_Mesa-de-trabajo-1-copia.jpg","contentUrl":"https:\/\/decomantgroup.com\/wp-content\/uploads\/2024\/08\/Logos-Decomant_Mesa-de-trabajo-1-copia.jpg","width":768,"height":693,"caption":"Decomant Group"},"image":{"@id":"https:\/\/decomantgroup.com\/#\/schema\/logo\/image\/"},"sameAs":["https:\/\/www.facebook.com\/decomantgroup\/","https:\/\/x.com\/DecomantGroup","https:\/\/www.instagram.com\/decomantgroup\/"]}]}},"_links":{"self":[{"href":"https:\/\/decomantgroup.com\/fr\/wp-json\/wp\/v2\/pages\/541"}],"collection":[{"href":"https:\/\/decomantgroup.com\/fr\/wp-json\/wp\/v2\/pages"}],"about":[{"href":"https:\/\/decomantgroup.com\/fr\/wp-json\/wp\/v2\/types\/page"}],"author":[{"embeddable":true,"href":"https:\/\/decomantgroup.com\/fr\/wp-json\/wp\/v2\/users\/1"}],"replies":[{"embeddable":true,"href":"https:\/\/decomantgroup.com\/fr\/wp-json\/wp\/v2\/comments?post=541"}],"version-history":[{"count":4,"href":"https:\/\/decomantgroup.com\/fr\/wp-json\/wp\/v2\/pages\/541\/revisions"}],"predecessor-version":[{"id":565,"href":"https:\/\/decomantgroup.com\/fr\/wp-json\/wp\/v2\/pages\/541\/revisions\/565"}],"wp:attachment":[{"href":"https:\/\/decomantgroup.com\/fr\/wp-json\/wp\/v2\/media?parent=541"}],"curies":[{"name":"wp","href":"https:\/\/api.w.org\/{rel}","templated":true}]}}